{"id":60,"date":"2019-04-06T07:39:12","date_gmt":"2019-04-06T07:39:12","guid":{"rendered":"http:\/\/career-academy.eu\/?page_id=60"},"modified":"2020-01-30T18:02:57","modified_gmt":"2020-01-30T18:02:57","slug":"partners","status":"publish","type":"page","link":"https:\/\/career-academy.eu\/tr\/partners\/","title":{"rendered":"PARTNERS"},"content":{"rendered":"<p>[et_pb_section bb_built=&#8221;1&#8243; admin_label=&#8221;Hero Section&#8221; next_background_color=&#8221;#ffffff&#8221; _builder_version=&#8221;3.0.91&#8243; use_background_color_gradient=&#8221;on&#8221; background_color_gradient_start=&#8221;rgba(0,0,0,0.4)&#8221; background_color_gradient_end=&#8221;rgba(0,0,0,0.4)&#8221; background_color_gradient_overlays_image=&#8221;on&#8221; background_image=&#8221;http:\/\/career-academy.eu\/wp-content\/uploads\/2019\/04\/writer-02.jpg&#8221; background_position=&#8221;center_right&#8221; custom_padding=&#8221;6%||13.2%||false|false&#8221; bottom_divider_style=&#8221;slant&#8221; bottom_divider_height=&#8221;60px&#8221; background_color_gradient_direction__hover=&#8221;180deg&#8221; background_color_gradient_direction__hover_enabled=&#8221;180deg&#8221; background_color_gradient_start_position__hover=&#8221;0%&#8221; background_color_gradient_start_position__hover_enabled=&#8221;0%&#8221; background_color_gradient_end_position__hover=&#8221;100%&#8221; background_color_gradient_end_position__hover_enabled=&#8221;100%&#8221;][et_pb_row admin_label=&#8221;Page Title Area&#8221; _builder_version=&#8221;3.0.89&#8243;][et_pb_column type=&#8221;4_4&#8243;][et_pb_text admin_label=&#8221;Hero Section Title&#8221; _builder_version=&#8221;3.21.4&#8243; text_font=&#8221;Montserrat||||||||&#8221; text_font_size=&#8221;18px&#8221; text_line_height=&#8221;1.8em&#8221; header_font=&#8221;Montserrat|600||on|||||&#8221; header_font_size=&#8221;48px&#8221; header_font_size_phone=&#8221;28px&#8221; header_font_size_last_edited=&#8221;on|phone&#8221; header_letter_spacing=&#8221;3px&#8221; header_line_height=&#8221;1.3em&#8221; header_2_font=&#8221;Montserrat|700|||||||&#8221; header_2_text_color=&#8221;rgba(255,255,255,0.6)&#8221; header_2_font_size=&#8221;90px&#8221; header_2_font_size_phone=&#8221;50px&#8221; header_2_font_size_last_edited=&#8221;on|phone&#8221; header_2_letter_spacing=&#8221;3px&#8221; header_2_line_height=&#8221;1.1em&#8221; text_orientation=&#8221;center&#8221; background_layout=&#8221;dark&#8221; max_width=&#8221;700px&#8221; module_alignment=&#8221;center&#8221; custom_margin=&#8221;|||&#8221; animation_style=&#8221;fade&#8221; animation_direction=&#8221;bottom&#8221; z_index_tablet=&#8221;500&#8243;]<\/p>\n<h1>ORTAKLAR<\/h1>\n<p>&nbsp;<\/p>\n<p>[\/et_pb_text][\/et_pb_column][\/et_pb_row][\/et_pb_section][et_pb_section bb_built=&#8221;1&#8243; admin_label=&#8221;About Section&#8221; _builder_version=&#8221;3.21.4&#8243; background_color=&#8221;#ffffff&#8221; custom_padding=&#8221;7px||9px||false|false&#8221; prev_background_color=&#8221;#000000&#8243; next_background_color=&#8221;#000000&#8243;][\/et_pb_section][et_pb_section bb_built=&#8221;1&#8243; admin_label=&#8221;About Me Section&#8221; _builder_version=&#8221;3.0.89&#8243; custom_padding=&#8221;8px||5px||false|false&#8221; prev_background_color=&#8221;#000000&#8243; next_background_color=&#8221;#000000&#8243;][et_pb_row admin_label=&#8221;About Me Area&#8221; custom_padding=&#8221;13px|0px|27px|0|false|false&#8221; _builder_version=&#8221;3.0.89&#8243;][et_pb_column type=&#8221;1_2&#8243;][et_pb_text admin_label=&#8221;Title&#8221; _builder_version=&#8221;3.21.4&#8243; header_2_font=&#8221;Montserrat|600||on|||||&#8221; header_2_text_align=&#8221;center&#8221; header_2_font_size=&#8221;30px&#8221; custom_margin=&#8221;||5px|&#8221; animation_style=&#8221;slide&#8221; animation_direction=&#8221;top&#8221; animation_intensity_slide=&#8221;20%&#8221; animation_starting_opacity=&#8221;100%&#8221; z_index_tablet=&#8221;500&#8243;]<\/p>\n<h2>Spoleczna Akademia Nauk-SAN (SOSYAL B\u0130L\u0130MLER \u00dcN\u0130VERS\u0130TES\u0130)<\/h2>\n<p>[\/et_pb_text][et_pb_text _builder_version=&#8221;3.21.4&#8243; text_font_size=&#8221;16px&#8221; text_line_height=&#8221;1.8em&#8221; max_width=&#8221;90%&#8221; custom_margin=&#8221;|||&#8221; animation_style=&#8221;flip&#8221; animation_direction=&#8221;left&#8221; animation_intensity_flip=&#8221;30%&#8221; animation_starting_opacity=&#8221;100%&#8221; z_index_tablet=&#8221;500&#8243;]<\/p>\n<p><span lang=\"EN-GB\"><b>SAN<\/b> 25 y\u0131l\u0131 a\u015fk\u0131n tecr\u00fcbesi ile Polonya&#8217;n\u0131n en deneyimli ve en b\u00fcy\u00fck \u00f6zel \u00fcniversitelerinden biridir. Polonya&#8217;n\u0131n b\u00fcy\u00fck \u015fehirlerinde ve Londra&#8217;daki \u015fube kamp\u00fcs\u00fcnde lisans, y\u00fcksek lisans, MBA ve doktora seviyelerinde e\u011fitim vermektedir. Clark \u00dcniversitesi (ABD) ile Amerikan Y\u00fcksek Lisans program\u0131 f\u0131rsat\u0131 da sunmaktad\u0131r. Kabul g\u00f6ren ulusal dergiler taraf\u0131ndan yay\u0131nlanan e\u011fitim s\u0131ralamas\u0131nda SAN \u00dcniversitesi \u00e7ok \u00fcst s\u0131ralarda yer almaktad\u0131r. K\u00fclt\u00fcr \u00c7al\u0131\u015fmalar\u0131, E\u011fitim Bilimleri, Psikoloji ve Sosyoloji dahil olmak \u00fczere 25 b\u00f6l\u00fcm\u00fcn t\u00fcm birilimiyle \u00fcniversite bu projeye katk\u0131da bulunacakt\u0131r.<\/span><\/p>\n<p><span lang=\"EN-GB\">SAN, d\u00fcnyan\u0131n her yerinden \u00f6\u011frencilere y\u00fcksek kaliteli e\u011fitim sunmaktad\u0131r. Ayn\u0131 zamanda MBA ve doktora \u00e7al\u0131\u015fmalar\u0131n\u0131 ve Clark \u00dcniversitesi ile i\u015fbirli\u011fi i\u00e7inde benzersiz bir Amerikan Y\u00fcksek Lisans derecesi program\u0131 imkan\u0131 da sunmaktad\u0131tr. Amac\u0131m\u0131z, \u00f6\u011frencileri ve mezunlar\u0131, yerel ve uluslararas\u0131 d\u00fczeyde, 21. y\u00fczy\u0131l\u0131n i\u015fg\u00fcc\u00fc piyasas\u0131nda ihtiya\u00e7 duyulan uzmanl\u0131k bilgisi ve pratik becerilerle donatmakt\u0131r. \u00d6\u011frencilerin entelekt\u00fcel ve ki\u015fisel geli\u015fimi, \u00e7ok \u00e7e\u015fitli e\u011fitim programlar\u0131 ve ders d\u0131\u015f\u0131 aktivitelerle art\u0131r\u0131lmaktad\u0131r. \u00d6\u011frencilerin entellekt\u00fcel olarak geli\u015fmeleri ve olgunla\u015fmalar\u0131nda de\u011ferlerin geli\u015fimi, ba\u011f\u0131ms\u0131zl\u0131\u011f\u0131n geli\u015ftirilmesi ve farkl\u0131 bak\u0131\u015f a\u00e7\u0131lar\u0131n\u0131n takdir edilmesi gerekti\u011fine inan\u0131yoruz. \u00dcniversite, d\u00fcnyan\u0131n d\u00f6rt bir yan\u0131ndan de\u011ferli \u00f6\u011frencileri ve fak\u00fclteleri \u00e7eken ulusal ve uluslararas\u0131 bir karaktere sahiptir.<\/span><\/p>\n<p>[\/et_pb_text][et_pb_blurb title=&#8221;Spoleczna Akademia Nauk&#8221; icon_placement=&#8221;left&#8221; _builder_version=&#8221;3.21.4&#8243; header_font=&#8221;Montserrat|600|||||||&#8221; header_font_size=&#8221;20px&#8221; body_font_size=&#8221;16px&#8221; body_line_height=&#8221;1.8em&#8221; animation_style=&#8221;fold&#8221; animation_direction=&#8221;bottom&#8221; animation_intensity_fold=&#8221;20%&#8221; animation_starting_opacity=&#8221;100%&#8221; z_index_tablet=&#8221;500&#8243;]<\/p>\n<p><strong>(Polonya) <\/strong><strong><a href=\"http:\/\/www.swspiz.pl\">www.swspiz.pl<\/a><\/strong><\/p>\n<p>&nbsp;<\/p>\n<p>&nbsp;<\/p>\n<p>[\/et_pb_blurb][et_pb_text admin_label=&#8221;Title&#8221; _builder_version=&#8221;3.21.4&#8243; header_2_font=&#8221;Montserrat|600||on|||||&#8221; header_2_text_align=&#8221;center&#8221; header_2_font_size=&#8221;30px&#8221; custom_margin=&#8221;||5px|&#8221; animation_style=&#8221;slide&#8221; animation_direction=&#8221;top&#8221; animation_intensity_slide=&#8221;20%&#8221; animation_starting_opacity=&#8221;100%&#8221; z_index_tablet=&#8221;500&#8243;]<\/p>\n<h2><span lang=\"EN-GB\">ALANYA ALAADDIN KEYKUBAT \u00dcN\u0130VERS\u0130TES\u0130 (ALKU)<\/span><\/h2>\n<p>[\/et_pb_text][et_pb_text _builder_version=&#8221;3.21.4&#8243; text_font_size=&#8221;16px&#8221; text_line_height=&#8221;1.8em&#8221; max_width=&#8221;90%&#8221; custom_margin=&#8221;|||&#8221; animation_style=&#8221;flip&#8221; animation_direction=&#8221;left&#8221; animation_intensity_flip=&#8221;30%&#8221; animation_starting_opacity=&#8221;100%&#8221; z_index_tablet=&#8221;500&#8243;]<\/p>\n<p><strong>Alanya Alaaddin Keykubat \u00dcniversitesi (ALKU) <\/strong>2015 y\u0131l\u0131nda Alanya&#8217;da bir devlet \u00fcniversitesi olarak kurulmu\u015ftur. ALKU, uluslararas\u0131 bir \u00f6\u011frenme ortam\u0131nda nitelikli y\u00fcksek \u00f6\u011frenim sa\u011flamay\u0131 ama\u00e7lamaktad\u0131r. Sekiz fak\u00fclte (\u0130\u015fletme, M\u00fchendislik, T\u0131p, E\u011fitim, Turizm, Spor Bilimleri, Sa\u011fl\u0131k Bilimleri, Di\u015f Hekimli\u011fi), \u00fc\u00e7 y\u00fcksek lisans okulu (Fen Bilimleri, Sosyal Bilimler, Sa\u011fl\u0131k Bilimleri) ve be\u015f meslek y\u00fcksekokulu ile \u00e7e\u015fitli \u00f6nlisans, lisans ve lisans\u00fcst\u00fc programlar sunmaktad\u0131r.<\/p>\n<p>Yakla\u015f\u0131k 13.000 \u00f6\u011frencisi ile \u00fcniversite kurulu\u015fundan bu yana h\u0131zla b\u00fcy\u00fcmektedir; bu y\u0131l \u0130ngilizce e\u011fitim veren iki lisans program\u0131 (G\u0131da M\u00fchendisli\u011fi ve \u0130ngilizce Dil E\u011fitimi) ba\u015flayacak ve yak\u0131nda ba\u015fka bir\u00e7ok program \u0130nglizce e\u011fitim vermeye ba\u015flayacakt\u0131r Daha fazla bilgi i\u00e7in l\u00fctfen \u015fu adresi ziyaret edin: <a href=\"http:\/\/www.alanya.edu.tr\/\">http:\/\/www.alanya.edu.tr\/<\/a><\/p>\n<p>Evrensel de\u011ferleri adapte ederek, insanl\u0131k i\u00e7in iyilik yaratmay\u0131 ama\u00e7layan bir y\u00f6netim felsefesini merkeze almaya, daha iyi e\u011fitim, ara\u015ft\u0131rma ve sosyal-k\u00fclt\u00fcrel faaliyetler \u00e7al\u0131\u015fmalar\u0131na kat\u0131lmaya, entelekt\u00fcel ve bilimsel kapasitesini kullanarak sorunlar\u0131 \u00e7\u00f6zebilecek nitelikli bireyler yeti\u015ftirmeye, \u00f6nce yerel sonra ulusal d\u00fczeyde toplumda refah\u0131 ve bar\u0131\u015f\u0131 iyile\u015ftirmek i\u00e7in s\u00fcrd\u00fcr\u00fclebilir kalk\u0131nma ve sorunlara \u00e7\u00f6z\u00fcm sunmaya \u00f6nc\u00fcl\u00fck bir \u00fcniversite olarak, b\u00f6lge ve \u00fclke ihtiya\u00e7lar\u0131na \u00f6ncelik verir.<\/p>\n<p>[\/et_pb_text][et_pb_blurb title=&#8221;Alanya Alaaddin Keykubat \u00dcniversitesi&#8221; icon_placement=&#8221;left&#8221; _builder_version=&#8221;3.21.4&#8243; header_font=&#8221;Montserrat|600|||||||&#8221; header_font_size=&#8221;20px&#8221; body_font_size=&#8221;16px&#8221; body_line_height=&#8221;1.8em&#8221; animation_style=&#8221;fold&#8221; animation_direction=&#8221;bottom&#8221; animation_intensity_fold=&#8221;20%&#8221; animation_starting_opacity=&#8221;100%&#8221; z_index_tablet=&#8221;500&#8243;]<\/p>\n<p><strong>\u00a0(T\u00fcrkiye) <\/strong><br \/><strong><a href=\"http:\/\/www.alanya.edu.tr\">www.alanya.edu.tr<\/a><\/strong><\/p>\n<p>&nbsp;<\/p>\n<p>&nbsp;<\/p>\n<p>&nbsp;<\/p>\n<p>[\/et_pb_blurb][et_pb_text admin_label=&#8221;Title&#8221; _builder_version=&#8221;3.21.4&#8243; header_2_font=&#8221;Montserrat|600||on|||||&#8221; header_2_text_align=&#8221;center&#8221; header_2_font_size=&#8221;30px&#8221; custom_margin=&#8221;||5px|&#8221; animation_style=&#8221;slide&#8221; animation_direction=&#8221;top&#8221; animation_intensity_slide=&#8221;20%&#8221; animation_starting_opacity=&#8221;100%&#8221; z_index_tablet=&#8221;500&#8243;]<\/p>\n<h2><span lang=\"EN-GB\">Innovaform Nonprofit Ltd<\/span><\/h2>\n<p>[\/et_pb_text][et_pb_text _builder_version=&#8221;3.21.4&#8243; text_font_size=&#8221;16px&#8221; text_line_height=&#8221;1.8em&#8221; max_width=&#8221;90%&#8221; custom_margin=&#8221;|||&#8221; animation_style=&#8221;flip&#8221; animation_direction=&#8221;left&#8221; animation_intensity_flip=&#8221;30%&#8221; animation_starting_opacity=&#8221;100%&#8221; z_index_tablet=&#8221;500&#8243;]<\/p>\n<p><strong>Innovaform Nonprofit Ltd <\/strong>(Innovaform Kar Amac\u0131 G\u00fctmeyen Kurulu\u015f) \u00f6rg\u00fctsel ya\u015fam\u0131n ili\u015fkisel ve ileti\u015fimsel alanlar\u0131nda uzmanla\u015fm\u0131\u015f bir e\u011fitim merkezidir. \u00c7e\u015fitli Avrupa ve uluslararas\u0131 faaliyetler ba\u011flam\u0131nda geli\u015ftirilen farkl\u0131 tamamlay\u0131c\u0131 deneyimleri birle\u015ftiriyoruz.<\/p>\n<p>E\u011fitim ve \u00f6\u011fretim programlar\u0131m\u0131z\u0131n yan\u0131 s\u0131ra \u015firketimiz dan\u0131\u015fmanl\u0131k hizmetleri ve farkl\u0131 programlar, projeler arac\u0131l\u0131\u011f\u0131yla ekonomik ve sosyal akt\u00f6rler i\u00e7in s\u00fcrekli olarak daha karma\u015f\u0131k ve \u00f6zelle\u015ftirilmi\u015f hizmetler sunarak ortakl\u0131klar\u0131 ile pazar\u0131ndaki rekabet g\u00fcc\u00fcn\u00fc art\u0131rmay\u0131 hedef olarak belirlemi\u015ftir. Geni\u015f a\u011f\u0131m\u0131z arac\u0131l\u0131\u011f\u0131yla, farkl\u0131 bilgi alanlar\u0131ndan y\u00fcksek nitelikli uzman ekibimizin yard\u0131m\u0131yla e\u011fitim alan\u0131nda yenilik\u00e7i yakla\u015f\u0131mlar yarat\u0131yor, geli\u015ftiriyor ve uyguluyoruz. \u0130yi yap\u0131land\u0131r\u0131lm\u0131\u015f bir e\u011fitim sisteminin, okuldan erken ayr\u0131lma ve d\u00fc\u015f\u00fck beceri d\u00fczeyine sahip yeti\u015fkin i\u015f\u00e7iler nedeniyle artan i\u015fsizlik problemi ile ba\u015fa \u00e7\u0131kabilece\u011fine inan\u0131yoruz.<\/p>\n<p>Temel Faaliyet Alanlar\u0131m\u0131z:<\/p>\n<ul>\n<li>\u0130nsan kaynaklar\u0131 y\u00f6netimi<\/li>\n<li>Organizasyonlara, ekiplere, gruplara, topluluklara veya bireylere dan\u0131\u015fma<\/li>\n<li>Uluslararas\u0131 i\u015fbirli\u011fi giri\u015fimleri i\u00e7in \u00f6zel teknik yard\u0131m<\/li>\n<li>Yetkinlik geli\u015ftirme<\/li>\n<li>E\u011fitim ve \u00f6\u011fretim<\/li>\n<\/ul>\n<p>\u00dc\u00e7 ana merkezimiz var: 1. E\u011fitim Merkezi, 2. Uluslararas\u0131 Merkez, 3. Gen\u00e7lik Merkezi<\/p>\n<p>Innovaform olarak, beceri ve bilgi geli\u015fiminin sa\u011fl\u0131kl\u0131, \u00fcretken ve olumlu bir ya\u015fam tarz\u0131 i\u00e7in yeterli olmad\u0131\u011f\u0131na inan\u0131yoruz, bu nedenle program\u0131m\u0131za spor etkinliklerini, sporun ve fiziksel aktivitenin de\u011feri konusunda fark\u0131ndal\u0131k artt\u0131rma etkinli\u011fi olarak da dahil ediyor ve d\u00fczenliyoruz.<\/p>\n<p>Hedeflerimiz:<\/p>\n<ul>\n<li>Son kullan\u0131c\u0131lara analistlerin, \u00f6\u011frencilerin veya di\u011fer ortaklar\u0131n be\u011fenilerine yard\u0131mc\u0131 olmak i\u00e7in \u00e7ok kullan\u0131\u015fl\u0131 UX (kullan\u0131c\u0131 deneyimi) i\u00e7eren projeler sunmak<\/li>\n<li>Hedefli uygulamalar geli\u015ftirerek \u015firketleri m\u00fc\u015fterilerine yak\u0131nla\u015ft\u0131rmak<\/li>\n<\/ul>\n<p>&nbsp;<\/p>\n<p>Yarat\u0131c\u0131 ekibimiz halkla ili\u015fkiler ve pazarlama kampanyalar\u0131 sunmaktan sorumludur.<\/p>\n<p>\u00dcniversite \u00f6\u011frencileri i\u00e7in bir uygulay\u0131c\u0131 program\u0131 y\u00fcr\u00fctt\u00fc\u011f\u00fcm\u00fcz i\u00e7in gen\u00e7lerle ileti\u015fimimiz var.<\/p>\n<p>[\/et_pb_text][et_pb_blurb title=&#8221;Innovaform Kozhasznu Nonprofit KFT&#8221; icon_placement=&#8221;left&#8221; _builder_version=&#8221;3.21.4&#8243; header_font=&#8221;Montserrat|600|||||||&#8221; header_font_size=&#8221;20px&#8221; body_font_size=&#8221;16px&#8221; body_line_height=&#8221;1.8em&#8221; animation_style=&#8221;fold&#8221; animation_direction=&#8221;bottom&#8221; animation_intensity_fold=&#8221;20%&#8221; animation_starting_opacity=&#8221;100%&#8221; z_index_tablet=&#8221;500&#8243;]<\/p>\n<p><strong>(Macaristan) <\/strong><strong><a href=\"http:\/\/www.innovaform.hu\">www.innovaform.hu<\/a><\/strong><\/p>\n<p>&nbsp;<\/p>\n<p>&nbsp;<\/p>\n<p>[\/et_pb_blurb][\/et_pb_column][et_pb_column type=&#8221;1_2&#8243;][et_pb_text admin_label=&#8221;Title&#8221; _builder_version=&#8221;3.21.4&#8243; text_font=&#8221;||||||||&#8221; header_font=&#8221;||||||||&#8221; header_2_font=&#8221;Montserrat|600||on|||||&#8221; header_2_text_align=&#8221;center&#8221; header_2_font_size=&#8221;30px&#8221; custom_margin=&#8221;||5px|&#8221; animation_style=&#8221;slide&#8221; animation_direction=&#8221;top&#8221; animation_intensity_slide=&#8221;20%&#8221; animation_starting_opacity=&#8221;100%&#8221;]<\/p>\n<h2>ProMAs<\/h2>\n<p>[\/et_pb_text][et_pb_text _builder_version=&#8221;3.21.4&#8243; text_font_size=&#8221;16px&#8221; text_line_height=&#8221;1.8em&#8221; max_width=&#8221;90%&#8221; custom_margin=&#8221;|||&#8221; animation_style=&#8221;flip&#8221; animation_direction=&#8221;left&#8221; animation_intensity_flip=&#8221;30%&#8221; animation_starting_opacity=&#8221;100%&#8221; z_index_tablet=&#8221;500&#8243;]<\/p>\n<p>ProMAs, ya\u015fam kalitesini art\u0131rman\u0131n bir yolu olarak \u00f6\u011frenmeye eri\u015fimi kolayla\u015ft\u0131rmay\u0131 ama\u00e7layan bir \u00f6\u011fretmen, m\u00fchendis ve e\u011fitmen derne\u011fidir. \u00dcyelerimiz yeti\u015fkin e\u011fitimine kat\u0131lan ve uluslararas\u0131 multidisipliner ara\u015ft\u0131rma projelerinde deneyimli sertifikal\u0131 e\u011fitmenler, e\u011fitimcinin e\u011fitimi, Kalite Sistemleri Uzmanlar\u0131d\u0131rlar.<\/p>\n<p><strong>\u00dcyelerimiz<\/strong>, yenilik\u00e7ili\u011fi te\u015fvik etme alan\u0131nda sosyal, e\u011fitimsel ve profesyonel kurumlar, yeti\u015fkin e\u011fitimi merkezi, bilgi ve anahtar yeterlilik sa\u011flamak i\u00e7in mentorluk sunarak i\u015fbirli\u011fi yapmaktad\u0131r.<\/p>\n<p>Kurulu\u015fumuzun a\u015fa\u011f\u0131daki <strong>alanlarda uzmanl\u0131\u011f\u0131 vard\u0131r:<\/strong> yayg\u0131nla\u015ft\u0131rma ve de\u011ferlendirme, e- \u00f6\u011frenme i\u00e7eri\u011finin geli\u015ftirilmesi, disiplinleraras\u0131 e\u011fitim ve ara\u015ft\u0131rma, karma \u00f6\u011frenme, rehberlik, \u00f6n e\u011fitimdeki i\u00e7eriklerin test edilmesi. Projenin t\u00fcm hedef <strong>gruplar\u0131na eri\u015fim <\/strong>sa\u011fl\u0131yoruz: yeti\u015fkinler, gen\u00e7ler, e\u011fitmenler, karar vericiler, dolayl\u0131 proje faydalan\u0131c\u0131lar\u0131. 2007&#8217;den itibaren Konferanslar ve Sempozyumlar gibi bir\u00e7ok yerel, b\u00f6lgesel ve ulusal etkinlik d\u00fczenledik. ProMas farkl\u0131 konularda kampanyalar d\u00fczenledi: etnik k\u00f6ken, cinsiyet, din, yabanc\u0131 d\u00fc\u015fmanl\u0131\u011f\u0131, engellilerin sakatl\u0131\u011f\u0131 ve entegrasyonu, e\u011fitim y\u00f6netimi, aktif ileti\u015fim, aktif ya\u015fam, sa\u011fl\u0131kl\u0131 ya\u015fam, \u015fiddet ve aile i\u00e7i \u015fiddet, i\u015f g\u00fcvenli\u011fi, k\u00fclt\u00fcrleraras\u0131 e\u011fitim, kariyer planlama.<\/p>\n<p>ProMAs \u00fcyeleri, AB Programlar\u0131nda AB i\u015fbirli\u011fi (ortak \/ destek\u00e7i olarak) konusunda deneyime sahiptir: <strong>+20 SOCRATES- GRUNDTVIG LLL, 4 COMENIUS, 1 COMENIUS \u00c7ok Tarafl\u0131, 3 LEONARDO TOI, 2 LEONARDO yerle\u015fimleri ve hareketlili\u011fi, 2Erasmus + <\/strong>projesi. Projelerimizde \u015fu konularda aktif bir rol ald\u0131k: projenin ya\u015fam boyu \u00f6\u011frenme i\u00e7in \u00f6nemli olan temel yeterliliklerin kazan\u0131m\u0131na nas\u0131l cevap verece\u011fini ara\u015ft\u0131rmak, e-\u00f6\u011frenme platformu testi, yayg\u0131nla\u015ft\u0131rma ve de\u011ferlendirme stratejisi tasarlamak ve uygulamak, deneysel transfer faaliyetlerinin haz\u0131rlanmas\u0131 projenin kaynaklar\u0131n\u0131n de\u011ferlendirilmesi, dahili projenin de\u011ferlendirmesinin tasarlanmas\u0131 ve uygulanmas\u0131.<\/p>\n<p>[\/et_pb_text][et_pb_blurb title=&#8221;Proje Y\u00f6netim Derne\u011fi&#8221; icon_placement=&#8221;left&#8221; _builder_version=&#8221;3.21.4&#8243; header_font=&#8221;Montserrat|600|||||||&#8221; header_font_size=&#8221;20px&#8221; body_font_size=&#8221;16px&#8221; body_line_height=&#8221;1.8em&#8221; animation_style=&#8221;fold&#8221; animation_direction=&#8221;bottom&#8221; animation_intensity_fold=&#8221;20%&#8221; animation_starting_opacity=&#8221;100%&#8221; z_index_tablet=&#8221;500&#8243;]<\/p>\n<p><strong>\u00a0(Romanya)\u00a0 <br \/><\/strong><strong><a href=\"http:\/\/www.promasprojects.ro\">www.promasprojects.ro<\/a><\/strong><\/p>\n<p>&nbsp;<\/p>\n<p>[\/et_pb_blurb][et_pb_text admin_label=&#8221;Title&#8221; _builder_version=&#8221;3.21.4&#8243; header_2_font=&#8221;Montserrat|600||on|||||&#8221; header_2_text_align=&#8221;center&#8221; header_2_font_size=&#8221;30px&#8221; custom_margin=&#8221;||5px|&#8221; animation_style=&#8221;slide&#8221; animation_direction=&#8221;top&#8221; animation_intensity_slide=&#8221;20%&#8221; animation_starting_opacity=&#8221;100%&#8221; z_index_tablet=&#8221;500&#8243;]<\/p>\n<h2><span lang=\"EN-GB\">IES RIBEIRA DO LOURO (IESRDL)<\/span><\/h2>\n<p>[\/et_pb_text][et_pb_text _builder_version=&#8221;3.21.4&#8243; text_font_size=&#8221;16px&#8221; text_line_height=&#8221;1.8em&#8221; max_width=&#8221;90%&#8221; custom_margin=&#8221;|||&#8221; animation_style=&#8221;flip&#8221; animation_direction=&#8221;left&#8221; animation_intensity_flip=&#8221;30%&#8221; animation_starting_opacity=&#8221;100%&#8221; z_index_tablet=&#8221;500&#8243;]<\/p>\n<p><strong>IES Ribeira Do Louro (IESRdL)<\/strong>, genel e\u011fitim, mesleki e\u011fitim ve yeti\u015fkin e\u011fitimi kurslar\u0131 veren bir orta \u00f6\u011fretim okuludur. \u0130spanya&#8217;n\u0131n g\u00fcneybat\u0131s\u0131nda, Vigo&#8217;nun yan\u0131nda Porri\u00f1o&#8217;da (Pontevedra) yer al\u0131r. IESRdL&#8217;nin yakla\u015f\u0131k 700 \u00f6\u011frencisi ve 80 \u00f6\u011fretmeni vard\u0131r ve di\u011fer uzmanl\u0131k derslerinin yan\u0131 s\u0131ra Uluslararas\u0131 Ticaret, Y\u00f6netimsel ve Finansal Y\u00f6netim ve Telekom\u00fcnikasyon Sistemleri ve telekumikasyon alan\u0131nda \u0130leri Seviye E\u011fitim kurslar\u0131 vermektedir.<\/p>\n<p><strong>Teknoloji.<\/strong><\/p>\n<p>Okul, Avrupa ara\u015ft\u0131rma ve hareketlilik projelerini uygulamada geni\u015f bir deneyime sahiptir. IES RdL, destek\u00e7i \/ koordinat\u00f6r ve ortak olarak Hayatboyu \u00d6\u011frenme Program\u0131, Leonardo da Vinci ve Socrates Program\u0131, Interreg ve di\u011fer ulusal farkl\u0131 projelere kat\u0131lm\u0131\u015ft\u0131r. Ayr\u0131ca, IES RdL 1996 y\u0131l\u0131ndan bu yana ev sahibi ve g\u00f6nderen kurulu\u015f olarak hareketlilik projelerine kat\u0131lmaktad\u0131r. Hayatboyu \u00d6\u011frenme Program\u0131 ve B\u00f6lgesel H\u00fck\u00fcmet hareketlilik projeleri kapsam\u0131nda 400&#8217;den fazla \u00f6\u011frenci ve \u00f6\u011fretmen hareketlili\u011fi ger\u00e7ekle\u015ftirmi\u015ftir. IES RdL ayr\u0131ca 2001\/2004 \u2013PPIER&#8217;de Interreg III&#8217;e kat\u0131lm\u0131\u015ft\u0131r.<\/p>\n<p>Amador Ord\u00f3\u00f1ez ekonomi \u0130\u015fletme ge\u00e7mi\u015fi olan Uluslararas\u0131 \u0130\u015fletme \u00f6\u011fretmenidir. 1996&#8217;dan bu yana Avrupa projelerini koordine etme konusunda deneyime sahiptir. Portekiz&#8217;de Dil ve K\u00fclt\u00fcrel Yetkinliklerin Edinilmesi ve zorbal\u0131\u011f\u0131n \u00f6nlenmesi ile ilgili ARBAX projesi EMPORT\u2019un koordinat\u00f6rl\u00fck g\u00f6revini \u00fcstlenmi\u015ftir (www.schoolbullying.eu). Dil kurslar\u0131n\u0131n geli\u015ftirildi\u011fi farkl\u0131 projelerde koordinat\u00f6r olmu\u015ftur, l\u00fctfen www.chinesecom.eu (Multimedya \u00c7ince kursu) ve www.linguasnet.com (4 ba\u015flang\u0131\u00e7 \u200b\u200bseviyeli dil kursu, g\u00f6\u00e7menler i\u00e7in \u0130ngilizce, \u0130spanyolca, Rumence ve Portekizce) ziyaret edin. Ayr\u0131ca Romanlar (\u00e7ingeneler) ile ilgili iki farkl\u0131 projeyi koordine etmi\u015ftir, Travelcom ile i\u015fg\u00fcc\u00fc piyasas\u0131nda eri\u015fimi ve s\u00fcreklili\u011fi art\u0131rmak i\u00e7in \u00e7ingenelerin ve gezginlerin yetkinliklerini art\u0131rmak i\u00e7in bir Ticaret ve Pazarlama kursu geli\u015ftirmi\u015ftir ve 2000 y\u0131l\u0131ndaki bir Comenius 2 projesinde \u201cGezginleri e\u011fitmek i\u00e7in yeni ara\u00e7lar\u201d \u0130lk\u00f6\u011fretim i\u00e7in Matematik ve Dil kursu geli\u015ftirilmesini koordine etmi\u015ftir. LLPT Transversal Program \u2013Multilateral \u2013Key Activity 2 kapsam\u0131nda onaylanm\u0131\u015f bir Romanca multimedya dili kursu olan Romaninet projesini koordine etmi\u015ftir.<\/p>\n<p>[\/et_pb_text][et_pb_blurb title=&#8221;IES Ribeira do Louro&#8221; icon_placement=&#8221;left&#8221; _builder_version=&#8221;3.21.4&#8243; header_font=&#8221;Montserrat|600|||||||&#8221; header_font_size=&#8221;20px&#8221; body_font_size=&#8221;16px&#8221; body_line_height=&#8221;1.8em&#8221; animation_style=&#8221;fold&#8221; animation_direction=&#8221;bottom&#8221; animation_intensity_fold=&#8221;20%&#8221; animation_starting_opacity=&#8221;100%&#8221; z_index_tablet=&#8221;500&#8243;]<\/p>\n<p><strong>\u00a0(\u0130spanya) <\/strong><a href=\"http:\/\/www.ribeira.org\/\"><strong>www.ribeira.org<\/strong><\/a><\/p>\n<p>[\/et_pb_blurb][\/et_pb_column][\/et_pb_row][\/et_pb_section][et_pb_section bb_built=&#8221;1&#8243; _builder_version=&#8221;3.21.4&#8243; custom_padding=&#8221;42px|0px|28px|0px|false|false&#8221; saved_tabs=&#8221;all&#8221; prev_background_color=&#8221;#000000&#8243; global_module=&#8221;323&#8243;][et_pb_row global_parent=&#8221;323&#8243; _builder_version=&#8221;3.21.4&#8243; custom_padding=&#8221;0|0px|0|0px|false|false&#8221;][et_pb_column type=&#8221;4_4&#8243;][et_pb_image global_parent=&#8221;323&#8243; align=&#8221;center&#8221; max_width=&#8221;35%&#8221; src=&#8221;http:\/\/career-academy.eu\/wp-content\/uploads\/2019\/12\/logo_ab_baskanligi_yazisiz.png&#8221; _builder_version=&#8221;3.21.4&#8243; module_alignment=&#8221;center&#8221; \/][\/et_pb_column][\/et_pb_row][\/et_pb_section]<\/p>","protected":false},"excerpt":{"rendered":"<p>ORTAKLAR &nbsp; Spoleczna Akademia Nauk-SAN (SOSYAL B\u0130L\u0130MLER \u00dcN\u0130VERS\u0130TES\u0130) SAN 25 y\u0131l\u0131 a\u015fk\u0131n tecr\u00fcbesi ile Polonya&#8217;n\u0131n en deneyimli ve en b\u00fcy\u00fck \u00f6zel \u00fcniversitelerinden biridir. Polonya&#8217;n\u0131n b\u00fcy\u00fck \u015fehirlerinde ve Londra&#8217;daki \u015fube kamp\u00fcs\u00fcnde lisans, y\u00fcksek lisans, MBA ve doktora seviyelerinde e\u011fitim vermektedir. Clark \u00dcniversitesi (ABD) ile Amerikan Y\u00fcksek Lisans program\u0131 f\u0131rsat\u0131 da sunmaktad\u0131r. Kabul g\u00f6ren ulusal dergiler taraf\u0131ndan [&hellip;]<\/p>\n","protected":false},"author":1,"featured_media":0,"parent":0,"menu_order":0,"comment_status":"closed","ping_status":"closed","template":"","meta":{"_et_pb_use_builder":"on","_et_pb_old_content":"","_et_gb_content_width":""},"_links":{"self":[{"href":"https:\/\/career-academy.eu\/tr\/wp-json\/wp\/v2\/pages\/60"}],"collection":[{"href":"https:\/\/career-academy.eu\/tr\/wp-json\/wp\/v2\/pages"}],"about":[{"href":"https:\/\/career-academy.eu\/tr\/wp-json\/wp\/v2\/types\/page"}],"author":[{"embeddable":true,"href":"https:\/\/career-academy.eu\/tr\/wp-json\/wp\/v2\/users\/1"}],"replies":[{"embeddable":true,"href":"https:\/\/career-academy.eu\/tr\/wp-json\/wp\/v2\/comments?post=60"}],"version-history":[{"count":52,"href":"https:\/\/career-academy.eu\/tr\/wp-json\/wp\/v2\/pages\/60\/revisions"}],"predecessor-version":[{"id":445,"href":"https:\/\/career-academy.eu\/tr\/wp-json\/wp\/v2\/pages\/60\/revisions\/445"}],"wp:attachment":[{"href":"https:\/\/career-academy.eu\/tr\/wp-json\/wp\/v2\/media?parent=60"}],"curies":[{"name":"wp","href":"https:\/\/api.w.org\/{rel}","templated":true}]}}