{"id":2,"date":"2018-06-22T10:12:36","date_gmt":"2018-06-22T10:12:36","guid":{"rendered":"http:\/\/career-academy.eu\/?page_id=2"},"modified":"2020-02-05T09:44:36","modified_gmt":"2020-02-05T09:44:36","slug":"about","status":"publish","type":"page","link":"https:\/\/career-academy.eu\/tr\/about\/","title":{"rendered":"\u00c7IKTILAR"},"content":{"rendered":"<p>[et_pb_section bb_built=&#8221;1&#8243; admin_label=&#8221;Hero Section&#8221; _builder_version=&#8221;3.0.91&#8243; use_background_color_gradient=&#8221;on&#8221; background_color_gradient_start=&#8221;#ffffff&#8221; background_color_gradient_end=&#8221;rgba(0,0,0,0.4)&#8221; background_color_gradient_direction=&#8221;3deg&#8221; background_color_gradient_start_position=&#8221;12%&#8221; background_color_gradient_end_position=&#8221;12%&#8221; background_color_gradient_overlays_image=&#8221;on&#8221; background_image=&#8221;http:\/\/career-academy.eu\/wp-content\/uploads\/2018\/07\/16_img.jpg&#8221; background_position=&#8221;center_right&#8221; custom_padding=&#8221;6%||6%|&#8221; next_background_color=&#8221;#ffffff&#8221;][et_pb_row admin_label=&#8221;Page Title Area&#8221; _builder_version=&#8221;3.0.89&#8243;][et_pb_column type=&#8221;4_4&#8243;][et_pb_text admin_label=&#8221;Hero Section Title&#8221; _builder_version=&#8221;3.21.4&#8243; text_font=&#8221;Montserrat||||||||&#8221; text_font_size=&#8221;18px&#8221; text_line_height=&#8221;1.8em&#8221; header_font=&#8221;Montserrat|600||on|||||&#8221; header_font_size=&#8221;48px&#8221; header_font_size_phone=&#8221;28px&#8221; header_font_size_last_edited=&#8221;on|phone&#8221; header_letter_spacing=&#8221;3px&#8221; header_line_height=&#8221;1.3em&#8221; header_2_font=&#8221;Montserrat|700|||||||&#8221; header_2_text_color=&#8221;rgba(255,255,255,0.6)&#8221; header_2_font_size=&#8221;90px&#8221; header_2_font_size_phone=&#8221;50px&#8221; header_2_font_size_last_edited=&#8221;on|phone&#8221; header_2_letter_spacing=&#8221;3px&#8221; header_2_line_height=&#8221;1.1em&#8221; text_orientation=&#8221;center&#8221; background_layout=&#8221;dark&#8221; max_width=&#8221;700px&#8221; module_alignment=&#8221;center&#8221; custom_margin=&#8221;|||&#8221; animation_style=&#8221;fade&#8221; animation_direction=&#8221;bottom&#8221; z_index_tablet=&#8221;500&#8243;]<\/p>\n<h1>\u00c7IKTILAR<\/h1>\n<p>[\/et_pb_text][\/et_pb_column][\/et_pb_row][\/et_pb_section][et_pb_section bb_built=&#8221;1&#8243; admin_label=&#8221;Service Section&#8221; _builder_version=&#8221;3.0.89&#8243; custom_padding=&#8221;34px||33px||false|false&#8221; prev_background_color=&#8221;#000000&#8243; next_background_color=&#8221;#f7f7f7&#8243;][et_pb_row admin_label=&#8221;Section Title&#8221; custom_padding=&#8221;27px|0px|27px|0px&#8221; custom_margin=&#8221;|||&#8221; _builder_version=&#8221;3.0.91&#8243; locked=&#8221;off&#8221;][et_pb_column type=&#8221;4_4&#8243;][et_pb_text admin_label=&#8221;Title&#8221; _builder_version=&#8221;3.21.4&#8243; header_2_font=&#8221;Montserrat|600||on|||||&#8221; header_2_font_size=&#8221;30px&#8221; header_2_line_height=&#8221;1.5em&#8221; text_orientation=&#8221;center&#8221; custom_margin=&#8221;||5px|&#8221; animation_style=&#8221;slide&#8221; animation_direction=&#8221;top&#8221; animation_intensity_slide=&#8221;20%&#8221; animation_starting_opacity=&#8221;100%&#8221; z_index_tablet=&#8221;500&#8243;]<\/p>\n<h2>\u00c7IKTILAR<\/h2>\n<p>[\/et_pb_text][et_pb_divider show_divider=&#8221;off&#8221; _builder_version=&#8221;3.2&#8243; max_width=&#8221;23px&#8221; module_alignment=&#8221;center&#8221; animation_style=&#8221;slide&#8221; animation_direction=&#8221;top&#8221; animation_intensity_slide=&#8221;20%&#8221; animation_starting_opacity=&#8221;100%&#8221;]<\/p>\n<p>[\/et_pb_divider][\/et_pb_column][\/et_pb_row][et_pb_row _builder_version=&#8221;3.0.105&#8243;][et_pb_column type=&#8221;4_4&#8243;][et_pb_text _builder_version=&#8221;3.21.4&#8243; z_index_tablet=&#8221;500&#8243;]<\/p>\n<p>Projemiz kapsam\u0131nda ihtiya\u00e7 analizi, kariyer planlama rehberi ve \u00e7al\u0131\u015fanlara y\u00f6nelik mobil uygulama geli\u015ftirilmi\u015ftir. \u00d6ncelikle kariyer planlama konusunda yaz\u0131n taramas\u0131 ve anket uygulamas\u0131 yap\u0131ld\u0131. Daha sonra ihtiya\u00e7 analizi sonu\u00e7lar\u0131na g\u00f6re \u00fc\u00e7 seviyeli bir kariyer planlama rehberi haz\u0131rland\u0131. Ve son olarak, kariyer rehberine dayanarak mobil uygulama geli\u015ftirildi.<\/p>\n<p>[\/et_pb_text][\/et_pb_column][\/et_pb_row][\/et_pb_section][et_pb_section bb_built=&#8221;1&#8243; admin_label=&#8221;Services Descriptions Section&#8221; _builder_version=&#8221;3.0.91&#8243; background_color=&#8221;#f7f7f7&#8243; custom_padding=&#8221;90px||90px|&#8221; prev_background_color=&#8221;#ffffff&#8221; next_background_color=&#8221;#ffffff&#8221;][et_pb_row use_custom_gutter=&#8221;on&#8221; gutter_width=&#8221;4&#8243; custom_padding=&#8221;64px|0px|64px|0px&#8221; _builder_version=&#8221;3.0.91&#8243; locked=&#8221;off&#8221;][et_pb_column type=&#8221;1_2&#8243;][et_pb_text admin_label=&#8221;Title&#8221; _builder_version=&#8221;3.21.4&#8243; header_2_font=&#8221;Montserrat|600||on|||||&#8221; header_2_font_size=&#8221;30px&#8221; header_2_line_height=&#8221;1.5em&#8221; custom_margin=&#8221;||5px|&#8221; animation_style=&#8221;slide&#8221; animation_direction=&#8221;top&#8221; animation_intensity_slide=&#8221;20%&#8221; animation_starting_opacity=&#8221;100%&#8221; z_index_tablet=&#8221;500&#8243; locked=&#8221;off&#8221;]<\/p>\n<h2>ANAL\u0130ZLER<\/h2>\n<p>[\/et_pb_text][et_pb_divider show_divider=&#8221;off&#8221; _builder_version=&#8221;3.2&#8243; max_width=&#8221;23px&#8221; module_alignment=&#8221;left&#8221; custom_margin=&#8221;||0px|&#8221; animation_style=&#8221;slide&#8221; animation_direction=&#8221;top&#8221; animation_intensity_slide=&#8221;20%&#8221; animation_starting_opacity=&#8221;100%&#8221;]<\/p>\n<p>[\/et_pb_divider][et_pb_text _builder_version=&#8221;3.21.4&#8243; text_font_size=&#8221;16px&#8221; text_line_height=&#8221;1.8em&#8221; custom_margin=&#8221;|||&#8221; animation_style=&#8221;flip&#8221; animation_intensity_flip=&#8221;30%&#8221; animation_starting_opacity=&#8221;100%&#8221; z_index_tablet=&#8221;500&#8243;]<\/p>\n<p><a href=\"http:\/\/career-academy.eu\/wp-content\/uploads\/2020\/01\/Turkey-Need-Analyis-Report.pdf\">Need Analysis Report<\/a><\/p>\n<p><a href=\"http:\/\/career-academy.eu\/wp-content\/uploads\/2020\/01\/Turkish-version-of-research-findings.pdf\">ARAS\u0327TIRMA BULGULARININ O\u0308ZETI\u0307<\/a><\/p>\n<p><a href=\"http:\/\/career-academy.eu\/wp-content\/uploads\/2020\/01\/e-Book-Career-Management-in-the-Age-of-Industry-4.0.pdf\">e-Book Career Management in the Age of Industry 4.0<\/a><\/p>\n<p><a href=\"http:\/\/career-academy.eu\/wp-content\/uploads\/2020\/01\/IO1_Presentation-of-research-findings.pdf\">IO1_Presentation<\/a><\/p>\n<p><a href=\"http:\/\/career-academy.eu\/wp-content\/uploads\/2020\/01\/Statistical-analysis-of-need-analysis.pdf\">Statistical analysis<\/a><\/p>\n<p>[\/et_pb_text][\/et_pb_column][et_pb_column type=&#8221;1_2&#8243;][et_pb_image src=&#8221;http:\/\/career-academy.eu\/wp-content\/uploads\/2018\/07\/writer-illustration_06.png&#8221; _builder_version=&#8221;3.0.91&#8243;]<\/p>\n<p>[\/et_pb_image][\/et_pb_column][\/et_pb_row][et_pb_row use_custom_gutter=&#8221;on&#8221; gutter_width=&#8221;4&#8243; custom_padding=&#8221;64px|0px|64px|0px&#8221; _builder_version=&#8221;3.0.91&#8243;][et_pb_column type=&#8221;1_2&#8243;][et_pb_text admin_label=&#8221;Title&#8221; _builder_version=&#8221;3.21.4&#8243; header_2_font=&#8221;Montserrat|600||on|||||&#8221; header_2_font_size=&#8221;30px&#8221; header_2_line_height=&#8221;1.5em&#8221; custom_margin=&#8221;||5px|&#8221; animation_style=&#8221;slide&#8221; animation_direction=&#8221;top&#8221; animation_intensity_slide=&#8221;20%&#8221; animation_starting_opacity=&#8221;100%&#8221; z_index_tablet=&#8221;500&#8243;]<\/p>\n<h2><span lang=\"EN-GB\">KARIYER REHBERI<\/span><\/h2>\n<p>[\/et_pb_text][et_pb_divider show_divider=&#8221;off&#8221; _builder_version=&#8221;3.21.4&#8243; max_width=&#8221;23px&#8221; module_alignment=&#8221;left&#8221; custom_margin=&#8221;||0px|&#8221; animation_style=&#8221;slide&#8221; animation_direction=&#8221;top&#8221; animation_intensity_slide=&#8221;20%&#8221; animation_starting_opacity=&#8221;100%&#8221;]<\/p>\n<p>[\/et_pb_divider][et_pb_text _builder_version=&#8221;3.21.4&#8243; text_font_size=&#8221;16px&#8221; text_line_height=&#8221;1.8em&#8221; custom_margin=&#8221;|||&#8221; animation_style=&#8221;flip&#8221; animation_intensity_flip=&#8221;30%&#8221; animation_starting_opacity=&#8221;100%&#8221; z_index_tablet=&#8221;500&#8243;]<\/p>\n<p>Proje kapsam\u0131nda haz\u0131rlanan kariyer rehberi ve mobil uygulama t\u00fcm \u00e7al\u0131\u015fanlar\u0131n ve \u00e7al\u0131\u015fma hayat\u0131na kat\u0131lacak ki\u015filerin kullan\u0131m\u0131na \u00fccretsiz olarak sunulmaktad\u0131r. Kariyer rehberi, a\u015fa\u011f\u0131daki \u00fc\u00e7 seviyeyi i\u00e7ermektedir: ba\u015flang\u0131\u00e7, orta ve ileri kariyer planlamas\u0131. Mobil uygulama bu rehbere g\u00f6re haz\u0131rlanm\u0131\u015ft\u0131r.<\/p>\n<p><a href=\"http:\/\/career-academy.eu\/wp-content\/uploads\/2020\/01\/Turkish-version-of-pocket-guide.pdf\">Pocket Guide<\/a><\/p>\n<p>&nbsp;<\/p>\n<p>[\/et_pb_text][\/et_pb_column][et_pb_column type=&#8221;1_2&#8243;][et_pb_text admin_label=&#8221;Title&#8221; _builder_version=&#8221;3.21.4&#8243; header_2_font=&#8221;Montserrat|600||on|||||&#8221; header_2_font_size=&#8221;30px&#8221; header_2_line_height=&#8221;1.5em&#8221; custom_margin=&#8221;||5px|&#8221; animation_style=&#8221;slide&#8221; animation_direction=&#8221;top&#8221; animation_intensity_slide=&#8221;20%&#8221; animation_starting_opacity=&#8221;100%&#8221; z_index_tablet=&#8221;500&#8243; locked=&#8221;off&#8221;]<\/p>\n<h2><span lang=\"EN-GB\">MOBIL UYGULAMA<\/span><\/h2>\n<p>[\/et_pb_text][et_pb_divider show_divider=&#8221;off&#8221; _builder_version=&#8221;3.2&#8243; max_width=&#8221;23px&#8221; module_alignment=&#8221;left&#8221; custom_margin=&#8221;||0px|&#8221; animation_style=&#8221;slide&#8221; animation_direction=&#8221;top&#8221; animation_intensity_slide=&#8221;20%&#8221; animation_starting_opacity=&#8221;100%&#8221;]<\/p>\n<p>[\/et_pb_divider][et_pb_text _builder_version=&#8221;3.21.4&#8243; text_font_size=&#8221;16px&#8221; text_line_height=&#8221;1.8em&#8221; custom_margin=&#8221;|||&#8221; animation_style=&#8221;flip&#8221; animation_intensity_flip=&#8221;30%&#8221; animation_starting_opacity=&#8221;100%&#8221; z_index_tablet=&#8221;500&#8243;]<\/p>\n<p><span lang=\"ES\">Mobil uygulama ayn\u0131 zamanda ba\u015flang\u0131\u00e7, orta ve ileri seviye se\u00e7eneklerini de i\u00e7ermektedir. Kullan\u0131c\u0131lar mevcut durumlar\u0131na g\u00f6re bir seviye se\u00e7erek kariyer planlamalar\u0131n\u0131 yapabilmektedirler. \u00d6rne\u011fin, yeni istihdam edilen bir ki\u015fi kariyer plan\u0131n\u0131 geli\u015ftirmek i\u00e7in ba\u015flang\u0131\u00e7 \u200b\u200bseviyesini se\u00e7melidir. Ayn\u0131 \u015fekilde, uzmanl\u0131k seviyesindeki bir \u00e7al\u0131\u015fan orta seviyeyi se\u00e7ecek ve bir y\u00f6netici mobil uygulamada ileri seviyeyi se\u00e7erek kariyer planlamas\u0131n\u0131 yapabilecektir.<\/span><\/p>\n<p><a href=\"https:\/\/play.google.com\/store\/apps\/details?id=xyz.appmaker.pouxbr\" target=\"_blank\" rel=\"noopener noreferrer\">Indir uygulamas\u0131<\/a><\/p>\n<p><a href=\"http:\/\/career-academy.eu\/app\">Web versiyonu<\/a><\/p>\n<p>[\/et_pb_text][\/et_pb_column][\/et_pb_row][\/et_pb_section][et_pb_section bb_built=&#8221;1&#8243; _builder_version=&#8221;3.21.4&#8243; custom_padding=&#8221;42px|0px|28px|0px|false|false&#8221; saved_tabs=&#8221;all&#8221; prev_background_color=&#8221;#f7f7f7&#8243; global_module=&#8221;323&#8243;][et_pb_row global_parent=&#8221;323&#8243; _builder_version=&#8221;3.21.4&#8243; custom_padding=&#8221;0|0px|0|0px|false|false&#8221;][et_pb_column type=&#8221;4_4&#8243;][et_pb_image global_parent=&#8221;323&#8243; align=&#8221;center&#8221; max_width=&#8221;35%&#8221; src=&#8221;http:\/\/career-academy.eu\/wp-content\/uploads\/2019\/12\/logo_ab_baskanligi_yazisiz.png&#8221; _builder_version=&#8221;3.21.4&#8243; module_alignment=&#8221;center&#8221; \/][\/et_pb_column][\/et_pb_row][\/et_pb_section]<\/p>","protected":false},"excerpt":{"rendered":"<p>\u00c7IKTILAR \u00c7IKTILAR Projemiz kapsam\u0131nda ihtiya\u00e7 analizi, kariyer planlama rehberi ve \u00e7al\u0131\u015fanlara y\u00f6nelik mobil uygulama geli\u015ftirilmi\u015ftir. \u00d6ncelikle kariyer planlama konusunda yaz\u0131n taramas\u0131 ve anket uygulamas\u0131 yap\u0131ld\u0131. Daha sonra ihtiya\u00e7 analizi sonu\u00e7lar\u0131na g\u00f6re \u00fc\u00e7 seviyeli bir kariyer planlama rehberi haz\u0131rland\u0131. Ve son olarak, kariyer rehberine dayanarak mobil uygulama geli\u015ftirildi. ANAL\u0130ZLER Need Analysis Report ARAS\u0327TIRMA BULGULARININ O\u0308ZETI\u0307 e-Book [&hellip;]<\/p>\n","protected":false},"author":1,"featured_media":0,"parent":0,"menu_order":0,"comment_status":"closed","ping_status":"closed","template":"","meta":{"_et_pb_use_builder":"on","_et_pb_old_content":"<p>This is an example of a WordPress page, you could edit this to put information about yourself or your site so readers know where you are coming from. You can create as many pages like this one or sub-pages as you like and manage all of your content inside of WordPress.<\/p>","_et_gb_content_width":""},"_links":{"self":[{"href":"https:\/\/career-academy.eu\/tr\/wp-json\/wp\/v2\/pages\/2"}],"collection":[{"href":"https:\/\/career-academy.eu\/tr\/wp-json\/wp\/v2\/pages"}],"about":[{"href":"https:\/\/career-academy.eu\/tr\/wp-json\/wp\/v2\/types\/page"}],"author":[{"embeddable":true,"href":"https:\/\/career-academy.eu\/tr\/wp-json\/wp\/v2\/users\/1"}],"replies":[{"embeddable":true,"href":"https:\/\/career-academy.eu\/tr\/wp-json\/wp\/v2\/comments?post=2"}],"version-history":[{"count":112,"href":"https:\/\/career-academy.eu\/tr\/wp-json\/wp\/v2\/pages\/2\/revisions"}],"predecessor-version":[{"id":481,"href":"https:\/\/career-academy.eu\/tr\/wp-json\/wp\/v2\/pages\/2\/revisions\/481"}],"wp:attachment":[{"href":"https:\/\/career-academy.eu\/tr\/wp-json\/wp\/v2\/media?parent=2"}],"curies":[{"name":"wp","href":"https:\/\/api.w.org\/{rel}","templated":true}]}}