{"id":60,"date":"2019-04-06T07:39:12","date_gmt":"2019-04-06T07:39:12","guid":{"rendered":"http:\/\/career-academy.eu\/?page_id=60"},"modified":"2020-01-30T18:02:57","modified_gmt":"2020-01-30T18:02:57","slug":"partners","status":"publish","type":"page","link":"https:\/\/career-academy.eu\/ro\/partners\/","title":{"rendered":"PARTNERS"},"content":{"rendered":"<p>[et_pb_section bb_built=&#8221;1&#8243; admin_label=&#8221;Hero Section&#8221; next_background_color=&#8221;#ffffff&#8221; _builder_version=&#8221;3.0.91&#8243; use_background_color_gradient=&#8221;on&#8221; background_color_gradient_start=&#8221;rgba(0,0,0,0.4)&#8221; background_color_gradient_end=&#8221;rgba(0,0,0,0.4)&#8221; background_color_gradient_overlays_image=&#8221;on&#8221; background_image=&#8221;http:\/\/career-academy.eu\/wp-content\/uploads\/2019\/04\/writer-02.jpg&#8221; background_position=&#8221;center_right&#8221; custom_padding=&#8221;6%||13.2%||false|false&#8221; bottom_divider_style=&#8221;slant&#8221; bottom_divider_height=&#8221;60px&#8221; background_color_gradient_direction__hover=&#8221;180deg&#8221; background_color_gradient_direction__hover_enabled=&#8221;180deg&#8221; background_color_gradient_start_position__hover=&#8221;0%&#8221; background_color_gradient_start_position__hover_enabled=&#8221;0%&#8221; background_color_gradient_end_position__hover=&#8221;100%&#8221; background_color_gradient_end_position__hover_enabled=&#8221;100%&#8221;][et_pb_row admin_label=&#8221;Page Title Area&#8221; _builder_version=&#8221;3.0.89&#8243;][et_pb_column type=&#8221;4_4&#8243;][et_pb_text admin_label=&#8221;Hero Section Title&#8221; _builder_version=&#8221;3.21.4&#8243; text_font=&#8221;Montserrat||||||||&#8221; text_font_size=&#8221;18px&#8221; text_line_height=&#8221;1.8em&#8221; header_font=&#8221;Montserrat|600||on|||||&#8221; header_font_size=&#8221;48px&#8221; header_font_size_phone=&#8221;28px&#8221; header_font_size_last_edited=&#8221;on|phone&#8221; header_letter_spacing=&#8221;3px&#8221; header_line_height=&#8221;1.3em&#8221; header_2_font=&#8221;Montserrat|700|||||||&#8221; header_2_text_color=&#8221;rgba(255,255,255,0.6)&#8221; header_2_font_size=&#8221;90px&#8221; header_2_font_size_phone=&#8221;50px&#8221; header_2_font_size_last_edited=&#8221;on|phone&#8221; header_2_letter_spacing=&#8221;3px&#8221; header_2_line_height=&#8221;1.1em&#8221; text_orientation=&#8221;center&#8221; background_layout=&#8221;dark&#8221; max_width=&#8221;700px&#8221; module_alignment=&#8221;center&#8221; custom_margin=&#8221;|||&#8221; animation_style=&#8221;fade&#8221; animation_direction=&#8221;bottom&#8221; z_index_tablet=&#8221;500&#8243;]<\/p>\n<h1>PARTENERI<\/h1>\n<p>&nbsp;<\/p>\n<p>[\/et_pb_text][\/et_pb_column][\/et_pb_row][\/et_pb_section][et_pb_section bb_built=&#8221;1&#8243; admin_label=&#8221;About Section&#8221; _builder_version=&#8221;3.21.4&#8243; background_color=&#8221;#ffffff&#8221; custom_padding=&#8221;7px||9px||false|false&#8221; prev_background_color=&#8221;#000000&#8243; next_background_color=&#8221;#000000&#8243;][\/et_pb_section][et_pb_section bb_built=&#8221;1&#8243; admin_label=&#8221;About Me Section&#8221; _builder_version=&#8221;3.0.89&#8243; custom_padding=&#8221;8px||5px||false|false&#8221; prev_background_color=&#8221;#000000&#8243; next_background_color=&#8221;#000000&#8243;][et_pb_row admin_label=&#8221;About Me Area&#8221; custom_padding=&#8221;13px|0px|27px|0|false|false&#8221; _builder_version=&#8221;3.0.89&#8243;][et_pb_column type=&#8221;1_2&#8243;][et_pb_text admin_label=&#8221;Title&#8221; _builder_version=&#8221;3.21.4&#8243; header_2_font=&#8221;Montserrat|600||on|||||&#8221; header_2_text_align=&#8221;center&#8221; header_2_font_size=&#8221;30px&#8221; custom_margin=&#8221;||5px|&#8221; animation_style=&#8221;slide&#8221; animation_direction=&#8221;top&#8221; animation_intensity_slide=&#8221;20%&#8221; animation_starting_opacity=&#8221;100%&#8221; z_index_tablet=&#8221;500&#8243;]<\/p>\n<h2>Universitatea de Stiin\u021be Sociale<\/h2>\n<p>[\/et_pb_text][et_pb_text _builder_version=&#8221;3.21.4&#8243; text_font_size=&#8221;16px&#8221; text_line_height=&#8221;1.8em&#8221; max_width=&#8221;90%&#8221; custom_margin=&#8221;|||&#8221; animation_style=&#8221;flip&#8221; animation_direction=&#8221;left&#8221; animation_intensity_flip=&#8221;30%&#8221; animation_starting_opacity=&#8221;100%&#8221; z_index_tablet=&#8221;500&#8243;]<\/p>\n<p><span lang=\"EN-GB\"><b>UNIVERSITATEA de \u0218TIIN\u021aE SOCIALE<\/b> este una dintre cele mai experimentate \u0219i mai mari universit\u0103\u021bi private din Polonia cu peste 25 de ani de experien\u021b\u0103. Ofer\u0103 educa\u021bie la nivel de licen\u021b\u0103, absolvent, masterat \u0219i doctorat \u00een marile ora\u0219e din Polonia \u0219i \u00een campusul sucursalelor din Londra. Ofera, de asemenea, oportunitatea de a termina un program de master american la Universitatea Clark (SUA). \u00cen clasamentele educa\u021bionale, publicate de influentele reviste na\u021bionale, Universitatea este plasat\u0103 pe o pozitie foarte buna. Exist\u0103 25 de departamente, inclusiv studii de cultur\u0103, \u0219tiin\u021b\u0103 educa\u021bional\u0103, psihologie \u0219i sociologie care contribuie cu experien\u021ba lor la acest proiect.<\/span><\/p>\n<p><span lang=\"EN-GB\">SAN ofer\u0103 educa\u021bie de \u00eenalt\u0103 calitate studen\u021bilor din \u00eentreaga lume. Oferta lor include, de asemenea, studii de master \u0219i doctorat \u0219i un program unic de master american \u00een colaborare cu Universitatea Clark. Scopul lor este de a inzestra studen\u021bii \u0219i absolven\u021bii cu cuno\u0219tin\u021be de specialitate \u0219i abilit\u0103\u021bi practice necesare pe pia\u021ba muncii din secolul 21, at\u00e2t la nivel local, c\u00e2t \u0219i la nivel interna\u021bional. Dezvoltarea intelectual\u0103 \u0219i personal\u0103 a studentilor este ajutat\u0103 de o mare varietate de programe educa\u021bionale \u0219i activit\u0103\u021bi extracurriculare. Se considera c\u0103 dezvoltarea intelectual\u0103 trebuie s\u0103 fie \u00eenso\u021bit\u0103 de dezvoltarea valorilor, cultivarea independen\u021bei responsabile \u0219i de aprecierea perspectivelor multiple. Universitatea are un caracter na\u021bional \u0219i interna\u021bional, atr\u0103g\u00e2nd studen\u021bi \u0219i facult\u0103\u021bi de mare calibru din toate colturile globului.<\/span><\/p>\n<p>[\/et_pb_text][et_pb_blurb title=&#8221;Spoleczna Akademia Nauk&#8221; icon_placement=&#8221;left&#8221; _builder_version=&#8221;3.21.4&#8243; header_font=&#8221;Montserrat|600|||||||&#8221; header_font_size=&#8221;20px&#8221; body_font_size=&#8221;16px&#8221; body_line_height=&#8221;1.8em&#8221; animation_style=&#8221;fold&#8221; animation_direction=&#8221;bottom&#8221; animation_intensity_fold=&#8221;20%&#8221; animation_starting_opacity=&#8221;100%&#8221; z_index_tablet=&#8221;500&#8243;]<\/p>\n<p><strong>(Polonia) <\/strong><strong><a href=\"http:\/\/www.swspiz.pl\">www.swspiz.pl<\/a><\/strong><\/p>\n<p>&nbsp;<\/p>\n<p>&nbsp;<\/p>\n<p>[\/et_pb_blurb][et_pb_text admin_label=&#8221;Title&#8221; _builder_version=&#8221;3.21.4&#8243; header_2_font=&#8221;Montserrat|600||on|||||&#8221; header_2_text_align=&#8221;center&#8221; header_2_font_size=&#8221;30px&#8221; custom_margin=&#8221;||5px|&#8221; animation_style=&#8221;slide&#8221; animation_direction=&#8221;top&#8221; animation_intensity_slide=&#8221;20%&#8221; animation_starting_opacity=&#8221;100%&#8221; z_index_tablet=&#8221;500&#8243;]<\/p>\n<h2><span lang=\"EN-GB\">Universitatea Alanya Alaaddin Keykubat (ALKU)<\/span><\/h2>\n<p>[\/et_pb_text][et_pb_text _builder_version=&#8221;3.21.4&#8243; text_font_size=&#8221;16px&#8221; text_line_height=&#8221;1.8em&#8221; max_width=&#8221;90%&#8221; custom_margin=&#8221;|||&#8221; animation_style=&#8221;flip&#8221; animation_direction=&#8221;left&#8221; animation_intensity_flip=&#8221;30%&#8221; animation_starting_opacity=&#8221;100%&#8221; z_index_tablet=&#8221;500&#8243;]<\/p>\n<p><strong>Universitatea Alanya Alaaddin Keykubat (ALKU)<\/strong> a fost \u00eenfiin\u021bat\u0103 \u00een 2015 ca universitate de stat in Alanya. ALKU \u00ee\u0219i propune s\u0103 ofere educa\u021bie superioar\u0103 calificat\u0103 \u00eentr-un mediu de \u00eenv\u0103\u021bare interna\u021bional. Cu cele opt facult\u0103\u021bi (Afaceri, Inginerie, Medicin\u0103, Educa\u021bie, Turism, \u0218tiin\u021bele Sportului, \u0218tiin\u021bele S\u0103n\u0103t\u0103\u021bii, Stomatologie), trei \u0219coli de absolvire (\u0218tiin\u021be, \u0218tiin\u021be Sociale, \u0218tiin\u021be ale S\u0103n\u0103t\u0103\u021bii) \u0219i cinci \u0219coli profesionale, universitatea ofer\u0103 o varietate de programe de de absolvire, de licenta si studii post universitare.<\/p>\n<p>Cu aproximativ 13.000 de studen\u021bi, universitatea a crescut rapid de la \u00eenfiin\u021bare; anul acesta vor \u00eencepe dou\u0103 noi programe de licen\u021b\u0103 \u00een limba englez\u0103 (Food Engineering &amp;amp; English Language Education) \u0219i vor mai fi deschise \u00een cur\u00e2nd alte programe. Pentru mai multe informa\u021bii, v\u0103 rug\u0103m s\u0103 vizita\u021bi: <a href=\"http:\/\/www.alanya.edu.tr\/\">http:\/\/www.alanya.edu.tr\/<\/a><\/p>\n<p>Prin adaptarea valorilor universale, centrarea pe o filozofie de management care vizeaz\u0103 implementarea conceptului de bine pentru umanitate, participarea la eforturile pentru educa\u021bie, cercetare \u0219i activit\u0103\u021bi social-culturale mai bune, \u00eencerc\u00e2nd s\u0103 rezolve problemele folosind capacitatea sa intelectual\u0103 \u0219i \u0219tiin\u021bific\u0103, concentr\u00e2ndu-se \u00een primul r\u00e2nd pe educarea persoanelor calificate, oferind prioritate pentru regiune, precum \u0219i pentru nevoile \u021b\u0103rii, aceasta este o universitate de pionierat care ofera o dezvoltare durabil\u0103 \u0219i solu\u021bii la probleme pentru a \u00eembun\u0103t\u0103\u021bi bun\u0103starea \u0219i pacea \u00een societate.<\/p>\n<p>[\/et_pb_text][et_pb_blurb title=&#8221;Universitatea Alanya Alaaddin Keykubat&#8221; icon_placement=&#8221;left&#8221; _builder_version=&#8221;3.21.4&#8243; header_font=&#8221;Montserrat|600|||||||&#8221; header_font_size=&#8221;20px&#8221; body_font_size=&#8221;16px&#8221; body_line_height=&#8221;1.8em&#8221; animation_style=&#8221;fold&#8221; animation_direction=&#8221;bottom&#8221; animation_intensity_fold=&#8221;20%&#8221; animation_starting_opacity=&#8221;100%&#8221; z_index_tablet=&#8221;500&#8243;]<\/p>\n<p><strong>\u00a0(Turcia)<\/strong><br \/><strong><a href=\"http:\/\/www.alanya.edu.tr\">www.alanya.edu.tr<\/a><\/strong><\/p>\n<p>&nbsp;<\/p>\n<p>&nbsp;<\/p>\n<p>&nbsp;<\/p>\n<p>[\/et_pb_blurb][et_pb_text admin_label=&#8221;Title&#8221; _builder_version=&#8221;3.21.4&#8243; header_2_font=&#8221;Montserrat|600||on|||||&#8221; header_2_text_align=&#8221;center&#8221; header_2_font_size=&#8221;30px&#8221; custom_margin=&#8221;||5px|&#8221; animation_style=&#8221;slide&#8221; animation_direction=&#8221;top&#8221; animation_intensity_slide=&#8221;20%&#8221; animation_starting_opacity=&#8221;100%&#8221; z_index_tablet=&#8221;500&#8243;]<\/p>\n<h2><span lang=\"EN-GB\">Innovaform Nonprofit Ltd<\/span><\/h2>\n<p>[\/et_pb_text][et_pb_text _builder_version=&#8221;3.21.4&#8243; text_font_size=&#8221;16px&#8221; text_line_height=&#8221;1.8em&#8221; max_width=&#8221;90%&#8221; custom_margin=&#8221;|||&#8221; animation_style=&#8221;flip&#8221; animation_direction=&#8221;left&#8221; animation_intensity_flip=&#8221;30%&#8221; animation_starting_opacity=&#8221;100%&#8221; z_index_tablet=&#8221;500&#8243;]<\/p>\n<p><strong>Innovaform Nonprofit Ltd <\/strong>este un centru de educa\u021bie specializat \u00een aspecte rela\u021bionale \u0219i comunica\u021bionale din via\u021ba organiza\u021bional\u0103. Combin\u0103m diferite experien\u021be complementare dezvoltate \u00een contextul diferitelor activit\u0103\u021bi europene \u0219i interna\u021bionale.<\/p>\n<p>Pe langa programele de educa\u021bie \u0219i formare, compania noastr\u0103 \u0219i-a propus un obiectiv pentru cre\u0219terea competitivit\u0103\u021bii pe pia\u021b\u0103 a serviciilor de consultan\u021b\u0103 \u0219i parteneriate, oferind constant servicii complexe \u0219i personalizate pentru agentii economici \u0219i sociali prin diferite programe, proiecte. Prin intermediul re\u021belei noastre largi, cre\u0103m, dezvolt\u0103m \u0219i implement\u0103m abord\u0103ri inovatoare \u00een domeniul educa\u021biei cu ajutorul echipei noastre de exper\u021bi \u00eenalt califica\u021bi din diferite domenii de cunoa\u0219tere. Credem c\u0103 un sistem de \u00eenv\u0103\u021b\u0103m\u00e2nt bine structurat poate face fa\u021b\u0103 problemei cre\u0219terii nivelului \u0219omajului din cauza p\u0103r\u0103sirii premature a \u0219colii \u0219i a lucr\u0103torilor adul\u021bi cu abilit\u0103\u021bi reduse.<\/p>\n<p>Principalele noastre servicii sunt:<\/p>\n<ul>\n<li>Managementul resurselor umane<\/li>\n<li>Consultanta pentru organiza\u021bii, echipe, grupuri, comunit\u0103\u021bi sau persoane fizice<\/li>\n<li>Asisten\u021b\u0103 tehnic\u0103 special\u0103 pentru ini\u021biative de cooperare interna\u021bional\u0103<\/li>\n<li>Dezvoltarea competen\u021belor<\/li>\n<li>Educa\u021bie \u0219i instruire<\/li>\n<\/ul>\n<p>Avem trei centre principale: 1. Centru de instruire, 2. Centru interna\u021bional, 3. Centru de tineret<\/p>\n<p>Noi, la Innovaform, credem c\u0103 dezvoltarea abilit\u0103\u021bilor \u0219i a cuno\u0219tin\u021belor nu este suficient\u0103 pentru un stil de via\u021b\u0103 s\u0103n\u0103tos, productiv \u0219i pozitiv, prin urmare implic\u0103m \u0219i organiz\u0103m evenimente sportive, \u00een programul nostru, precum \u0219i activitati de sensibilizare referitor la valoarea sportului \u0219i activit\u0103\u021bii fizice.<\/p>\n<p>Scopurile noastre sunt:<\/p>\n<ul>\n<li>Sa oferim proiecte cu o experien\u021b\u0103 utilizator (EU) practica pentru a ajuta utilizatorii finali care sa fie pe placul anali\u0219tilor, studen\u021bilor sau altor parteneri<\/li>\n<li>Sa aducem companiile aproape de clien\u021bii lor prin dezvoltarea de aplica\u021bii personalizate<\/li>\n<\/ul>\n<p>&nbsp;<\/p>\n<p>Echipa noastr\u0103 creativ\u0103 poate realiza campanii de PR (relatii publice) \u0219i marketing.<\/p>\n<p>Avem contact cu tinerii, deoarece avem un program de practic\u0103 pentru studen\u021bi de la universitate.<\/p>\n<p>[\/et_pb_text][et_pb_blurb title=&#8221;Innovaform Kozhasznu Nonprofit KFT&#8221; icon_placement=&#8221;left&#8221; _builder_version=&#8221;3.21.4&#8243; header_font=&#8221;Montserrat|600|||||||&#8221; header_font_size=&#8221;20px&#8221; body_font_size=&#8221;16px&#8221; body_line_height=&#8221;1.8em&#8221; animation_style=&#8221;fold&#8221; animation_direction=&#8221;bottom&#8221; animation_intensity_fold=&#8221;20%&#8221; animation_starting_opacity=&#8221;100%&#8221; z_index_tablet=&#8221;500&#8243;]<\/p>\n<p><strong>(Ungaria) <\/strong><strong><a href=\"http:\/\/www.innovaform.hu\">www.innovaform.hu<\/a><\/strong><\/p>\n<p>&nbsp;<\/p>\n<p>&nbsp;<\/p>\n<p>[\/et_pb_blurb][\/et_pb_column][et_pb_column type=&#8221;1_2&#8243;][et_pb_text admin_label=&#8221;Title&#8221; _builder_version=&#8221;3.21.4&#8243; text_font=&#8221;||||||||&#8221; header_font=&#8221;||||||||&#8221; header_2_font=&#8221;Montserrat|600||on|||||&#8221; header_2_text_align=&#8221;center&#8221; header_2_font_size=&#8221;30px&#8221; custom_margin=&#8221;||5px|&#8221; animation_style=&#8221;slide&#8221; animation_direction=&#8221;top&#8221; animation_intensity_slide=&#8221;20%&#8221; animation_starting_opacity=&#8221;100%&#8221;]<\/p>\n<h2>ProMAs<\/h2>\n<p>[\/et_pb_text][et_pb_text _builder_version=&#8221;3.21.4&#8243; text_font_size=&#8221;16px&#8221; text_line_height=&#8221;1.8em&#8221; max_width=&#8221;90%&#8221; custom_margin=&#8221;|||&#8221; animation_style=&#8221;flip&#8221; animation_direction=&#8221;left&#8221; animation_intensity_flip=&#8221;30%&#8221; animation_starting_opacity=&#8221;100%&#8221; z_index_tablet=&#8221;500&#8243;]<\/p>\n<p>ProMAs este o asocia\u021bie de profesori, ingineri \u0219i formatori, care are scopul principal de a facilita accesul la \u00eenv\u0103\u021bare ca o modalitate de \u00eembun\u0103t\u0103\u021bire a calit\u0103\u021bii vie\u021bii. Membrii no\u0219tri sunt implica\u021bi \u00een educa\u021bia de ultim\u0103 genera\u021bie \u0219i sunt certifica\u021bi VET ca formatori, formatori de formatori, speciali\u0219ti \u00een sisteme de calitate, cu experien\u021b\u0103 \u00een proiecte interna\u021bionale, multidisciplinare, de cercetare.<\/p>\n<p><strong>Membrii no\u0219tri<\/strong>, colaboreaz\u0103 cu institu\u021bii sociale, educa\u021bionale \u0219i profesionale, centre de formare a adul\u021bilor din regiune \u00een domeniul promov\u0103rii metodelor inovatoare utilizand \u00eendrumarea pentru a oferi cuno\u0219tin\u021be \u0219i competen\u021be cheie.<\/p>\n<p>Organiza\u021bia noastr\u0103 are <strong>experienta \u00een urm\u0103toarele domenii:<\/strong> diseminare \u0219i valorificare, dezvoltarea con\u021binutului de \u00eenv\u0103\u021bare electronic\u0103, instruire \u0219i cercetare interdisciplinar\u0103, \u00eenv\u0103\u021bare mixta, \u00eendrumare, testarea con\u021binuturilor \u00een formari pilot. Targetam toate <strong>grupurile \u021bint\u0103 <\/strong>ale proiectului: adul\u021bi, tineri, formatori, factori de decizie, beneficiari indirecti ai proiectului. Am organizat \u00eencep\u00e2nd cu 2007 numeroase activit\u0103\u021bi locale, regionale \u0219i na\u021bionale, cum ar fi conferin\u021be \u0219i simpozioane. ProMas a organizat campanii pe diferite subiecte: discriminare legat\u0103 de etnie, gen, religie, xenofobie, dizabilitati \u0219i integrarea persoanelor cu dizabilit\u0103\u021bi, management educa\u021bional, comunicare activ\u0103, via\u021b\u0103 activ\u0103, via\u021b\u0103 s\u0103n\u0103toas\u0103, violen\u021b\u0103 \u0219i violen\u021b\u0103 \u00een familie, siguran\u021b\u0103 \u00een munc\u0103, educa\u021bie intercultural\u0103, planificare carier\u0103.<\/p>\n<p>Membrii ProMAs au experien\u021b\u0103 \u00een cooperarea UE (\u00een calitate de partener \/ promotor) \u00een programele UE: <strong>+20 SOCRATES-GRUNDTVIG LLL, 4 COMENIUS, 1 COMENIUS Multilateral, 3 LEONARDO TOI, 2 LEONARDO plasament \u0219i mobilitate, 2 proiecte Erasmus+.<\/strong> \u00cen proiectele noastre am avut un rol activ \u00een: studierea modului \u00een care proiectul va r\u0103spunde la dob\u00e2ndirea competen\u021belor cheie pentru \u00eenv\u0103\u021barea pe tot parcursul vie\u021bii, elemente cruciale pentru succes, testarea platformelor de \u00eenv\u0103\u021bare electronic\u0103, proiectarea \u0219i implementarea strategiei de diseminare \u0219i valorificare, preg\u0103tirea activit\u0103\u021bilor de transfer experimental a resurselor proiectului, proiectarea \u0219i implementarea evalu\u0103rii interne a proiectului.<\/p>\n<p>[\/et_pb_text][et_pb_blurb title=&#8221;Project Management Association&#8221; icon_placement=&#8221;left&#8221; _builder_version=&#8221;3.21.4&#8243; header_font=&#8221;Montserrat|600|||||||&#8221; header_font_size=&#8221;20px&#8221; body_font_size=&#8221;16px&#8221; body_line_height=&#8221;1.8em&#8221; animation_style=&#8221;fold&#8221; animation_direction=&#8221;bottom&#8221; animation_intensity_fold=&#8221;20%&#8221; animation_starting_opacity=&#8221;100%&#8221; z_index_tablet=&#8221;500&#8243;]<\/p>\n<p><strong>\u00a0(Romania)\u00a0 <br \/><\/strong><strong><a href=\"http:\/\/www.promasprojects.ro\">www.promasprojects.ro<\/a><\/strong><\/p>\n<p>&nbsp;<\/p>\n<p>[\/et_pb_blurb][et_pb_text admin_label=&#8221;Title&#8221; _builder_version=&#8221;3.21.4&#8243; header_2_font=&#8221;Montserrat|600||on|||||&#8221; header_2_text_align=&#8221;center&#8221; header_2_font_size=&#8221;30px&#8221; custom_margin=&#8221;||5px|&#8221; animation_style=&#8221;slide&#8221; animation_direction=&#8221;top&#8221; animation_intensity_slide=&#8221;20%&#8221; animation_starting_opacity=&#8221;100%&#8221; z_index_tablet=&#8221;500&#8243;]<\/p>\n<h2><span lang=\"EN-GB\">IES RIBEIRA DO LOURO (IESRDL)<\/span><\/h2>\n<p>[\/et_pb_text][et_pb_text _builder_version=&#8221;3.21.4&#8243; text_font_size=&#8221;16px&#8221; text_line_height=&#8221;1.8em&#8221; max_width=&#8221;90%&#8221; custom_margin=&#8221;|||&#8221; animation_style=&#8221;flip&#8221; animation_direction=&#8221;left&#8221; animation_intensity_flip=&#8221;30%&#8221; animation_starting_opacity=&#8221;100%&#8221; z_index_tablet=&#8221;500&#8243;]<\/p>\n<p><strong>IES Ribeira Do Louro (IESRdL)<\/strong>, este o \u0219coal\u0103 de \u00eenv\u0103\u021b\u0103m\u00e2nt secundar care ofer\u0103 cursuri de \u00eenv\u0103\u021b\u0103m\u00e2nt general, formare profesional\u0103 \u0219i educa\u021bie pentru adul\u021bi. Este amplasata \u00een Porri\u00f1o (Pontevedra) \u00een sud-vestul Spaniei, l\u00e2ng\u0103 Vigo. IESRdL are aproximativ 700 de elevi \u0219i 80 de profesori \u0219i ofer\u0103, printre alte cursuri de specialitate, cursuri de perfec\u021bionare la nivel avansat \u00een comer\u021b interna\u021bional, sisteme de administrare administrativ\u0103 \u0219i financiar\u0103 \u0219i sisteme de telecomunica\u021bii \u0219i tehnologie a informa\u021biei.<\/p>\n<p><strong>Tehnologie.<\/strong><\/p>\n<p>\u0218coala are o experien\u021b\u0103 vast\u0103 \u00een implementarea proiectelor europene de cercetare \u0219i mobilitate. IES RdL a participat, at\u00e2t ca promotor \/ coordonator, c\u00e2t \u0219i ca partener, la diferite proiecte din Programul de \u00eenv\u0103\u021bare continu\u0103, programul Leonardo da Vinci \u0219i Socrates, Interreg \u0219i alte proiecte na\u021bionale. Mai mult, IES RdL particip\u0103 la proiecte de mobilitate din 1996, ca organiza\u021bie gazd\u0103 \u0219i organizatie expeditoare. A inclus peste 400 de elevi \u0219i cadre didactice \u00een cadrul programelor de \u00eenv\u0103\u021bare pe tot parcursul vie\u021bii \u0219i proiectelor de mobilitate regionale ale guvernului. IES RdL a participat, de asemenea, la un Interreg III \u00een 2001\/2004 \u2013PPIER.<\/p>\n<p>Amador Ord\u00f3\u00f1ez este profesor de Afaceri interna\u021bionale cu studii economice. Cu o experien\u021b\u0103 vast\u0103 \u00een coordonarea proiectelor europene din 1996. A coordonat proiectul EMPORT -Improve Employability and Enhance European Competitiveness through the Acquisition of Language and Cultural Competences &#8211; \u00cembun\u0103t\u0103\u021birea capacitatii de angajare \u0219i \u00eembun\u0103t\u0103\u021birea competitivitatii europene prin achizi\u021bia competen\u021belor lingvistice \u0219i culturale \u00een limba portughez\u0103 \u0219i proiectul ARBAX, legat de prevenirea bullyingului (www.schoolbullying.eu). A fost coordonator \u00een diferite proiecte unde s-au dezvoltat cursuri de limbi str\u0103ine, se pot consulta www.chinesecom.eu (curs multimedia de limba chinez\u0103) \u0219i www.linguasnet.com (4 cursuri de nivel ini\u021bial, limba englez\u0103, limba spaniol\u0103, limba rom\u00e2n\u0103 \u0219i limba portughez\u0103 pentru imigran\u021bi). A coordonat, de asemenea, dou\u0103 proiecte diferite legate de persoane de etnie rroma, Travelcom, unde a fost dezvoltat un curs de comer\u021b \u0219i marketing pentru \u00eembun\u0103t\u0103\u021birea competen\u021belor persoanelor de etnie rroma \u0219i c\u0103l\u0103torilor, \u00een vederea \u00eembun\u0103t\u0103\u021birii accesului \u0219i permanen\u021bei pe pia\u021ba muncii, iar \u00een 2000 a coordonat un proiect Comenius 2 intitulat \u201eNoi instrumente pentru instruirea c\u0103l\u0103torilor\u201d unde s-a dezvoltat un curs de matematic\u0103 \u0219i limb\u0103 pentru \u00eenv\u0103\u021b\u0103m\u00e2ntul primar. El a coordonat proiectul Romaninet care a dezvoltat un curs de limba rom\u00e2n\u0103 multimedia, care a fost aprobat \u00een cadrul Programului LLPTransversal &#8211; Multilateral \u2013 Activitate K2.<\/p>\n<p>[\/et_pb_text][et_pb_blurb title=&#8221;IES Ribeira do Louro&#8221; icon_placement=&#8221;left&#8221; _builder_version=&#8221;3.21.4&#8243; header_font=&#8221;Montserrat|600|||||||&#8221; header_font_size=&#8221;20px&#8221; body_font_size=&#8221;16px&#8221; body_line_height=&#8221;1.8em&#8221; animation_style=&#8221;fold&#8221; animation_direction=&#8221;bottom&#8221; animation_intensity_fold=&#8221;20%&#8221; animation_starting_opacity=&#8221;100%&#8221; z_index_tablet=&#8221;500&#8243;]<\/p>\n<p><strong>\u00a0(Spania) <\/strong><a href=\"http:\/\/www.ribeira.org\/\"><strong>www.ribeira.org<\/strong><\/a><\/p>\n<p>[\/et_pb_blurb][\/et_pb_column][\/et_pb_row][\/et_pb_section][et_pb_section bb_built=&#8221;1&#8243; _builder_version=&#8221;3.21.4&#8243; custom_padding=&#8221;42px|0px|28px|0px|false|false&#8221; saved_tabs=&#8221;all&#8221; prev_background_color=&#8221;#000000&#8243; global_module=&#8221;323&#8243;][et_pb_row global_parent=&#8221;323&#8243; _builder_version=&#8221;3.21.4&#8243; custom_padding=&#8221;0|0px|0|0px|false|false&#8221;][et_pb_column type=&#8221;4_4&#8243;][et_pb_image global_parent=&#8221;323&#8243; align=&#8221;center&#8221; max_width=&#8221;35%&#8221; src=&#8221;http:\/\/career-academy.eu\/wp-content\/uploads\/2019\/12\/logo_ab_baskanligi_yazisiz.png&#8221; _builder_version=&#8221;3.21.4&#8243; module_alignment=&#8221;center&#8221; \/][\/et_pb_column][\/et_pb_row][\/et_pb_section]<\/p>","protected":false},"excerpt":{"rendered":"<p>PARTENERI &nbsp; Universitatea de Stiin\u021be Sociale UNIVERSITATEA de \u0218TIIN\u021aE SOCIALE este una dintre cele mai experimentate \u0219i mai mari universit\u0103\u021bi private din Polonia cu peste 25 de ani de experien\u021b\u0103. Ofer\u0103 educa\u021bie la nivel de licen\u021b\u0103, absolvent, masterat \u0219i doctorat \u00een marile ora\u0219e din Polonia \u0219i \u00een campusul sucursalelor din Londra. Ofera, de asemenea, oportunitatea [&hellip;]<\/p>\n","protected":false},"author":1,"featured_media":0,"parent":0,"menu_order":0,"comment_status":"closed","ping_status":"closed","template":"","meta":{"_et_pb_use_builder":"on","_et_pb_old_content":"","_et_gb_content_width":""},"_links":{"self":[{"href":"https:\/\/career-academy.eu\/ro\/wp-json\/wp\/v2\/pages\/60"}],"collection":[{"href":"https:\/\/career-academy.eu\/ro\/wp-json\/wp\/v2\/pages"}],"about":[{"href":"https:\/\/career-academy.eu\/ro\/wp-json\/wp\/v2\/types\/page"}],"author":[{"embeddable":true,"href":"https:\/\/career-academy.eu\/ro\/wp-json\/wp\/v2\/users\/1"}],"replies":[{"embeddable":true,"href":"https:\/\/career-academy.eu\/ro\/wp-json\/wp\/v2\/comments?post=60"}],"version-history":[{"count":52,"href":"https:\/\/career-academy.eu\/ro\/wp-json\/wp\/v2\/pages\/60\/revisions"}],"predecessor-version":[{"id":445,"href":"https:\/\/career-academy.eu\/ro\/wp-json\/wp\/v2\/pages\/60\/revisions\/445"}],"wp:attachment":[{"href":"https:\/\/career-academy.eu\/ro\/wp-json\/wp\/v2\/media?parent=60"}],"curies":[{"name":"wp","href":"https:\/\/api.w.org\/{rel}","templated":true}]}}