{"id":60,"date":"2019-04-06T07:39:12","date_gmt":"2019-04-06T07:39:12","guid":{"rendered":"http:\/\/career-academy.eu\/?page_id=60"},"modified":"2020-01-30T18:02:57","modified_gmt":"2020-01-30T18:02:57","slug":"partners","status":"publish","type":"page","link":"https:\/\/career-academy.eu\/pl\/partners\/","title":{"rendered":"PARTNERS"},"content":{"rendered":"<p>[et_pb_section bb_built=&#8221;1&#8243; admin_label=&#8221;Hero Section&#8221; next_background_color=&#8221;#ffffff&#8221; _builder_version=&#8221;3.0.91&#8243; use_background_color_gradient=&#8221;on&#8221; background_color_gradient_start=&#8221;rgba(0,0,0,0.4)&#8221; background_color_gradient_end=&#8221;rgba(0,0,0,0.4)&#8221; background_color_gradient_overlays_image=&#8221;on&#8221; background_image=&#8221;http:\/\/career-academy.eu\/wp-content\/uploads\/2019\/04\/writer-02.jpg&#8221; background_position=&#8221;center_right&#8221; custom_padding=&#8221;6%||13.2%||false|false&#8221; bottom_divider_style=&#8221;slant&#8221; bottom_divider_height=&#8221;60px&#8221; background_color_gradient_direction__hover=&#8221;180deg&#8221; background_color_gradient_direction__hover_enabled=&#8221;180deg&#8221; background_color_gradient_start_position__hover=&#8221;0%&#8221; background_color_gradient_start_position__hover_enabled=&#8221;0%&#8221; background_color_gradient_end_position__hover=&#8221;100%&#8221; background_color_gradient_end_position__hover_enabled=&#8221;100%&#8221;][et_pb_row admin_label=&#8221;Page Title Area&#8221; _builder_version=&#8221;3.0.89&#8243;][et_pb_column type=&#8221;4_4&#8243;][et_pb_text admin_label=&#8221;Hero Section Title&#8221; _builder_version=&#8221;3.21.4&#8243; text_font=&#8221;Montserrat||||||||&#8221; text_font_size=&#8221;18px&#8221; text_line_height=&#8221;1.8em&#8221; header_font=&#8221;Montserrat|600||on|||||&#8221; header_font_size=&#8221;48px&#8221; header_font_size_phone=&#8221;28px&#8221; header_font_size_last_edited=&#8221;on|phone&#8221; header_letter_spacing=&#8221;3px&#8221; header_line_height=&#8221;1.3em&#8221; header_2_font=&#8221;Montserrat|700|||||||&#8221; header_2_text_color=&#8221;rgba(255,255,255,0.6)&#8221; header_2_font_size=&#8221;90px&#8221; header_2_font_size_phone=&#8221;50px&#8221; header_2_font_size_last_edited=&#8221;on|phone&#8221; header_2_letter_spacing=&#8221;3px&#8221; header_2_line_height=&#8221;1.1em&#8221; text_orientation=&#8221;center&#8221; background_layout=&#8221;dark&#8221; max_width=&#8221;700px&#8221; module_alignment=&#8221;center&#8221; custom_margin=&#8221;|||&#8221; animation_style=&#8221;fade&#8221; animation_direction=&#8221;bottom&#8221; z_index_tablet=&#8221;500&#8243;]<\/p>\n<h1>PARTNERZY<\/h1>\n<p>&nbsp;<\/p>\n<p>[\/et_pb_text][\/et_pb_column][\/et_pb_row][\/et_pb_section][et_pb_section bb_built=&#8221;1&#8243; admin_label=&#8221;About Section&#8221; _builder_version=&#8221;3.21.4&#8243; background_color=&#8221;#ffffff&#8221; custom_padding=&#8221;7px||9px||false|false&#8221; prev_background_color=&#8221;#000000&#8243; next_background_color=&#8221;#000000&#8243;][\/et_pb_section][et_pb_section bb_built=&#8221;1&#8243; admin_label=&#8221;About Me Section&#8221; _builder_version=&#8221;3.0.89&#8243; custom_padding=&#8221;8px||5px||false|false&#8221; prev_background_color=&#8221;#000000&#8243; next_background_color=&#8221;#000000&#8243;][et_pb_row admin_label=&#8221;About Me Area&#8221; custom_padding=&#8221;13px|0px|27px|0|false|false&#8221; _builder_version=&#8221;3.0.89&#8243;][et_pb_column type=&#8221;1_2&#8243;][et_pb_text admin_label=&#8221;Title&#8221; _builder_version=&#8221;3.21.4&#8243; header_2_font=&#8221;Montserrat|600||on|||||&#8221; header_2_text_align=&#8221;center&#8221; header_2_font_size=&#8221;30px&#8221; custom_margin=&#8221;||5px|&#8221; animation_style=&#8221;slide&#8221; animation_direction=&#8221;top&#8221; animation_intensity_slide=&#8221;20%&#8221; animation_starting_opacity=&#8221;100%&#8221; z_index_tablet=&#8221;500&#8243;]<\/p>\n<h2>SPO\u0141ECZNA AKADEMIAN NAUK<\/h2>\n<p>[\/et_pb_text][et_pb_text _builder_version=&#8221;3.21.4&#8243; text_font_size=&#8221;16px&#8221; text_line_height=&#8221;1.8em&#8221; max_width=&#8221;90%&#8221; custom_margin=&#8221;|||&#8221; animation_style=&#8221;flip&#8221; animation_direction=&#8221;left&#8221; animation_intensity_flip=&#8221;30%&#8221; animation_starting_opacity=&#8221;100%&#8221; z_index_tablet=&#8221;500&#8243;]<\/p>\n<p><span lang=\"EN-GB\"><b>Spo\u0142eczna Akademia Nauk<\/b> jest jednym z najbardziej do\u015bwiadczonych i najwi\u0119kszych prywatnych uniwersytet\u00f3w w Polsce z ponad 25-letnim do\u015bwiadczeniem. Oferuje edukacj\u0119 na poziomie licencjackim, magisterskim i doktoranckim w najwi\u0119kszych miastach w Polsce oraz w kampusie, kt\u00f3rego filia mie\u015bci si\u0119 w Londynie. Oferujemy r\u00f3wnie\u017c mo\u017cliwo\u015b\u0107 uko\u0144czenia ameryka\u0144skiego programu studi\u00f3w magisterskich na Uniwersytecie Clark (USA). W rankingach edukacyjnych publikowanych przez wp\u0142ywowe czasopisma krajowe uniwersytet zajmuje bardzo wysok\u0105 pozycj\u0119. Na uczelni istnieje 25 wydzia\u0142\u00f3w, w tym Kulturoznawstwo, Nauka o Edukacji, Psychologia i Socjologia, kt\u00f3re wnios\u0105 swoje do\u015bwiadczenie w ten projekt.<\/span><\/p>\n<p><span lang=\"EN-GB\">SAN zapewnia wysokiej jako\u015bci edukacj\u0119 uczniom z ca\u0142ego \u015bwiata. Nasza oferta obejmuje tak\u017ce studia MBA i doktoranckie oraz unikalny ameryka\u0144ski program studi\u00f3w magisterskich we wsp\u00f3\u0142pracy z Clark University. Ich celem jest wyposa\u017cenie student\u00f3w i absolwent\u00f3w w specjalistyczn\u0105 wiedz\u0119 i umiej\u0119tno\u015bci praktyczne potrzebne na rynku pracy XXI wieku, zar\u00f3wno na poziomie lokalnym, jak i mi\u0119dzynarodowym. Rozw\u00f3j intelektualny i osobisty uczni\u00f3w jest wspierany przez szeroki wachlarz program\u00f3w edukacyjnych i zaj\u0119\u0107 pozalekcyjnych. Kadra dydaktyczna uwa\u017ca, \u017ce wzrostowi intelektualnemu musi towarzyszy\u0107 rozw\u00f3j warto\u015bci, kultywowanie odpowiedzialnej niezale\u017cno\u015bci i docenienie szeregu perspektyw. Uniwersytet utrzymuje krajowy i mi\u0119dzynarodowy charakter, przyci\u0105gaj\u0105c student\u00f3w i wyk\u0142adowc\u00f3w o wysokich kwalifikacjach ze wszystkich stron \u015bwiata.<\/span><\/p>\n<p>[\/et_pb_text][et_pb_blurb title=&#8221;Spo\u0142eczna Akademia Nauk&#8221; icon_placement=&#8221;left&#8221; _builder_version=&#8221;3.21.4&#8243; header_font=&#8221;Montserrat|600|||||||&#8221; header_font_size=&#8221;20px&#8221; body_font_size=&#8221;16px&#8221; body_line_height=&#8221;1.8em&#8221; animation_style=&#8221;fold&#8221; animation_direction=&#8221;bottom&#8221; animation_intensity_fold=&#8221;20%&#8221; animation_starting_opacity=&#8221;100%&#8221; z_index_tablet=&#8221;500&#8243;]<\/p>\n<p>\n<strong>(Polska) <\/strong><strong><a href=\"http:\/\/www.san.edu.pl\">www.san.edu.pl<\/a><\/strong><\/p>\n<p>&nbsp;<\/p>\n<p>&nbsp;<\/p>\n<p>[\/et_pb_blurb][et_pb_text admin_label=&#8221;Title&#8221; _builder_version=&#8221;3.21.4&#8243; text_font=&#8221;||||||||&#8221; header_font=&#8221;||||||||&#8221; header_2_font=&#8221;Montserrat|600||on|||||&#8221; header_2_text_align=&#8221;center&#8221; header_2_font_size=&#8221;30px&#8221; custom_margin=&#8221;||5px|&#8221; animation_style=&#8221;slide&#8221; animation_direction=&#8221;top&#8221; animation_intensity_slide=&#8221;20%&#8221; animation_starting_opacity=&#8221;100%&#8221;]<\/p>\n<h2><span lang=\"EN-GB\">Alanya Alaaddin Keykubat University (ALKU)<\/span><\/h2>\n<p>[\/et_pb_text][et_pb_text _builder_version=&#8221;3.21.4&#8243; text_font_size=&#8221;16px&#8221; text_line_height=&#8221;1.8em&#8221; max_width=&#8221;90%&#8221; custom_margin=&#8221;|||&#8221; animation_style=&#8221;flip&#8221; animation_direction=&#8221;left&#8221; animation_intensity_flip=&#8221;30%&#8221; animation_starting_opacity=&#8221;100%&#8221; z_index_tablet=&#8221;500&#8243;]<\/p>\n<p><strong>Alanya Alaaddin Keykubat University (ALKU) <\/strong>zosta\u0142 za\u0142o\u017cony w 2015 roku jako uniwersytet pa\u0144stwowy w Alanyi. ALKU d\u0105\u017cy do zapewnienia wykwalifikowanego szkolnictwa wy\u017cszego w mi\u0119dzynarodowym \u015brodowisku edukacyjnym. Dzi\u0119ki o\u015bmiu wydzia\u0142om (biznes, in\u017cynieria, medycyna, edukacja, turystyka, nauki sportowe, nauki o zdrowiu, stomatologii), trzem szko\u0142om podyplomowym (nauki \u015bcis\u0142e, nauki spo\u0142eczne, nauki o zdrowiu) i pi\u0119ciu szko\u0142om zawodowym uniwersytet oferuje r\u00f3\u017cnorodne stopnie naukowe, licencjackie i programy dla absolwent\u00f3w.<\/p>\n<p>Licz\u0105c oko\u0142o 13 000 student\u00f3w, uniwersytet szybko si\u0119 rozwija od samego pocz\u0105tku istnienia; w tym rozpoczn\u0105 si\u0119 dwa nowe programy licencjackie w j\u0119zyku angielskim (in\u017cynieria \u017cywno\u015bci i edukacja w j\u0119zyku angielskim), a wkr\u00f3tce zostanie uruchomionych kilka innych program\u00f3w. Aby uzyska\u0107 wi\u0119cej informacji, odwied\u017a stron\u0119: <a href=\"http:\/\/www.alanya.edu.tr\/\">http:\/\/www.alanya.edu.tr\/<\/a><\/p>\n<p>Adaptacja uniwersalnych warto\u015bci, koncentracja filozofii zarz\u0105dzania ukierunkowanej na tworzenie dobra dla ludzko\u015bci, uczestnictwo w staraniach o lepsz\u0105 edukacj\u0119, badania i dzia\u0142ania spo\u0142eczno- kulturowe, pr\u00f3ba rozwi\u0105zywania problem\u00f3w poprzez wykorzystanie zdolno\u015bci intelektualnych i naukowych, jest priorytetem dla regionu, a tak\u017ce potrzeb kraju, jak r\u00f3wnie\u017c uniwersytetu jako pionierskiego i prowadz\u0105cego do zapewnienia zr\u00f3wnowa\u017conego rozwoju i rozwi\u0105zywania problem\u00f3w w celu poprawy dobrobytu i pokoju w spo\u0142ecze\u0144stwie.<\/p>\n<p>[\/et_pb_text][et_pb_blurb title=&#8221;Alanya Alaaddin Keykubat University&#8221; icon_placement=&#8221;left&#8221; _builder_version=&#8221;3.21.4&#8243; header_font=&#8221;Montserrat|600|||||||&#8221; header_font_size=&#8221;20px&#8221; body_font_size=&#8221;16px&#8221; body_line_height=&#8221;1.8em&#8221; animation_style=&#8221;fold&#8221; animation_direction=&#8221;bottom&#8221; animation_intensity_fold=&#8221;20%&#8221; animation_starting_opacity=&#8221;100%&#8221; z_index_tablet=&#8221;500&#8243;]<\/p>\n<p><strong>\u00a0(Indyk) <\/strong><br \/><strong><a href=\"http:\/\/www.alanya.edu.tr\">www.alanya.edu.tr<\/a><\/strong><\/p>\n<p>&nbsp;<\/p>\n<p>&nbsp;<\/p>\n<p>&nbsp;<\/p>\n<p>[\/et_pb_blurb][et_pb_text admin_label=&#8221;Title&#8221; _builder_version=&#8221;3.21.4&#8243; header_2_font=&#8221;Montserrat|600||on|||||&#8221; header_2_text_align=&#8221;center&#8221; header_2_font_size=&#8221;30px&#8221; custom_margin=&#8221;||5px|&#8221; animation_style=&#8221;slide&#8221; animation_direction=&#8221;top&#8221; animation_intensity_slide=&#8221;20%&#8221; animation_starting_opacity=&#8221;100%&#8221; z_index_tablet=&#8221;500&#8243;]<\/p>\n<h2><span lang=\"EN-GB\">Innovaform Nonprofit Ltd<\/span><\/h2>\n<p>[\/et_pb_text][et_pb_text _builder_version=&#8221;3.21.4&#8243; text_font_size=&#8221;16px&#8221; text_line_height=&#8221;1.8em&#8221; max_width=&#8221;90%&#8221; custom_margin=&#8221;|||&#8221; animation_style=&#8221;flip&#8221; animation_direction=&#8221;left&#8221; animation_intensity_flip=&#8221;30%&#8221; animation_starting_opacity=&#8221;100%&#8221; z_index_tablet=&#8221;500&#8243;]<\/p>\n<p><strong>Innovaform Nonprofit Ltd <\/strong>to centrum edukacji specjalizuj\u0105ce si\u0119 w relacyjnych i komunikacyjnych aspektach \u017cycia organizacyjnego. \u0141\u0105czymy r\u00f3\u017cne uzupe\u0142niaj\u0105ce si\u0119 do\u015bwiadczenia opracowane w kontek\u015bcie dzia\u0142a\u0144 europejskich i mi\u0119dzynarodowych.<\/p>\n<p>Opr\u00f3cz program\u00f3w edukacyjnych i szkoleniowych nasza firma postawi\u0142a sobie za cel zwi\u0119kszenie konkurencyjno\u015bci na rynku us\u0142ug doradczych i partnerstw poprzez ci\u0105g\u0142e oferowanie lepszych, bardziej z\u0142o\u017conych i dostosowanych do potrzeb us\u0142ug dla dzia\u0142a\u0144 gospodarczych i spo\u0142ecznych poprzez r\u00f3\u017cne programy, projekty. Dzi\u0119ki naszej szerok\u0105 sieci tworzymy, rozwijamy i wdra\u017camy innowacyjne podej\u015bcia w dziedzinie edukacji przy pomocy naszego wysoko wykwalifikowanego zespo\u0142u ekspert\u00f3w z r\u00f3\u017cnych dziedzin wiedzy. Uwa\u017camy, \u017ce dobrze zorganizowany system edukacji mo\u017ce poradzi\u0107 sobie z problemem rosn\u0105cego poziomu bezrobocia z powodu przedwczesnego ko\u0144czenia nauki i doros\u0142ych pracownik\u00f3w o niskich kwalifikacjach.<\/p>\n<p>Nasze g\u0142\u00f3wne us\u0142ugi to:<\/p>\n<ul>\n<li>Zarz\u0105dzanie zasobami ludzkimi<\/li>\n<li>Konsultacje z organizacjami, zespo\u0142ami, grupami, spo\u0142eczno\u015bciami lub osobami<\/li>\n<li>Specjalna pomoc techniczna dla inicjatyw wsp\u00f3\u0142pracy mi\u0119dzynarodowej<\/li>\n<li>Rozw\u00f3j kompetencji<\/li>\n<li>Edukacja i szkolenia<\/li>\n<\/ul>\n<p>Mamy trzy g\u0142\u00f3wne centra: 1. Centrum szkoleniowe, 2. Centrum mi\u0119dzynarodowe, 3. Centrum m\u0142odzie\u017cowe<\/p>\n<p>Innovaform, uwa\u017ca, \u017ce rozw\u00f3j umiej\u0119tno\u015bci i wiedzy nie jest wystarczaj\u0105cy dla zdrowego, produktywnego i pozytywnego stylu \u017cycia, dlatego anga\u017cujemy i organizujemy wydarzenia sportowe, w naszym programie, r\u00f3wnie\u017c jako dzia\u0142ania podnosz\u0105ce \u015bwiadomo\u015b\u0107 na temat warto\u015bci sportu i aktywno\u015bci fizycznej.<\/p>\n<p>Nasze cele to:<\/p>\n<ul>\n<li>Dostarczaj projekty w oparciu o indywidualne do\u015bwiadczenia, aby pom\u00f3c u\u017cytkownikom ko\u0144cowym, nawet takim jak analitycy, studenci lub inni partnerzy<\/li>\n<li>Zbli\u017c firmy do swoich klient\u00f3w, opracowuj\u0105c ukierunkowane aplikacje<\/li>\n<\/ul>\n<p>&nbsp;<\/p>\n<p>Nasz kreatywny zesp\u00f3\u0142 jest odpowiedzialny za prowadzenie kampanii PR i marketingowych.<\/p>\n<p>Mamy kontakt z m\u0142odzie\u017c\u0105, poniewa\u017c prowadzimy program praktyk dla student\u00f3w uniwersytet\u00f3w.<\/p>\n<p>[\/et_pb_text][et_pb_blurb title=&#8221;Innovaform Kozhasznu Nonprofit KFT &#8221; icon_placement=&#8221;left&#8221; _builder_version=&#8221;3.21.4&#8243; header_font=&#8221;Montserrat|600|||||||&#8221; header_font_size=&#8221;20px&#8221; body_font_size=&#8221;16px&#8221; body_line_height=&#8221;1.8em&#8221; animation_style=&#8221;fold&#8221; animation_direction=&#8221;bottom&#8221; animation_intensity_fold=&#8221;20%&#8221; animation_starting_opacity=&#8221;100%&#8221; z_index_tablet=&#8221;500&#8243;]<\/p>\n<p><strong>(W\u0119gry) <\/strong><strong><a href=\"http:\/\/www.innovaform.hu\">www.innovaform.hu<\/a><\/strong><\/p>\n<p>&nbsp;<\/p>\n<p>&nbsp;<\/p>\n<p>[\/et_pb_blurb][\/et_pb_column][et_pb_column type=&#8221;1_2&#8243;][et_pb_text admin_label=&#8221;Title&#8221; _builder_version=&#8221;3.21.4&#8243; text_font=&#8221;||||||||&#8221; header_font=&#8221;||||||||&#8221; header_2_font=&#8221;Montserrat|600||on|||||&#8221; header_2_text_align=&#8221;center&#8221; header_2_font_size=&#8221;30px&#8221; custom_margin=&#8221;||5px|&#8221; animation_style=&#8221;slide&#8221; animation_direction=&#8221;top&#8221; animation_intensity_slide=&#8221;20%&#8221; animation_starting_opacity=&#8221;100%&#8221;]<\/p>\n<h2>ProMAs<\/h2>\n<p>[\/et_pb_text][et_pb_text _builder_version=&#8221;3.21.4&#8243; text_font_size=&#8221;16px&#8221; text_line_height=&#8221;1.8em&#8221; max_width=&#8221;90%&#8221; custom_margin=&#8221;|||&#8221; animation_style=&#8221;flip&#8221; animation_direction=&#8221;left&#8221; animation_intensity_flip=&#8221;30%&#8221; animation_starting_opacity=&#8221;100%&#8221; z_index_tablet=&#8221;500&#8243;]<\/p>\n<p>ProMAs to stowarzyszenie nauczycieli, in\u017cynier\u00f3w i trener\u00f3w, kt\u00f3rego g\u0142\u00f3wnym celem jest u\u0142atwienie dost\u0119pu do nauki jako sposobu na popraw\u0119 jako\u015bci \u017cycia. Nasi cz\u0142onkowie s\u0105 zaanga\u017cowani w kszta\u0142cenie doros\u0142ych i posiadaj\u0105 certyfikat VET jako trenerzy, trenerzy trener\u00f3w, specjali\u015bci ds. system\u00f3w jako\u015bci, jak r\u00f3wnie\u017c s\u0105 do\u015bwiadczeni w mi\u0119dzynarodowych multidyscyplinarnych projektach badawczych.<\/p>\n<p><strong>Nasi cz\u0142onkowie<\/strong> wsp\u00f3\u0142pracuj\u0105 z instytucjami spo\u0142ecznymi, edukacyjnymi i zawodowymi, o\u015brodkami szkolenia doros\u0142ych w regionie w zakresie promowania innowacyjnych metod, z wykorzystaniem mentoringu w celu zapewnienia wiedzy i kluczowych kompetencji.<\/p>\n<p>Nasza organizacja posiada <strong>do\u015bwiadczenie w nast\u0119puj\u0105cych obszarach:<\/strong> rozpowszechnianie i waloryzacja, rozw\u00f3j tre\u015bci e learningowych, interdyscyplinarne szkolenia i badania, nauczanie mieszane, mentoring, testowanie tre\u015bci na szkoleniach pilota\u017cowych. Przekr\u00f3j <strong>grup docelowych <\/strong>w projektach jest r\u00f3\u017cnorodny: osoby doros\u0142e, m\u0142odzie\u017c, trener\u00f3w, decydenci, po\u015bredni beneficjenci projektu. Od 2007 r. Organizujemy wiele lokalnych, regionalnych i krajowych dzia\u0142a\u0144, takich jak konferencje i sympozja. ProMas organizowa\u0142 kampanie na r\u00f3\u017cne tematy: dyskryminacja zwi\u0105zana z pochodzeniem etnicznym, p\u0142ci\u0105, religi\u0105, ksenofobi\u0105, niepe\u0142nosprawno\u015bci\u0105 i integracj\u0105 os\u00f3b niepe\u0142nosprawnych, zarz\u0105dzanie edukacj\u0105, aktywna komunikacja, aktywne \u017cycie, zdrowe \u017cycie, przemoc i przemoc domowa, bezpiecze\u0144stwo w pracy, edukacja mi\u0119dzykulturowa oraz kariera i planowanie.<\/p>\n<p>Cz\u0142onkowie ProMAS maj\u0105 do\u015bwiadczenie we wsp\u00f3\u0142pracy z UE (jako partner \/ promotor) w programach UE: <strong>+20 SOCRATES GRUNDTVIG LLL, 4 COMENIUS, 1 COMENIUS Multilateral, 3 LEONARDO TOI, 2 sta\u017ce i mobilno\u015b\u0107 LEONARDO, 2 projekty Erasmus +.<\/strong> Mieli\u015bmy w naszych projektach aktywn\u0105 rol\u0119 w: badaniu, w jaki spos\u00f3b projekt odpowie na zdobycie kluczowych kompetencji do uczenia si\u0119 przez ca\u0142e \u017cycie, kt\u00f3re kompetencje s\u0105 kluczowe dla sukcesu, testowanie platformy e-learningowej, projektowanie i wdra\u017canie strategii rozpowszechniania i waloryzacji, przygotowywanie eksperymentalnych dzia\u0142a\u0144 zwi\u0105zanych z mobilno\u015bciami, zaprojektowanie i wdro\u017cenie wewn\u0119trznej oceny projektu.<\/p>\n<p>[\/et_pb_text][et_pb_blurb title=&#8221;Stowarzyszenie zarz\u0105dzania projektami&#8221; icon_placement=&#8221;left&#8221; _builder_version=&#8221;3.21.4&#8243; header_font=&#8221;Montserrat|600|||||||&#8221; header_font_size=&#8221;20px&#8221; body_font_size=&#8221;16px&#8221; body_line_height=&#8221;1.8em&#8221; animation_style=&#8221;fold&#8221; animation_direction=&#8221;bottom&#8221; animation_intensity_fold=&#8221;20%&#8221; animation_starting_opacity=&#8221;100%&#8221; z_index_tablet=&#8221;500&#8243;]<\/p>\n<p><strong>\u00a0(Rumunia)\u00a0 <br \/><\/strong><strong><a href=\"http:\/\/www.promasprojects.ro\">www.promasprojects.ro<\/a><\/strong><\/p>\n<p>&nbsp;<\/p>\n<p>[\/et_pb_blurb][et_pb_text admin_label=&#8221;Title&#8221; _builder_version=&#8221;3.21.4&#8243; header_2_font=&#8221;Montserrat|600||on|||||&#8221; header_2_text_align=&#8221;center&#8221; header_2_font_size=&#8221;30px&#8221; custom_margin=&#8221;||5px|&#8221; animation_style=&#8221;slide&#8221; animation_direction=&#8221;top&#8221; animation_intensity_slide=&#8221;20%&#8221; animation_starting_opacity=&#8221;100%&#8221; z_index_tablet=&#8221;500&#8243;]<\/p>\n<h2><span lang=\"EN-GB\">IES RIBEIRA DO LOURO (IESRDL)<\/span><\/h2>\n<p>[\/et_pb_text][et_pb_text _builder_version=&#8221;3.21.4&#8243; text_font_size=&#8221;16px&#8221; text_line_height=&#8221;1.8em&#8221; max_width=&#8221;90%&#8221; custom_margin=&#8221;|||&#8221; animation_style=&#8221;flip&#8221; animation_direction=&#8221;left&#8221; animation_intensity_flip=&#8221;30%&#8221; animation_starting_opacity=&#8221;100%&#8221; z_index_tablet=&#8221;500&#8243;]<\/p>\n<p><strong>IES Ribeira Do Louro (IESRdL) <\/strong>jest szko\u0142\u0105 \u015bredni\u0105, kt\u00f3ra zapewnia kszta\u0142cenie og\u00f3lne, szkolenie zawodowe i kursy edukacji doros\u0142ych. Znajduje si\u0119 w Porri\u00f1o (Pontevedra) na po\u0142udniowym zachodzie Hiszpanii, obok Vigo. IESRdL ma oko\u0142o 700 student\u00f3w i 80 nauczycieli i zapewnia, mi\u0119dzy innymi kursy specjalistyczne, szkolenia na poziomie zaawansowanym w zakresie handlu mi\u0119dzynarodowego, zarz\u0105dzania administracyjnego i finansowego oraz system\u00f3w i informacji telekomunikacyjnych.<\/p>\n<p><strong>Technologia.<\/strong><\/p>\n<p>Szko\u0142a ma du\u017ce do\u015bwiadczenie we wdra\u017caniu europejskich projekt\u00f3w badawczych i mobilno\u015bci. IES RdL uczestniczy\u0142a, zar\u00f3wno jako promotor \/ koordynator, jak i partner, w r\u00f3\u017cnych projektach w ramach programu \u201eUczenie si\u0119 przez ca\u0142e \u017cycie\u201d, programu Leonardo da Vinci i Socrates, Interreg i innych projektach krajowych. Ponadto IES RdL uczestniczy w projektach dotycz\u0105cych mobilno\u015bci od 1996 r. jako organizacja przyjmuj\u0105ca i wysy\u0142aj\u0105ca. Przeprowadzi\u0142a ponad 400 sta\u017cy dla student\u00f3w i nauczycieli w ramach programu \u201eUczenie si\u0119 przez ca\u0142e \u017cycie\u201d i projekt\u00f3w mobilno\u015bci w\u0142adz regionalnych. IES RdL uczestniczy\u0142a tak\u017ce w Interreg III w 2001\/2004 \u2013PPIER.<\/p>\n<p>Amador Ord\u00f3\u00f1ez jest nauczycielem w mi\u0119dzynarodowym biznesie z wykszta\u0142ceniem ekonomicznym z du\u017cym do\u015bwiadczeniem w koordynowaniu projekt\u00f3w europejskich od 1996 r. Koordynowa\u0142 projekt EMPORT &#8211; Poprawa zdolno\u015bci do zatrudnienia i zwi\u0119kszenie europejskiej konkurencyjno\u015bci poprzez nabywanie kompetencji j\u0119zykowych i kulturowych w j\u0119zyku portugalskim oraz projekt ARBAX, zwi\u0105zany z zapobieganiem n\u0119kaniu (www.schoolbullying.eu). By\u0142 koordynatorem r\u00f3\u017cnych projekt\u00f3w, w kt\u00f3rych opracowano kursy j\u0119zykowe, sprawdzaj\u0105ce tj. www.chinesecom.eu (multimedialny kurs chi\u0144skiego) i www.linguasnet.com (4 kursy j\u0119zykowe na poziomie pocz\u0105tkowym, angielski, hiszpa\u0144ski, rumu\u0144ski i portugalski dla imigrant\u00f3w). Koordynowa\u0142 r\u00f3wnie\u017c dwa r\u00f3\u017cne projekty zwi\u0105zane z Romami (Cyganami), Travelcom, gdzie opracowano kurs handlu i marketingu w celu poprawy kompetencji Cygan\u00f3w i podr\u00f3\u017cnik\u00f3w i dost\u0119pu i wchodzenia na rynek pracy, w 2000 r. Koordynowa\u0142 r\u00f3wnie\u017c projekt Comenius 2 zatytu\u0142owany \u201eNowe narz\u0119dzia do szkolenia podr\u00f3\u017cnych\u201d, w kt\u00f3rych opracowano Kurs matematyki i j\u0119zyka dla szk\u00f3\u0142 podstawowych, jak i projekt Romaninet, w ramach kt\u00f3rego opracowa\u0142 on multimedialny kurs j\u0119zyka romskiego, kt\u00f3ry zosta\u0142 zatwierdzony w ramach programu LLPT Transversal\u00a0 Multilateral \u2013Key Activity 2.<\/p>\n<p>[\/et_pb_text][et_pb_blurb title=&#8221;IES Ribeira do Louro&#8221; icon_placement=&#8221;left&#8221; _builder_version=&#8221;3.21.4&#8243; header_font=&#8221;Montserrat|600|||||||&#8221; header_font_size=&#8221;20px&#8221; body_font_size=&#8221;16px&#8221; body_line_height=&#8221;1.8em&#8221; animation_style=&#8221;fold&#8221; animation_direction=&#8221;bottom&#8221; animation_intensity_fold=&#8221;20%&#8221; animation_starting_opacity=&#8221;100%&#8221; z_index_tablet=&#8221;500&#8243;]<\/p>\n<p><strong>\u00a0(Hiszpania) <\/strong><a href=\"http:\/\/www.ribeira.org\/\"><strong>www.ribeira.org<\/strong><\/a><\/p>\n<p>[\/et_pb_blurb][\/et_pb_column][\/et_pb_row][\/et_pb_section][et_pb_section bb_built=&#8221;1&#8243; _builder_version=&#8221;3.21.4&#8243; custom_padding=&#8221;42px|0px|28px|0px|false|false&#8221; saved_tabs=&#8221;all&#8221; prev_background_color=&#8221;#000000&#8243; global_module=&#8221;323&#8243;][et_pb_row global_parent=&#8221;323&#8243; _builder_version=&#8221;3.21.4&#8243; custom_padding=&#8221;0|0px|0|0px|false|false&#8221;][et_pb_column type=&#8221;4_4&#8243;][et_pb_image global_parent=&#8221;323&#8243; align=&#8221;center&#8221; max_width=&#8221;35%&#8221; src=&#8221;http:\/\/career-academy.eu\/wp-content\/uploads\/2019\/12\/logo_ab_baskanligi_yazisiz.png&#8221; _builder_version=&#8221;3.21.4&#8243; module_alignment=&#8221;center&#8221; \/][\/et_pb_column][\/et_pb_row][\/et_pb_section]<\/p>","protected":false},"excerpt":{"rendered":"<p>PARTNERZY &nbsp; SPO\u0141ECZNA AKADEMIAN NAUK Spo\u0142eczna Akademia Nauk jest jednym z najbardziej do\u015bwiadczonych i najwi\u0119kszych prywatnych uniwersytet\u00f3w w Polsce z ponad 25-letnim do\u015bwiadczeniem. Oferuje edukacj\u0119 na poziomie licencjackim, magisterskim i doktoranckim w najwi\u0119kszych miastach w Polsce oraz w kampusie, kt\u00f3rego filia mie\u015bci si\u0119 w Londynie. Oferujemy r\u00f3wnie\u017c mo\u017cliwo\u015b\u0107 uko\u0144czenia ameryka\u0144skiego programu studi\u00f3w magisterskich na Uniwersytecie [&hellip;]<\/p>\n","protected":false},"author":1,"featured_media":0,"parent":0,"menu_order":0,"comment_status":"closed","ping_status":"closed","template":"","meta":{"_et_pb_use_builder":"on","_et_pb_old_content":"","_et_gb_content_width":""},"_links":{"self":[{"href":"https:\/\/career-academy.eu\/pl\/wp-json\/wp\/v2\/pages\/60"}],"collection":[{"href":"https:\/\/career-academy.eu\/pl\/wp-json\/wp\/v2\/pages"}],"about":[{"href":"https:\/\/career-academy.eu\/pl\/wp-json\/wp\/v2\/types\/page"}],"author":[{"embeddable":true,"href":"https:\/\/career-academy.eu\/pl\/wp-json\/wp\/v2\/users\/1"}],"replies":[{"embeddable":true,"href":"https:\/\/career-academy.eu\/pl\/wp-json\/wp\/v2\/comments?post=60"}],"version-history":[{"count":52,"href":"https:\/\/career-academy.eu\/pl\/wp-json\/wp\/v2\/pages\/60\/revisions"}],"predecessor-version":[{"id":445,"href":"https:\/\/career-academy.eu\/pl\/wp-json\/wp\/v2\/pages\/60\/revisions\/445"}],"wp:attachment":[{"href":"https:\/\/career-academy.eu\/pl\/wp-json\/wp\/v2\/media?parent=60"}],"curies":[{"name":"wp","href":"https:\/\/api.w.org\/{rel}","templated":true}]}}