{"id":4,"date":"2018-07-02T20:34:40","date_gmt":"2018-07-02T20:34:40","guid":{"rendered":"http:\/\/career-academy.eu\/?page_id=4"},"modified":"2020-01-30T14:11:29","modified_gmt":"2020-01-30T14:11:29","slug":"home","status":"publish","type":"page","link":"https:\/\/career-academy.eu\/hu\/","title":{"rendered":"INICIO"},"content":{"rendered":"<p>[et_pb_section bb_built=&#8221;1&#8243; admin_label=&#8221;Hero Section&#8221; _builder_version=&#8221;3.21.4&#8243; use_background_color_gradient=&#8221;on&#8221; background_color_gradient_start=&#8221;#f7f7f7&#8243; background_color_gradient_end=&#8221;rgba(0,0,0,0.4)&#8221; background_color_gradient_direction=&#8221;3deg&#8221; background_color_gradient_start_position=&#8221;12%&#8221; background_color_gradient_end_position=&#8221;12%&#8221; background_color_gradient_overlays_image=&#8221;on&#8221; background_image=&#8221;http:\/\/career-academy.eu\/wp-content\/uploads\/2018\/07\/writer-06.jpg&#8221; background_position=&#8221;center_right&#8221; custom_padding=&#8221;10%||10.8%||false|false&#8221; next_background_color=&#8221;#ffffff&#8221;][et_pb_row _builder_version=&#8221;3.21.4&#8243; background_size=&#8221;initial&#8221; background_position=&#8221;top_left&#8221; background_repeat=&#8221;repeat&#8221;][et_pb_column type=&#8221;4_4&#8243;][et_pb_text admin_label=&#8221;Hero Section Title&#8221; _builder_version=&#8221;3.21.4&#8243; text_font=&#8221;|||on|||||&#8221; header_font=&#8221;Montserrat|600|||||||&#8221; header_font_size=&#8221;48px&#8221; header_font_size_phone=&#8221;28px&#8221; header_font_size_last_edited=&#8221;on|phone&#8221; header_letter_spacing=&#8221;3px&#8221; header_line_height=&#8221;1.3em&#8221; header_2_font=&#8221;Montserrat|700|||||||&#8221; header_2_text_color=&#8221;rgba(255,255,255,0.6)&#8221; header_2_font_size=&#8221;90px&#8221; header_2_font_size_phone=&#8221;50px&#8221; header_2_font_size_last_edited=&#8221;on|phone&#8221; header_2_letter_spacing=&#8221;3px&#8221; header_2_line_height=&#8221;1.1em&#8221; text_orientation=&#8221;center&#8221; background_layout=&#8221;dark&#8221; module_alignment=&#8221;center&#8221; custom_margin=&#8221;||60px|&#8221; animation_style=&#8221;slide&#8221; animation_direction=&#8221;bottom&#8221; animation_intensity_slide=&#8221;5%&#8221;]<\/p>\n<h2>Career guide<\/h2>\n<h1>and APP for Employees<\/h1>\n<p>[\/et_pb_text][et_pb_button button_text=&#8221;Tov\u00e1bbi inform\u00e1ci\u00f3&#8221; button_alignment=&#8221;center&#8221; _builder_version=&#8221;3.21.4&#8243; custom_button=&#8221;on&#8221; button_text_size=&#8221;16px&#8221; button_text_color=&#8221;#000000&#8243; button_bg_color=&#8221;#edf000&#8243; button_border_width=&#8221;0px&#8221; button_letter_spacing=&#8221;2px&#8221; button_font=&#8221;Montserrat|600||on|||||&#8221; custom_margin=&#8221;|||&#8221; custom_padding=&#8221;12px||12px|&#8221; animation_style=&#8221;fade&#8221; z_index_tablet=&#8221;500&#8243; button_letter_spacing_hover=&#8221;2px&#8221; button_text_size__hover_enabled=&#8221;off&#8221; button_one_text_size__hover_enabled=&#8221;off&#8221; button_two_text_size__hover_enabled=&#8221;off&#8221; button_text_color__hover_enabled=&#8221;off&#8221; button_one_text_color__hover_enabled=&#8221;off&#8221; button_two_text_color__hover_enabled=&#8221;off&#8221; button_border_width__hover_enabled=&#8221;off&#8221; button_one_border_width__hover_enabled=&#8221;off&#8221; button_two_border_width__hover_enabled=&#8221;off&#8221; button_border_color__hover_enabled=&#8221;off&#8221; button_one_border_color__hover_enabled=&#8221;off&#8221; button_two_border_color__hover_enabled=&#8221;off&#8221; button_border_radius__hover_enabled=&#8221;off&#8221; button_one_border_radius__hover_enabled=&#8221;off&#8221; button_two_border_radius__hover_enabled=&#8221;off&#8221; button_letter_spacing__hover_enabled=&#8221;on&#8221; button_letter_spacing__hover=&#8221;2px&#8221; button_one_letter_spacing__hover_enabled=&#8221;off&#8221; button_two_letter_spacing__hover_enabled=&#8221;off&#8221; button_bg_color__hover_enabled=&#8221;off&#8221; button_one_bg_color__hover_enabled=&#8221;off&#8221; button_two_bg_color__hover_enabled=&#8221;off&#8221;]<\/p>\n<p><\/p>\n<p>[\/et_pb_button][\/et_pb_column][\/et_pb_row][\/et_pb_section][et_pb_section bb_built=&#8221;1&#8243; admin_label=&#8221;Footer Section&#8221; _builder_version=&#8221;3.0.89&#8243; background_image=&#8221;http:\/\/career-academy.eu\/wp-content\/uploads\/2018\/07\/10_img.jpg&#8221; background_position=&#8221;top_center&#8221; custom_padding=&#8221;90px||90px|&#8221; prev_background_color=&#8221;#ffffff&#8221; next_background_color=&#8221;#ffffff&#8221;][et_pb_row admin_label=&#8221;Footer Area&#8221; custom_padding=&#8221;|||&#8221; custom_margin=&#8221;|||&#8221; _builder_version=&#8221;3.0.89&#8243; locked=&#8221;off&#8221;][et_pb_column type=&#8221;1_2&#8243;][et_pb_text admin_label=&#8221;Title&#8221; _builder_version=&#8221;3.21.4&#8243; header_2_font=&#8221;Montserrat|600||on|||||&#8221; header_2_font_size=&#8221;30px&#8221; header_2_line_height=&#8221;1.5em&#8221; custom_margin=&#8221;||5px|&#8221; animation_style=&#8221;slide&#8221; animation_direction=&#8221;top&#8221; animation_intensity_slide=&#8221;20%&#8221; animation_starting_opacity=&#8221;100%&#8221; z_index_tablet=&#8221;500&#8243;]<\/p>\n<h2>C\u00e9lcsoport<\/h2>\n<p>[\/et_pb_text][et_pb_divider show_divider=&#8221;off&#8221; _builder_version=&#8221;3.21.4&#8243; max_width=&#8221;23px&#8221; animation_style=&#8221;slide&#8221;]<\/p>\n<p><\/p>\n<p>[\/et_pb_divider][et_pb_text _builder_version=&#8221;3.21.4&#8243; text_text_color=&#8221;#000000&#8243; text_font_size=&#8221;16px&#8221; text_line_height=&#8221;1.8em&#8221; background_layout=&#8221;dark&#8221; z_index_tablet=&#8221;500&#8243;]<\/p>\n<p><span lang=\"ES\">Projekt\u00fcnk c\u00e9lcsoportja a m\u00e1r dolgoz\u00f3 alkalmazottakat \u00e9s a k\u00f6zelj\u00f6v\u0151ben munk\u00e1t v\u00e1llal\u00f3 szem\u00e9lyeket foglalja mag\u00e1ban. A projekt keret\u00e9ben kidolgozott karrier \u00fatmutat\u00f3 \u00e9s mobilalkalmaz\u00e1s minden alkalmazott sz\u00e1m\u00e1ra hasznos lehet. Az\u00e9rt v\u00e1lasztottuk ezt a c\u00e9lcsoportot, mert a karriertervez\u00e9s ezen egy\u00e9nek sz\u00e1m\u00e1ra elengedhetetlen.<\/span><\/p>\n<p>[\/et_pb_text][\/et_pb_column][et_pb_column type=&#8221;1_2&#8243;][\/et_pb_column][\/et_pb_row][\/et_pb_section][et_pb_section bb_built=&#8221;1&#8243; _builder_version=&#8221;3.0.91&#8243; custom_padding=&#8221;0px|0px|0px|0px&#8221; prev_background_color=&#8221;#000000&#8243; next_background_color=&#8221;#000000&#8243;][et_pb_row admin_label=&#8221;Feature Area&#8221; make_fullwidth=&#8221;on&#8221; use_custom_gutter=&#8221;on&#8221; gutter_width=&#8221;1&#8243; custom_padding=&#8221;0px||0px|&#8221; make_equal=&#8221;on&#8221; background_color_2=&#8221;#002982&#8243; bg_img_1=&#8221;http:\/\/career-academy.eu\/wp-content\/uploads\/2018\/07\/13_img.jpg&#8221; parallax_1=&#8221;on&#8221; background_size_1=&#8221;cover&#8221; background_repeat_1=&#8221;repeat&#8221; background_blend_1=&#8221;normal&#8221; use_background_color_gradient_1=&#8221;on&#8221; background_color_gradient_start_1=&#8221;rgba(43,135,218,0)&#8221; background_color_gradient_end_1=&#8221;#f46624&#8243; background_color_gradient_direction_1=&#8221;105deg&#8221; background_color_gradient_start_position_1=&#8221;80%&#8221; background_color_gradient_end_position_1=&#8221;80%&#8221; background_color_gradient_overlays_image_1=&#8221;on&#8221; padding_top_2=&#8221;170px&#8221; padding_right_2=&#8221;10%&#8221; padding_bottom_2=&#8221;170px&#8221; padding_left_2=&#8221;10%&#8221; _builder_version=&#8221;3.0.105&#8243;][et_pb_column type=&#8221;1_2&#8243;][\/et_pb_column][et_pb_column type=&#8221;1_2&#8243;][et_pb_text admin_label=&#8221;Title&#8221; _builder_version=&#8221;3.21.4&#8243; header_2_font=&#8221;Montserrat|600||on|||||&#8221; header_2_font_size=&#8221;30px&#8221; header_2_line_height=&#8221;1.5em&#8221; background_layout=&#8221;dark&#8221; custom_margin=&#8221;||5px|&#8221; animation_style=&#8221;fold&#8221; animation_direction=&#8221;left&#8221; animation_intensity_fold=&#8221;20%&#8221; animation_starting_opacity=&#8221;100%&#8221; z_index_tablet=&#8221;500&#8243; locked=&#8221;off&#8221;]<\/p>\n<h2 class=\"PreformattedText\"><span lang=\"HU\">C\u00e9lok<\/span><\/h2>\n<p>[\/et_pb_text][et_pb_divider color=&#8221;#ffffff&#8221; divider_weight=&#8221;3px&#8221; _builder_version=&#8221;3.2&#8243; max_width=&#8221;23px&#8221; custom_padding=&#8221;||20px|&#8221; animation_style=&#8221;fade&#8221; locked=&#8221;off&#8221;]<\/p>\n<p><\/p>\n<p>[\/et_pb_divider][et_pb_text _builder_version=&#8221;3.21.4&#8243; text_font_size=&#8221;16px&#8221; text_line_height=&#8221;1.8em&#8221; background_layout=&#8221;dark&#8221; z_index_tablet=&#8221;500&#8243;]<\/p>\n<p>Projekt\u00fcnk keretein bel\u00fcl olyan innovat\u00edv anyagokat (karrier-tervez\u00e9si \u00fatmutat\u00f3 \u00e9s mobilalkalmaz\u00e1s) dolgoztunk ki, melyek seg\u00edts\u00e9get ny\u00fajthatnak az alkalmazottak sz\u00e1m\u00e1ra karrierj\u00fck megtervez\u00e9s\u00e9ben. A kifejlesztett mobilalkalmaz\u00e1s seg\u00edts\u00e9g\u00e9vel mindenki l\u00e9p\u00e9sr\u0151l-l\u00e9p\u00e9sre megtervezheti saj\u00e1t \u00fctemez\u00e9s\u0171 karrier fejleszt\u00e9si folyamat\u00e1t. Mindemellett online tan\u00e1csad\u00e1si szolg\u00e1ltat\u00e1st is ny\u00fajtunk a karriertervez\u00e9shez. A mai \u00fczleti \u00e9let kulcsfontoss\u00e1g\u00fa alapelve, hogy az emberek \u00e9s az \u00e1ltaluk tett er\u0151fesz\u00edt\u00e9sek adj\u00e1k minden szervezet siker\u00e9t.<\/p>\n<p>[\/et_pb_text][\/et_pb_column][\/et_pb_row][\/et_pb_section][et_pb_section bb_built=&#8221;1&#8243; _builder_version=&#8221;3.21.4&#8243; custom_padding=&#8221;42px|0px|28px|0px|false|false&#8221; saved_tabs=&#8221;all&#8221; prev_background_color=&#8221;#000000&#8243; global_module=&#8221;323&#8243;][et_pb_row global_parent=&#8221;323&#8243; _builder_version=&#8221;3.21.4&#8243; custom_padding=&#8221;0|0px|0|0px|false|false&#8221;][et_pb_column type=&#8221;4_4&#8243;][et_pb_image global_parent=&#8221;323&#8243; align=&#8221;center&#8221; max_width=&#8221;35%&#8221; src=&#8221;http:\/\/career-academy.eu\/wp-content\/uploads\/2019\/12\/logo_ab_baskanligi_yazisiz.png&#8221; _builder_version=&#8221;3.21.4&#8243; module_alignment=&#8221;center&#8221; \/][\/et_pb_column][\/et_pb_row][\/et_pb_section]<\/p>","protected":false},"excerpt":{"rendered":"<p>Career guide and APP for Employees C\u00e9lcsoport Projekt\u00fcnk c\u00e9lcsoportja a m\u00e1r dolgoz\u00f3 alkalmazottakat \u00e9s a k\u00f6zelj\u00f6v\u0151ben munk\u00e1t v\u00e1llal\u00f3 szem\u00e9lyeket foglalja mag\u00e1ban. A projekt keret\u00e9ben kidolgozott karrier \u00fatmutat\u00f3 \u00e9s mobilalkalmaz\u00e1s minden alkalmazott sz\u00e1m\u00e1ra hasznos lehet. Az\u00e9rt v\u00e1lasztottuk ezt a c\u00e9lcsoportot, mert a karriertervez\u00e9s ezen egy\u00e9nek sz\u00e1m\u00e1ra elengedhetetlen. C\u00e9lok Projekt\u00fcnk keretein bel\u00fcl olyan innovat\u00edv anyagokat (karrier-tervez\u00e9si \u00fatmutat\u00f3 [&hellip;]<\/p>\n","protected":false},"author":1,"featured_media":0,"parent":0,"menu_order":0,"comment_status":"closed","ping_status":"closed","template":"","meta":{"_et_pb_use_builder":"on","_et_pb_old_content":"","_et_gb_content_width":""},"_links":{"self":[{"href":"https:\/\/career-academy.eu\/hu\/wp-json\/wp\/v2\/pages\/4"}],"collection":[{"href":"https:\/\/career-academy.eu\/hu\/wp-json\/wp\/v2\/pages"}],"about":[{"href":"https:\/\/career-academy.eu\/hu\/wp-json\/wp\/v2\/types\/page"}],"author":[{"embeddable":true,"href":"https:\/\/career-academy.eu\/hu\/wp-json\/wp\/v2\/users\/1"}],"replies":[{"embeddable":true,"href":"https:\/\/career-academy.eu\/hu\/wp-json\/wp\/v2\/comments?post=4"}],"version-history":[{"count":67,"href":"https:\/\/career-academy.eu\/hu\/wp-json\/wp\/v2\/pages\/4\/revisions"}],"predecessor-version":[{"id":421,"href":"https:\/\/career-academy.eu\/hu\/wp-json\/wp\/v2\/pages\/4\/revisions\/421"}],"wp:attachment":[{"href":"https:\/\/career-academy.eu\/hu\/wp-json\/wp\/v2\/media?parent=4"}],"curies":[{"name":"wp","href":"https:\/\/api.w.org\/{rel}","templated":true}]}}