{"id":60,"date":"2019-04-06T07:39:12","date_gmt":"2019-04-06T07:39:12","guid":{"rendered":"http:\/\/career-academy.eu\/?page_id=60"},"modified":"2020-01-30T18:02:57","modified_gmt":"2020-01-30T18:02:57","slug":"partners","status":"publish","type":"page","link":"https:\/\/career-academy.eu\/es\/partners\/","title":{"rendered":"PARTNERS"},"content":{"rendered":"<p>[et_pb_section bb_built=\u00bb1&#8243; admin_label=\u00bbHero Section\u00bb next_background_color=\u00bb#ffffff\u00bb _builder_version=\u00bb3.0.91&#8243; use_background_color_gradient=\u00bbon\u00bb background_color_gradient_start=\u00bbrgba(0,0,0,0.4)\u00bb background_color_gradient_end=\u00bbrgba(0,0,0,0.4)\u00bb background_color_gradient_overlays_image=\u00bbon\u00bb background_image=\u00bbhttp:\/\/career-academy.eu\/wp-content\/uploads\/2019\/04\/writer-02.jpg\u00bb background_position=\u00bbcenter_right\u00bb custom_padding=\u00bb6%||13.2%||false|false\u00bb bottom_divider_style=\u00bbslant\u00bb bottom_divider_height=\u00bb60px\u00bb background_color_gradient_direction__hover=\u00bb180deg\u00bb background_color_gradient_direction__hover_enabled=\u00bb180deg\u00bb background_color_gradient_start_position__hover=\u00bb0%\u00bb background_color_gradient_start_position__hover_enabled=\u00bb0%\u00bb background_color_gradient_end_position__hover=\u00bb100%\u00bb background_color_gradient_end_position__hover_enabled=\u00bb100%\u00bb][et_pb_row admin_label=\u00bbPage Title Area\u00bb _builder_version=\u00bb3.0.89&#8243;][et_pb_column type=\u00bb4_4&#8243;][et_pb_text admin_label=\u00bbHero Section Title\u00bb _builder_version=\u00bb3.21.4&#8243; text_font=\u00bbMontserrat||||||||\u00bb text_font_size=\u00bb18px\u00bb text_line_height=\u00bb1.8em\u00bb header_font=\u00bbMontserrat|600||on|||||\u00bb header_font_size=\u00bb48px\u00bb header_font_size_phone=\u00bb28px\u00bb header_font_size_last_edited=\u00bbon|phone\u00bb header_letter_spacing=\u00bb3px\u00bb header_line_height=\u00bb1.3em\u00bb header_2_font=\u00bbMontserrat|700|||||||\u00bb header_2_text_color=\u00bbrgba(255,255,255,0.6)\u00bb header_2_font_size=\u00bb90px\u00bb header_2_font_size_phone=\u00bb50px\u00bb header_2_font_size_last_edited=\u00bbon|phone\u00bb header_2_letter_spacing=\u00bb3px\u00bb header_2_line_height=\u00bb1.1em\u00bb text_orientation=\u00bbcenter\u00bb background_layout=\u00bbdark\u00bb max_width=\u00bb700px\u00bb module_alignment=\u00bbcenter\u00bb custom_margin=\u00bb|||\u00bb animation_style=\u00bbfade\u00bb animation_direction=\u00bbbottom\u00bb z_index_tablet=\u00bb500&#8243;]<\/p>\n<h1>SOCIOS<\/p>\n<\/h1>\n<p>[\/et_pb_text][\/et_pb_column][\/et_pb_row][\/et_pb_section][et_pb_section bb_built=\u00bb1&#8243; admin_label=\u00bbAbout Section\u00bb _builder_version=\u00bb3.21.4&#8243; background_color=\u00bb#ffffff\u00bb custom_padding=\u00bb7px||9px||false|false\u00bb prev_background_color=\u00bb#000000&#8243; next_background_color=\u00bb#000000&#8243;][\/et_pb_section][et_pb_section bb_built=\u00bb1&#8243; admin_label=\u00bbAbout Me Section\u00bb _builder_version=\u00bb3.0.89&#8243; custom_padding=\u00bb8px||5px||false|false\u00bb prev_background_color=\u00bb#000000&#8243; next_background_color=\u00bb#000000&#8243;][et_pb_row admin_label=\u00bbAbout Me Area\u00bb custom_padding=\u00bb13px|0px|27px|0|false|false\u00bb _builder_version=\u00bb3.0.89&#8243;][et_pb_column type=\u00bb1_2&#8243;][et_pb_text admin_label=\u00bbTitle\u00bb _builder_version=\u00bb3.21.4&#8243; header_2_font=\u00bbMontserrat|600||on|||||\u00bb header_2_text_align=\u00bbcenter\u00bb header_2_font_size=\u00bb30px\u00bb custom_margin=\u00bb||5px|\u00bb animation_style=\u00bbslide\u00bb animation_direction=\u00bbtop\u00bb animation_intensity_slide=\u00bb20%\u00bb animation_starting_opacity=\u00bb100%\u00bb z_index_tablet=\u00bb500&#8243;]<\/p>\n<h2>THE UNIVERSITY OF SOCIAL SCIENCES<\/h2>\n<p>[\/et_pb_text][et_pb_text _builder_version=\u00bb3.21.4&#8243; text_font_size=\u00bb16px\u00bb text_line_height=\u00bb1.8em\u00bb max_width=\u00bb90%\u00bb custom_margin=\u00bb|||\u00bb animation_style=\u00bbflip\u00bb animation_direction=\u00bbleft\u00bb animation_intensity_flip=\u00bb30%\u00bb animation_starting_opacity=\u00bb100%\u00bb z_index_tablet=\u00bb500&#8243;]<\/p>\n<p><span lang=\"EN-GB\">La <b>UNIVERSITY OF SOCIAL SCIENCES\u00a0<\/b> es una de las universidades privadas m\u00e1s grandes y con m\u00e1s experiencia de Polonia, con m\u00e1s de 25 a\u00f1os de experiencia. Ofrece educaci\u00f3n a nivel de licenciatura, posgrado, MBA y doctorado en las principales ciudades de Polonia y en el campus de la sucursal de Londres. Tambi\u00e9n ofrecemos la oportunidad de terminar un programa de American Master en la Universidad de Clark (EE.UU.). En los rankings educativos, publicados por las influyentes revistas nacionales, la Universidad ocupa un lugar muy alto. Hay 25 departamentos, incluyendo Estudios Culturales, Ciencias de la Educaci\u00f3n, Psicolog\u00eda y Sociolog\u00eda que contribuir\u00e1n con su experiencia a este proyecto.<\/span><\/p>\n<p><span lang=\"EN-GB\">La SAN proporciona una educaci\u00f3n de alta calidad a los estudiantes de todo el mundo. Su oferta tambi\u00e9n incluye estudios de MBA y doctorado y un programa \u00fanico de maestr\u00eda americana en cooperaci\u00f3n con la Universidad de Clark. Su objetivo es equipar a los estudiantes y graduados con conocimientos especializados y habilidades pr\u00e1cticas necesarias en el mercado laboral del siglo XXI, tanto a nivel local como internacional. El crecimiento intelectual y personal de los estudiantes se ve potenciado por una amplia variedad de programas educativos y actividades extracurriculares. Creen que el crecimiento intelectual debe ir acompa\u00f1ado del desarrollo de valores, el cultivo de una independencia responsable y la apreciaci\u00f3n de una serie de perspectivas. La universidad mantiene un car\u00e1cter nacional e internacional, atrayendo a estudiantes y profesores de alto calibre de todos los rincones del mundo.<\/span><\/p>\n<p>[\/et_pb_text][et_pb_blurb title=\u00bbSpoleczna Akademia Nauk\u00bb icon_placement=\u00bbleft\u00bb _builder_version=\u00bb3.21.4&#8243; header_font=\u00bbMontserrat|600|||||||\u00bb header_font_size=\u00bb20px\u00bb body_font_size=\u00bb16px\u00bb body_line_height=\u00bb1.8em\u00bb animation_style=\u00bbfold\u00bb animation_direction=\u00bbbottom\u00bb animation_intensity_fold=\u00bb20%\u00bb animation_starting_opacity=\u00bb100%\u00bb z_index_tablet=\u00bb500&#8243;]<\/p>\n<p><strong>(Polonia) <\/strong><strong><a href=\"http:\/\/www.swspiz.pl\">www.swspiz.pl<\/a><\/strong><\/p>\n<p>&nbsp;<\/p>\n<p>&nbsp;<\/p>\n<p>[\/et_pb_blurb][et_pb_text admin_label=\u00bbTitle\u00bb _builder_version=\u00bb3.21.4&#8243; text_font=\u00bb||||||||\u00bb header_font=\u00bb||||||||\u00bb header_2_font=\u00bbMontserrat|600||on|||||\u00bb header_2_text_align=\u00bbcenter\u00bb header_2_font_size=\u00bb30px\u00bb custom_margin=\u00bb||5px|\u00bb animation_style=\u00bbslide\u00bb animation_direction=\u00bbtop\u00bb animation_intensity_slide=\u00bb20%\u00bb animation_starting_opacity=\u00bb100%\u00bb]<\/p>\n<h2><span lang=\"EN-GB\">Alanya Alaaddin Keykubat University (ALKU)<\/span><\/h2>\n<p>[\/et_pb_text][et_pb_text _builder_version=\u00bb3.21.4&#8243; text_font_size=\u00bb16px\u00bb text_line_height=\u00bb1.8em\u00bb max_width=\u00bb90%\u00bb custom_margin=\u00bb|||\u00bb animation_style=\u00bbflip\u00bb animation_direction=\u00bbleft\u00bb animation_intensity_flip=\u00bb30%\u00bb animation_starting_opacity=\u00bb100%\u00bb z_index_tablet=\u00bb500&#8243;]<\/p>\n<p>La <strong>Alanya Alaaddin Keykubat University (ALKU) <\/strong>se estableci\u00f3 en 2015 como universidad estatal en Alanya. El objetivo de la ALKU es proporcionar una educaci\u00f3n superior cualificada en un entorno de aprendizaje internacional. Con sus ocho facultades (Negocios, Ingenier\u00eda, Medicina, Educaci\u00f3n, Turismo, Ciencias del Deporte, Ciencias de la Salud, Odontolog\u00eda), tres escuelas de postgrado (Ciencias, Ciencias Sociales, Ciencias de la Salud) y cinco escuelas de formaci\u00f3n profesional, la universidad ofrece una variedad de programas de grado asociado, de pregrado y de postgrado.<\/p>\n<p>Con aproximadamente 13.000 estudiantes, la universidad ha crecido r\u00e1pidamente desde su establecimiento; este a\u00f1o se iniciar\u00e1n dos nuevos programas de licenciatura en ingl\u00e9s (Ingenier\u00eda Alimentaria y Educaci\u00f3n en Lengua Inglesa) y pronto se abrir\u00e1n varios otros programas. Para m\u00e1s informaci\u00f3n, por favor visite: <a href=\"http:\/\/www.alanya.edu.tr\/\">http:\/\/www.alanya.edu.tr\/<\/a><\/p>\n<p>Adaptar los valores universales, centrar una filosof\u00eda de gesti\u00f3n destinada a crear el bien para la humanidad, participar en los esfuerzos de una mejor educaci\u00f3n, investigaci\u00f3n y actividades socioculturales, tratar de resolver los problemas utilizando su capacidad intelectual y cient\u00edfica, centr\u00e1ndose principalmente en la educaci\u00f3n de personas cualificadas, dando prioridad a la regi\u00f3n as\u00ed como a las necesidades de los pa\u00edses, como una universidad pionera y l\u00edder para proporcionar un desarrollo sostenible y soluciones a los problemas con el fin de mejorar el bienestar y la paz en la sociedad.<\/p>\n<p>[\/et_pb_text][et_pb_blurb title=\u00bbAlanya Alaaddin Keykubat University\u00bb icon_placement=\u00bbleft\u00bb _builder_version=\u00bb3.21.4&#8243; header_font=\u00bbMontserrat|600|||||||\u00bb header_font_size=\u00bb20px\u00bb body_font_size=\u00bb16px\u00bb body_line_height=\u00bb1.8em\u00bb animation_style=\u00bbfold\u00bb animation_direction=\u00bbbottom\u00bb animation_intensity_fold=\u00bb20%\u00bb animation_starting_opacity=\u00bb100%\u00bb z_index_tablet=\u00bb500&#8243;]<\/p>\n<p><strong><span>&nbsp;(Turqu\u00eda) <\/span><\/strong><span><br \/><strong><a href=\"http:\/\/www.alanya.edu.tr\">www.alanya.edu.tr<\/a><a href=\"http:\/\/www.alanya.edu.tr\/\"><\/a><\/strong><\/span><\/p>\n<p><span><strong><\/strong><\/span><\/p>\n<p><span><strong><\/strong><\/span><\/p>\n<p><span><strong><\/strong><\/span><\/p>\n<p>[\/et_pb_blurb][et_pb_text admin_label=\u00bbTitle\u00bb _builder_version=\u00bb3.21.4&#8243; header_2_font=\u00bbMontserrat|600||on|||||\u00bb header_2_text_align=\u00bbcenter\u00bb header_2_font_size=\u00bb30px\u00bb custom_margin=\u00bb||5px|\u00bb animation_style=\u00bbslide\u00bb animation_direction=\u00bbtop\u00bb animation_intensity_slide=\u00bb20%\u00bb animation_starting_opacity=\u00bb100%\u00bb z_index_tablet=\u00bb500&#8243;]<\/p>\n<h2><span lang=\"EN-GB\">Innovaform Nonprofit Ltd<\/span><\/h2>\n<p>[\/et_pb_text][et_pb_text _builder_version=\u00bb3.21.4&#8243; text_font_size=\u00bb16px\u00bb text_line_height=\u00bb1.8em\u00bb max_width=\u00bb90%\u00bb custom_margin=\u00bb|||\u00bb animation_style=\u00bbflip\u00bb animation_direction=\u00bbleft\u00bb animation_intensity_flip=\u00bb30%\u00bb animation_starting_opacity=\u00bb100%\u00bb z_index_tablet=\u00bb500&#8243;]<\/p>\n<p><strong>Innovaform Nonprofit Ltd <\/strong>es un centro educativo especializado en los aspectos relacionales y comunicativos de la vida organizativa. Combinamos diferentes experiencias complementarias desarrolladas en el contexto de diversas actividades europeas e internacionales.<\/p>\n<p>Adem\u00e1s de nuestros programas de educaci\u00f3n y formaci\u00f3n, nuestra empresa se ha fijado el objetivo de aumentar la competitividad en el mercado de los servicios de consultor\u00eda y las asociaciones, ofreciendo constantemente mejores servicios m\u00e1s complejos y personalizados para los agentes econ\u00f3micos y sociales a trav\u00e9s de diferentes programas, proyectos. A trav\u00e9s de nuestra amplia red, creamos, desarrollamos e implementamos enfoques innovadores en el campo de la educaci\u00f3n con la ayuda de nuestro equipo de expertos altamente cualificados de diferentes campos del conocimiento. Creemos que un sistema educativo bien estructurado puede hacer frente al problema del aumento del nivel de desempleo debido al abandono prematuro de la escuela y a los trabajadores adultos con escasa cualificaci\u00f3n.<\/p>\n<p>Nuestros principales servicios son:<\/p>\n<ul>\n<li>Gesti\u00f3n de recursos humanos<\/li>\n<li>Consulta a organizaciones, equipos, grupos, comunidades o individuos<\/li>\n<li>Asistencia t\u00e9cnica especial para iniciativas de cooperaci\u00f3n internacional<\/li>\n<li>Desarrollo de competencias<\/li>\n<li>Educaci\u00f3n y formaci\u00f3n<\/li>\n<\/ul>\n<p>Tenemos tres centros principales: 1. Centro de Entrenamiento, 2. Centro Internacional, 3. Centro Juvenil<\/p>\n<p>Nosotros, en Innovaform creemos que el desarrollo de habilidades y conocimientos no es suficiente para un estilo de vida saludable, productivo y positivo, por lo que involucramos y organizamos eventos deportivos, en nuestro programa, tambi\u00e9n como actividad de sensibilizaci\u00f3n sobre el valor del deporte y la actividad f\u00edsica.<\/p>\n<p>Nuestros objetivos son:<\/p>\n<ul>\n<li>Entregar proyectos con UX (experiencia de usuario) muy utilizable para ayudar a cualquier usuario final, incluso a analistas, estudiantes u otros socios.<\/li>\n<li>Acercar las empresas a sus clientes mediante el desarrollo de aplicaciones espec\u00edficas<\/li>\n<\/ul>\n<p>&nbsp;<\/p>\n<p>Nuestro equipo creativo es responsable de las campa\u00f1as de relaciones p\u00fablicas y de marketing.<\/p>\n<p>Tenemos contacto con la juventud, ya que operamos un programa de pr\u00e1cticas para estudiantes universitarios.<\/p>\n<p>[\/et_pb_text][et_pb_blurb title=\u00bbInnovaform Kozhasznu Nonprofit KFT \u00bb icon_placement=\u00bbleft\u00bb _builder_version=\u00bb3.21.4&#8243; header_font=\u00bbMontserrat|600|||||||\u00bb header_font_size=\u00bb20px\u00bb body_font_size=\u00bb16px\u00bb body_line_height=\u00bb1.8em\u00bb animation_style=\u00bbfold\u00bb animation_direction=\u00bbbottom\u00bb animation_intensity_fold=\u00bb20%\u00bb animation_starting_opacity=\u00bb100%\u00bb z_index_tablet=\u00bb500&#8243;]<\/p>\n<p><strong><span>(Hungr\u00eda) <\/span><\/strong><span><strong><a href=\"http:\/\/www.innovaform.hu\">www.innovaform.hu<\/a><a href=\"http:\/\/www.innovaform.hu\/\"><\/a><\/strong><\/span><\/p>\n<p><span><strong><\/strong><\/span><\/p>\n<p><span><strong><\/strong><\/span><\/p>\n<p>[\/et_pb_blurb][\/et_pb_column][et_pb_column type=\u00bb1_2&#8243;][et_pb_text admin_label=\u00bbTitle\u00bb _builder_version=\u00bb3.21.4&#8243; text_font=\u00bb||||||||\u00bb header_font=\u00bb||||||||\u00bb header_2_font=\u00bbMontserrat|600||on|||||\u00bb header_2_text_align=\u00bbcenter\u00bb header_2_font_size=\u00bb30px\u00bb custom_margin=\u00bb||5px|\u00bb animation_style=\u00bbslide\u00bb animation_direction=\u00bbtop\u00bb animation_intensity_slide=\u00bb20%\u00bb animation_starting_opacity=\u00bb100%\u00bb]<\/p>\n<h2>ProMAs<\/h2>\n<p>[\/et_pb_text][et_pb_text _builder_version=\u00bb3.21.4&#8243; text_font_size=\u00bb16px\u00bb text_line_height=\u00bb1.8em\u00bb max_width=\u00bb90%\u00bb custom_margin=\u00bb|||\u00bb animation_style=\u00bbflip\u00bb animation_direction=\u00bbleft\u00bb animation_intensity_flip=\u00bb30%\u00bb animation_starting_opacity=\u00bb100%\u00bb z_index_tablet=\u00bb500&#8243;]<\/p>\n<p>ProMAs es una asociaci\u00f3n de profesores, ingenieros y formadores cuyo principal objetivo es facilitar el acceso al aprendizaje como una forma de mejorar la calidad de vida. Nuestros miembros est\u00e1n involucrados en la educaci\u00f3n de adultos y est\u00e1n certificados como formadores, formadores de formadores, especialistas en sistemas de calidad, con experiencia en proyectos de investigaci\u00f3n multidisciplinarios internacionales.<\/p>\n<p><strong>Nuestros miembros <\/strong>colaboran con las instituciones sociales, educativas y profesionales, centros de formaci\u00f3n de adultos de la regi\u00f3n en el \u00e1mbito de la promoci\u00f3n de m\u00e9todos innovadores, en el uso de la tutor\u00eda para proporcionar conocimientos y competencias clave.<\/p>\n<p>Nuestra organizaci\u00f3n tiene <strong>experiencia en las siguientes \u00e1reas<\/strong>: difusi\u00f3n y valorizaci\u00f3n, desarrollo de contenidos de e-learning, formaci\u00f3n e investigaci\u00f3n interdisciplinaria, blended learning, mentoring, prueba de los contenidos en formaciones piloto. Proporcionamos a todos los grupos <strong>destinatarios del proyecto<\/strong>: adultos, j\u00f3venes, formadores, responsables de la toma de decisiones, beneficiarios indirectos del proyecto. Hemos organizado a partir de 2007 muchas actividades locales, regionales y nacionales, como conferencias y simposios. ProMas organiz\u00f3 campa\u00f1as sobre diferentes temas: discriminaci\u00f3n relacionada con la etnia, el g\u00e9nero, la religi\u00f3n, la xenofobia, la discapacidad y la integraci\u00f3n de las personas con discapacidad, la gesti\u00f3n educativa, la comunicaci\u00f3n activa, la vida activa, la vida sana, la violencia y la violencia dom\u00e9stica, la seguridad en el trabajo, la educaci\u00f3n intercultural, la planificaci\u00f3n de la carrera.<\/p>\n<p>Los miembros de ProMas tienen experiencia en la cooperaci\u00f3n de la UE (como socio\/promotor) en los programas de la UE: <strong>+20 SOCRATES-GRUNDTVIG LLL, 4 COMENIUS, 1 COMENIUS Multilateral, 3 LEONARDO TOI, 2 LEONARDO pr\u00e1cticas y movilidad, 2Erasmus+ <\/strong>projects. En nuestros proyectos desempe\u00f1amos un papel activo en: el estudio de la forma en que el proyecto responder\u00e1 a la adquisici\u00f3n de competencias clave para el aprendizaje permanente que son cruciales para el \u00e9xito, la prueba de la plataforma de aprendizaje electr\u00f3nico, el dise\u00f1o y la aplicaci\u00f3n de la estrategia de difusi\u00f3n y valorizaci\u00f3n, la preparaci\u00f3n de actividades experimentales de transferencia de los recursos del proyecto, el dise\u00f1o y la aplicaci\u00f3n de la evaluaci\u00f3n interna del proyecto.<\/p>\n<p>[\/et_pb_text][et_pb_blurb title=\u00bbAsociaci\u00f3n de Gesti\u00f3n de Proyectos\u00bb icon_placement=\u00bbleft\u00bb _builder_version=\u00bb3.21.4&#8243; header_font=\u00bbMontserrat|600|||||||\u00bb header_font_size=\u00bb20px\u00bb body_font_size=\u00bb16px\u00bb body_line_height=\u00bb1.8em\u00bb animation_style=\u00bbfold\u00bb animation_direction=\u00bbbottom\u00bb animation_intensity_fold=\u00bb20%\u00bb animation_starting_opacity=\u00bb100%\u00bb z_index_tablet=\u00bb500&#8243;]<\/p>\n<p><strong><span>&nbsp;(Rumania)&nbsp; <br \/><\/span><\/strong><span><strong><a href=\"http:\/\/www.promasprojects.ro\">www.promasprojects.ro<\/a><\/strong><\/span><\/p>\n<p>&nbsp;<\/p>\n<p>[\/et_pb_blurb][et_pb_text admin_label=\u00bbTitle\u00bb _builder_version=\u00bb3.21.4&#8243; text_font=\u00bb||||||||\u00bb header_font=\u00bb||||||||\u00bb header_2_font=\u00bbMontserrat|600||on|||||\u00bb header_2_text_align=\u00bbcenter\u00bb header_2_font_size=\u00bb30px\u00bb custom_margin=\u00bb||5px|\u00bb animation_style=\u00bbslide\u00bb animation_direction=\u00bbtop\u00bb animation_intensity_slide=\u00bb20%\u00bb animation_starting_opacity=\u00bb100%\u00bb]<\/p>\n<h2><span lang=\"EN-GB\">IES Ribeira Do Louro (IESRdL)<\/span><\/h2>\n<p>[\/et_pb_text][et_pb_text _builder_version=\u00bb3.21.4&#8243; text_font_size=\u00bb16px\u00bb text_line_height=\u00bb1.8em\u00bb max_width=\u00bb90%\u00bb custom_margin=\u00bb|||\u00bb animation_style=\u00bbflip\u00bb animation_direction=\u00bbleft\u00bb animation_intensity_flip=\u00bb30%\u00bb animation_starting_opacity=\u00bb100%\u00bb z_index_tablet=\u00bb500&#8243;]<\/p>\n<p>El <strong>IES Ribeira Do Louro (IESRdL) <\/strong>es una escuela de ense\u00f1anza secundaria que imparte cursos de educaci\u00f3n general, formaci\u00f3n profesional y educaci\u00f3n para adultos. Est\u00e1 situado en Porri\u00f1o (Pontevedra), en el suroeste de Espa\u00f1a, junto a Vigo. La IESRdL cuenta con aproximadamente 700 estudiantes y 80 profesores y ofrece, entre otros cursos especializados, cursos de formaci\u00f3n de nivel avanzado en Comercio Internacional, Gesti\u00f3n Administrativa y Financiera y Sistemas de Telecomunicaciones y Tecnolog\u00eda de la Informaci\u00f3n.<\/p>\n<p><strong>Tecnolog\u00eda.<\/strong><\/p>\n<p>La escuela tiene una amplia experiencia en la ejecuci\u00f3n de proyectos europeos de investigaci\u00f3n y movilidad. El IES RdL ha participado, tanto como promotor\/coordinador como socio, en diferentes proyectos en el marco del Programa de Aprendizaje Permanente, Leonardo da Vinci y el Programa S\u00f3crates, Interreg y otros proyectos nacionales. Adem\u00e1s, IES RdL ha participado en proyectos de movilidad desde 1996, como organizaci\u00f3n de acogida y de env\u00edo. Ha llevado a cabo m\u00e1s de 400 colocaciones de estudiantes y profesores en el marco de proyectos de movilidad del Programa de Aprendizaje Permanente y del Gobierno Regional. La IES RdL tambi\u00e9n ha participado en un Interreg III en 2001\/2004 -PPIER.<\/p>\n<p>Amador Ord\u00f3\u00f1ez profesor de Negocios Internacionales con formaci\u00f3n en econom\u00eda. Con una amplia experiencia en la coordinaci\u00f3n de proyectos europeos desde 1996, fue coordinador de EMPORT -Improve Employability and Enhance European Competitiveness through the Acquisition of Language and Cultural Competences in Portuguese, y del proyecto ARBAX, relacionado con la prevenci\u00f3n del acoso escolar (www.schoolbullying.eu). Ha sido coordinador en diferentes proyectos donde se desarrollaron cursos de idiomas, por favor, consultar www.chinesecom.eu (curso de chino multimedia) y www.linguasnet.com (4 cursos de idiomas de nivel inicial, ingl\u00e9s, espa\u00f1ol, rumano y portugu\u00e9s para inmigrantes). Tambi\u00e9n ha coordinado dos proyectos diferentes relacionados con los roman\u00edes (gitanos), Travelcom, donde se desarroll\u00f3 un curso de Comercio y Marketing para mejorar las competencias de los gitanos y los viajeros con el fin de mejorar el acceso y la permanencia en el mercado de trabajo, y en 2000 coordin\u00f3 un proyecto Comenius 2 titulado \u00abNuevas herramientas para la formaci\u00f3n de los viajeros\u00bb, donde se desarroll\u00f3 un Curso de Matem\u00e1ticas y Lenguaje para la educaci\u00f3n primaria. Ha coordinado el proyecto Romaninet, que ha desarrollado un curso de lengua roman\u00ed multimedia que ha sido aprobado en el marco del Programa LLPTransversal &#8211; Multilateral- Actividad clave 2.<\/p>\n<p>[\/et_pb_text][et_pb_blurb title=\u00bbIES Ribeira do Louro\u00bb icon_placement=\u00bbleft\u00bb _builder_version=\u00bb3.21.4&#8243; header_font=\u00bbMontserrat|600|||||||\u00bb header_font_size=\u00bb20px\u00bb body_font_size=\u00bb16px\u00bb body_line_height=\u00bb1.8em\u00bb animation_style=\u00bbfold\u00bb animation_direction=\u00bbbottom\u00bb animation_intensity_fold=\u00bb20%\u00bb animation_starting_opacity=\u00bb100%\u00bb z_index_tablet=\u00bb500&#8243;]<\/p>\n<p><strong><span>&nbsp;(Espa\u00f1a) <\/span><\/strong><span><a href=\"http:\/\/www.ribeira.org\/\"><strong>www.ribeira.org<\/strong><\/a><\/span><\/p>\n<p>[\/et_pb_blurb][\/et_pb_column][\/et_pb_row][\/et_pb_section][et_pb_section bb_built=\u00bb1&#8243; _builder_version=\u00bb3.21.4&#8243; custom_padding=\u00bb42px|0px|28px|0px|false|false\u00bb saved_tabs=\u00bball\u00bb prev_background_color=\u00bb#000000&#8243; global_module=\u00bb323&#8243;][et_pb_row global_parent=\u00bb323&#8243; _builder_version=\u00bb3.21.4&#8243; custom_padding=\u00bb0|0px|0|0px|false|false\u00bb][et_pb_column type=\u00bb4_4&#8243;][et_pb_image global_parent=\u00bb323&#8243; align=\u00bbcenter\u00bb max_width=\u00bb35%\u00bb src=\u00bbhttp:\/\/career-academy.eu\/wp-content\/uploads\/2019\/12\/logo_ab_baskanligi_yazisiz.png\u00bb _builder_version=\u00bb3.21.4&#8243; module_alignment=\u00bbcenter\u00bb \/][\/et_pb_column][\/et_pb_row][\/et_pb_section]<\/p>","protected":false},"excerpt":{"rendered":"<p>SOCIOS THE UNIVERSITY OF SOCIAL SCIENCES La UNIVERSITY OF SOCIAL SCIENCES\u00a0 es una de las universidades privadas m\u00e1s grandes y con m\u00e1s experiencia de Polonia, con m\u00e1s de 25 a\u00f1os de experiencia. Ofrece educaci\u00f3n a nivel de licenciatura, posgrado, MBA y doctorado en las principales ciudades de Polonia y en el campus de la sucursal [&hellip;]<\/p>\n","protected":false},"author":1,"featured_media":0,"parent":0,"menu_order":0,"comment_status":"closed","ping_status":"closed","template":"","meta":{"_et_pb_use_builder":"on","_et_pb_old_content":"","_et_gb_content_width":""},"_links":{"self":[{"href":"https:\/\/career-academy.eu\/es\/wp-json\/wp\/v2\/pages\/60"}],"collection":[{"href":"https:\/\/career-academy.eu\/es\/wp-json\/wp\/v2\/pages"}],"about":[{"href":"https:\/\/career-academy.eu\/es\/wp-json\/wp\/v2\/types\/page"}],"author":[{"embeddable":true,"href":"https:\/\/career-academy.eu\/es\/wp-json\/wp\/v2\/users\/1"}],"replies":[{"embeddable":true,"href":"https:\/\/career-academy.eu\/es\/wp-json\/wp\/v2\/comments?post=60"}],"version-history":[{"count":52,"href":"https:\/\/career-academy.eu\/es\/wp-json\/wp\/v2\/pages\/60\/revisions"}],"predecessor-version":[{"id":445,"href":"https:\/\/career-academy.eu\/es\/wp-json\/wp\/v2\/pages\/60\/revisions\/445"}],"wp:attachment":[{"href":"https:\/\/career-academy.eu\/es\/wp-json\/wp\/v2\/media?parent=60"}],"curies":[{"name":"wp","href":"https:\/\/api.w.org\/{rel}","templated":true}]}}