{"id":4,"date":"2018-07-02T20:34:40","date_gmt":"2018-07-02T20:34:40","guid":{"rendered":"http:\/\/career-academy.eu\/?page_id=4"},"modified":"2020-01-30T14:11:29","modified_gmt":"2020-01-30T14:11:29","slug":"home","status":"publish","type":"page","link":"https:\/\/career-academy.eu\/es\/","title":{"rendered":"INICIO"},"content":{"rendered":"<p>[et_pb_section fb_built=\u00bb1&#8243; admin_label=\u00bbHero Section\u00bb _builder_version=\u00bb3.21.4&#8243; use_background_color_gradient=\u00bbon\u00bb background_color_gradient_start=\u00bb#f7f7f7&#8243; background_color_gradient_end=\u00bbrgba(0,0,0,0.4)\u00bb background_color_gradient_direction=\u00bb3deg\u00bb background_color_gradient_start_position=\u00bb12%\u00bb background_color_gradient_end_position=\u00bb12%\u00bb background_color_gradient_overlays_image=\u00bbon\u00bb background_image=\u00bbhttp:\/\/career-academy.eu\/wp-content\/uploads\/2018\/07\/writer-06.jpg\u00bb background_position=\u00bbcenter_right\u00bb custom_padding=\u00bb10%||10.8%||false|false\u00bb][et_pb_row _builder_version=\u00bb3.21.4&#8243; background_size=\u00bbinitial\u00bb background_position=\u00bbtop_left\u00bb background_repeat=\u00bbrepeat\u00bb][et_pb_column type=\u00bb4_4&#8243; _builder_version=\u00bb3.0.47&#8243;][et_pb_text admin_label=\u00bbHero Section Title\u00bb _builder_version=\u00bb3.21.4&#8243; text_font=\u00bb|||on|||||\u00bb header_font=\u00bbMontserrat|600|||||||\u00bb header_font_size=\u00bb48px\u00bb header_font_size_phone=\u00bb28px\u00bb header_font_size_last_edited=\u00bbon|phone\u00bb header_letter_spacing=\u00bb3px\u00bb header_line_height=\u00bb1.3em\u00bb header_2_font=\u00bbMontserrat|700|||||||\u00bb header_2_text_color=\u00bbrgba(255,255,255,0.6)\u00bb header_2_font_size=\u00bb90px\u00bb header_2_font_size_phone=\u00bb50px\u00bb header_2_font_size_last_edited=\u00bbon|phone\u00bb header_2_letter_spacing=\u00bb3px\u00bb header_2_line_height=\u00bb1.1em\u00bb text_orientation=\u00bbcenter\u00bb background_layout=\u00bbdark\u00bb module_alignment=\u00bbcenter\u00bb custom_margin=\u00bb||60px|\u00bb animation_style=\u00bbslide\u00bb animation_direction=\u00bbbottom\u00bb animation_intensity_slide=\u00bb5%\u00bb]<\/p>\n<h2>Career guide<\/h2>\n<h1>and APP for Employees<\/h1>\n<p>[\/et_pb_text][et_pb_button button_text=\u00bbM\u00e1s informaci\u00f3n\u00bb button_alignment=\u00bbcenter\u00bb admin_label=\u00bbButton\u00bb _builder_version=\u00bb3.21.4&#8243; custom_button=\u00bbon\u00bb button_text_size=\u00bb16px\u00bb button_text_color=\u00bb#000000&#8243; button_bg_color=\u00bb#edf000&#8243; button_border_width=\u00bb0px\u00bb button_letter_spacing=\u00bb2px\u00bb button_font=\u00bbMontserrat|600||on|||||\u00bb custom_margin=\u00bb|||\u00bb custom_padding=\u00bb12px||12px|\u00bb animation_style=\u00bbfade\u00bb z_index_tablet=\u00bb500&#8243; button_letter_spacing_hover=\u00bb2px\u00bb button_text_size__hover_enabled=\u00bboff\u00bb button_one_text_size__hover_enabled=\u00bboff\u00bb button_two_text_size__hover_enabled=\u00bboff\u00bb button_text_color__hover_enabled=\u00bboff\u00bb button_one_text_color__hover_enabled=\u00bboff\u00bb button_two_text_color__hover_enabled=\u00bboff\u00bb button_border_width__hover_enabled=\u00bboff\u00bb button_one_border_width__hover_enabled=\u00bboff\u00bb button_two_border_width__hover_enabled=\u00bboff\u00bb button_border_color__hover_enabled=\u00bboff\u00bb button_one_border_color__hover_enabled=\u00bboff\u00bb button_two_border_color__hover_enabled=\u00bboff\u00bb button_border_radius__hover_enabled=\u00bboff\u00bb button_one_border_radius__hover_enabled=\u00bboff\u00bb button_two_border_radius__hover_enabled=\u00bboff\u00bb button_letter_spacing__hover_enabled=\u00bbon\u00bb button_letter_spacing__hover=\u00bb2px\u00bb button_one_letter_spacing__hover_enabled=\u00bboff\u00bb button_two_letter_spacing__hover_enabled=\u00bboff\u00bb button_bg_color__hover_enabled=\u00bboff\u00bb button_one_bg_color__hover_enabled=\u00bboff\u00bb button_two_bg_color__hover_enabled=\u00bboff\u00bb]<br \/>\n[\/et_pb_button][\/et_pb_column][\/et_pb_row][\/et_pb_section][et_pb_section fb_built=\u00bb1&#8243; admin_label=\u00bbFooter Section\u00bb _builder_version=\u00bb3.0.89&#8243; background_image=\u00bbhttp:\/\/career-academy.eu\/wp-content\/uploads\/2018\/07\/10_img.jpg\u00bb background_position=\u00bbtop_center\u00bb custom_padding=\u00bb90px||90px|\u00bb][et_pb_row custom_padding=\u00bb|||\u00bb custom_margin=\u00bb|||\u00bb admin_label=\u00bbFooter Area\u00bb _builder_version=\u00bb3.0.89&#8243; locked=\u00bboff\u00bb][et_pb_column type=\u00bb1_2&#8243; _builder_version=\u00bb3.0.47&#8243;][et_pb_text admin_label=\u00bbTitle\u00bb _builder_version=\u00bb3.21.4&#8243; header_2_font=\u00bbMontserrat|600||on|||||\u00bb header_2_font_size=\u00bb30px\u00bb header_2_line_height=\u00bb1.5em\u00bb custom_margin=\u00bb||5px|\u00bb animation_style=\u00bbslide\u00bb animation_direction=\u00bbtop\u00bb animation_intensity_slide=\u00bb20%\u00bb animation_starting_opacity=\u00bb100%\u00bb z_index_tablet=\u00bb500&#8243;]<\/p>\n<h2>Grupo objetivo<\/h2>\n<p>[\/et_pb_text][et_pb_divider show_divider=\u00bboff\u00bb _builder_version=\u00bb3.21.4&#8243; max_width=\u00bb23px\u00bb animation_style=\u00bbslide\u00bb]<br \/>\n[\/et_pb_divider][et_pb_text _builder_version=\u00bb3.21.4&#8243; text_text_color=\u00bb#000000&#8243; text_font_size=\u00bb16px\u00bb text_line_height=\u00bb1.8em\u00bb background_layout=\u00bbdark\u00bb z_index_tablet=\u00bb500&#8243;]<\/p>\n<p><span lang=\"ES\">El grupo objetivo del proyecto propuesto incluir\u00e1 a todos los empleados y las personas que van a comenzar a trabajar en un futuro pr\u00f3ximo. Por lo tanto, la gu\u00eda del proyecto y la aplicaci\u00f3n m\u00f3vil que se desarrollar\u00e1n ser\u00e1n \u00fatiles para todos los empleados y para las personas que van a comenzar a trabajar en un futuro pr\u00f3ximo. El principal objetivo para la selecci\u00f3n de este grupo objetivo es la planificaci\u00f3n de la carrera profesional como una necesidad importante para las personas para los pa\u00edses involucrados.<\/span><\/p>\n<p>[\/et_pb_text][\/et_pb_column][et_pb_column type=\u00bb1_2&#8243; _builder_version=\u00bb3.0.47&#8243;][\/et_pb_column][\/et_pb_row][\/et_pb_section][et_pb_section fb_built=\u00bb1&#8243; _builder_version=\u00bb3.0.91&#8243; custom_padding=\u00bb0px|0px|0px|0px\u00bb][et_pb_row make_fullwidth=\u00bbon\u00bb use_custom_gutter=\u00bbon\u00bb gutter_width=\u00bb1&#8243; custom_padding=\u00bb0px||0px|\u00bb make_equal=\u00bbon\u00bb background_color_2=\u00bb#002982&#8243; bg_img_1=\u00bbhttp:\/\/career-academy.eu\/wp-content\/uploads\/2018\/07\/13_img.jpg\u00bb parallax_1=\u00bbon\u00bb background_size_1=\u00bbcover\u00bb background_repeat_1=\u00bbrepeat\u00bb background_blend_1=\u00bbnormal\u00bb use_background_color_gradient_1=\u00bbon\u00bb background_color_gradient_start_1=\u00bbrgba(43,135,218,0)\u00bb background_color_gradient_end_1=\u00bb#f46624&#8243; background_color_gradient_direction_1=\u00bb105deg\u00bb background_color_gradient_start_position_1=\u00bb80%\u00bb background_color_gradient_end_position_1=\u00bb80%\u00bb background_color_gradient_overlays_image_1=\u00bbon\u00bb padding_top_2=\u00bb170px\u00bb padding_right_2=\u00bb10%\u00bb padding_bottom_2=\u00bb170px\u00bb padding_left_2=\u00bb10%\u00bb admin_label=\u00bbFeature Area\u00bb _builder_version=\u00bb3.0.105&#8243;][et_pb_column type=\u00bb1_2&#8243; _builder_version=\u00bb3.0.47&#8243;][\/et_pb_column][et_pb_column type=\u00bb1_2&#8243; _builder_version=\u00bb3.0.47&#8243;][et_pb_text admin_label=\u00bbTitle\u00bb _builder_version=\u00bb3.21.4&#8243; header_2_font=\u00bbMontserrat|600||on|||||\u00bb header_2_font_size=\u00bb30px\u00bb header_2_line_height=\u00bb1.5em\u00bb background_layout=\u00bbdark\u00bb custom_margin=\u00bb||5px|\u00bb animation_style=\u00bbfold\u00bb animation_direction=\u00bbleft\u00bb animation_intensity_fold=\u00bb20%\u00bb animation_starting_opacity=\u00bb100%\u00bb z_index_tablet=\u00bb500&#8243; locked=\u00bboff\u00bb]<\/p>\n<h2 class=\"PreformattedText\"><span lang=\"HU\">Objetivos<\/span><\/h2>\n<p>[\/et_pb_text][et_pb_divider color=\u00bb#ffffff\u00bb divider_weight=\u00bb3px\u00bb _builder_version=\u00bb3.2&#8243; max_width=\u00bb23px\u00bb custom_padding=\u00bb||20px|\u00bb animation_style=\u00bbfade\u00bb locked=\u00bboff\u00bb]<br \/>\n[\/et_pb_divider][et_pb_text _builder_version=\u00bb3.21.4&#8243; text_font_size=\u00bb16px\u00bb text_line_height=\u00bb1.8em\u00bb background_layout=\u00bbdark\u00bb z_index_tablet=\u00bb500&#8243;]<\/p>\n<p>Nuestro proyecto tiene como objetivo producir materiales educativos innovadores mediante los cuales los empleados puedan planificar sus carreras; desarrollar aplicaciones mediante las cuales los empleados puedan medir sus habilidades y competencias, ya que, en la vida empresarial actual, es un hecho que la gesti\u00f3n de los seres humanos y sus esfuerzos son los factores esenciales para el \u00e9xito de todas las organizaciones.<\/p>\n<p>[\/et_pb_text][\/et_pb_column][\/et_pb_row][\/et_pb_section][et_pb_section fb_built=\u00bb1&#8243; _builder_version=\u00bb3.21.4&#8243; custom_padding=\u00bb42px|0px|28px|0px|false|false\u00bb global_module=\u00bb323&#8243; saved_tabs=\u00bball\u00bb][et_pb_row _builder_version=\u00bb3.21.4&#8243; custom_padding=\u00bb0|0px|0|0px|false|false\u00bb][et_pb_column type=\u00bb4_4&#8243; _builder_version=\u00bb3.21.4&#8243;][et_pb_image align=\u00bbcenter\u00bb max_width=\u00bb35%\u00bb src=\u00bbhttp:\/\/career-academy.eu\/wp-content\/uploads\/2019\/12\/logo_ab_baskanligi_yazisiz.png\u00bb _builder_version=\u00bb3.21.4&#8243; module_alignment=\u00bbcenter\u00bb][\/et_pb_image][\/et_pb_column][\/et_pb_row][\/et_pb_section]<\/p>","protected":false},"excerpt":{"rendered":"<p>Career guide and APP for Employees Grupo objetivo El grupo objetivo del proyecto propuesto incluir\u00e1 a todos los empleados y las personas que van a comenzar a trabajar en un futuro pr\u00f3ximo. Por lo tanto, la gu\u00eda del proyecto y la aplicaci\u00f3n m\u00f3vil que se desarrollar\u00e1n ser\u00e1n \u00fatiles para todos los empleados y para las [&hellip;]<\/p>\n","protected":false},"author":1,"featured_media":0,"parent":0,"menu_order":0,"comment_status":"closed","ping_status":"closed","template":"","meta":{"_et_pb_use_builder":"on","_et_pb_old_content":"","_et_gb_content_width":""},"_links":{"self":[{"href":"https:\/\/career-academy.eu\/es\/wp-json\/wp\/v2\/pages\/4"}],"collection":[{"href":"https:\/\/career-academy.eu\/es\/wp-json\/wp\/v2\/pages"}],"about":[{"href":"https:\/\/career-academy.eu\/es\/wp-json\/wp\/v2\/types\/page"}],"author":[{"embeddable":true,"href":"https:\/\/career-academy.eu\/es\/wp-json\/wp\/v2\/users\/1"}],"replies":[{"embeddable":true,"href":"https:\/\/career-academy.eu\/es\/wp-json\/wp\/v2\/comments?post=4"}],"version-history":[{"count":67,"href":"https:\/\/career-academy.eu\/es\/wp-json\/wp\/v2\/pages\/4\/revisions"}],"predecessor-version":[{"id":421,"href":"https:\/\/career-academy.eu\/es\/wp-json\/wp\/v2\/pages\/4\/revisions\/421"}],"wp:attachment":[{"href":"https:\/\/career-academy.eu\/es\/wp-json\/wp\/v2\/media?parent=4"}],"curies":[{"name":"wp","href":"https:\/\/api.w.org\/{rel}","templated":true}]}}