{"id":2,"date":"2018-06-22T10:12:36","date_gmt":"2018-06-22T10:12:36","guid":{"rendered":"http:\/\/career-academy.eu\/?page_id=2"},"modified":"2020-02-05T09:44:36","modified_gmt":"2020-02-05T09:44:36","slug":"about","status":"publish","type":"page","link":"http:\/\/career-academy.eu\/es\/about\/","title":{"rendered":"PRODUCTOS"},"content":{"rendered":"<p>[et_pb_section bb_built=\u00bb1&#8243; admin_label=\u00bbHero Section\u00bb _builder_version=\u00bb3.0.91&#8243; use_background_color_gradient=\u00bbon\u00bb background_color_gradient_start=\u00bb#ffffff\u00bb background_color_gradient_end=\u00bbrgba(0,0,0,0.4)\u00bb background_color_gradient_direction=\u00bb3deg\u00bb background_color_gradient_start_position=\u00bb12%\u00bb background_color_gradient_end_position=\u00bb12%\u00bb background_color_gradient_overlays_image=\u00bbon\u00bb background_image=\u00bbhttp:\/\/career-academy.eu\/wp-content\/uploads\/2018\/07\/16_img.jpg\u00bb background_position=\u00bbcenter_right\u00bb custom_padding=\u00bb6%||6%|\u00bb next_background_color=\u00bb#ffffff\u00bb][et_pb_row admin_label=\u00bbPage Title Area\u00bb _builder_version=\u00bb3.0.89&#8243;][et_pb_column type=\u00bb4_4&#8243;][et_pb_text admin_label=\u00bbHero Section Title\u00bb _builder_version=\u00bb3.21.4&#8243; text_font=\u00bbMontserrat||||||||\u00bb text_font_size=\u00bb18px\u00bb text_line_height=\u00bb1.8em\u00bb header_font=\u00bbMontserrat|600||on|||||\u00bb header_font_size=\u00bb48px\u00bb header_font_size_phone=\u00bb28px\u00bb header_font_size_last_edited=\u00bbon|phone\u00bb header_letter_spacing=\u00bb3px\u00bb header_line_height=\u00bb1.3em\u00bb header_2_font=\u00bbMontserrat|700|||||||\u00bb header_2_text_color=\u00bbrgba(255,255,255,0.6)\u00bb header_2_font_size=\u00bb90px\u00bb header_2_font_size_phone=\u00bb50px\u00bb header_2_font_size_last_edited=\u00bbon|phone\u00bb header_2_letter_spacing=\u00bb3px\u00bb header_2_line_height=\u00bb1.1em\u00bb text_orientation=\u00bbcenter\u00bb background_layout=\u00bbdark\u00bb max_width=\u00bb700px\u00bb module_alignment=\u00bbcenter\u00bb custom_margin=\u00bb|||\u00bb animation_style=\u00bbfade\u00bb animation_direction=\u00bbbottom\u00bb z_index_tablet=\u00bb500&#8243;]<\/p>\n<h1>PRODUCTOS<\/h1>\n<p>[\/et_pb_text][\/et_pb_column][\/et_pb_row][\/et_pb_section][et_pb_section bb_built=\u00bb1&#8243; admin_label=\u00bbService Section\u00bb _builder_version=\u00bb3.0.89&#8243; custom_padding=\u00bb34px||33px||false|false\u00bb prev_background_color=\u00bb#000000&#8243; next_background_color=\u00bb#f7f7f7&#8243;][et_pb_row admin_label=\u00bbSection Title\u00bb custom_padding=\u00bb27px|0px|27px|0px\u00bb custom_margin=\u00bb|||\u00bb _builder_version=\u00bb3.0.91&#8243; locked=\u00bboff\u00bb][et_pb_column type=\u00bb4_4&#8243;][et_pb_text admin_label=\u00bbTitle\u00bb _builder_version=\u00bb3.21.4&#8243; header_2_font=\u00bbMontserrat|600||on|||||\u00bb header_2_font_size=\u00bb30px\u00bb header_2_line_height=\u00bb1.5em\u00bb text_orientation=\u00bbcenter\u00bb custom_margin=\u00bb||5px|\u00bb animation_style=\u00bbslide\u00bb animation_direction=\u00bbtop\u00bb animation_intensity_slide=\u00bb20%\u00bb animation_starting_opacity=\u00bb100%\u00bb z_index_tablet=\u00bb500&#8243;]<\/p>\n<h2>PRODUCTOS<\/h2>\n<p>[\/et_pb_text][et_pb_divider show_divider=\u00bboff\u00bb _builder_version=\u00bb3.2&#8243; max_width=\u00bb23px\u00bb module_alignment=\u00bbcenter\u00bb animation_style=\u00bbslide\u00bb animation_direction=\u00bbtop\u00bb animation_intensity_slide=\u00bb20%\u00bb animation_starting_opacity=\u00bb100%\u00bb]<\/p>\n<p>[\/et_pb_divider][\/et_pb_column][\/et_pb_row][et_pb_row _builder_version=\u00bb3.0.105&#8243;][et_pb_column type=\u00bb4_4&#8243;][et_pb_text _builder_version=\u00bb3.21.4&#8243; z_index_tablet=\u00bb500&#8243;]<\/p>\n<p>Dentro del alcance de nuestro proyecto, se desarrollar\u00e1 un an\u00e1lisis de necesidades, una gu\u00eda de planificaci\u00f3n de la carrera profesional y una aplicaci\u00f3n m\u00f3vil para los empleados. En primer lugar, se realizar\u00e1 una revisi\u00f3n de la literatura y una encuesta sobre el tema de la planificaci\u00f3n de la carrera. Luego, con base en los resultados del an\u00e1lisis de necesidades, se preparar\u00e1 una gu\u00eda de planificaci\u00f3n de la carrera profesional en tres niveles. Posteriormente, la aplicaci\u00f3n m\u00f3vil se desarrollar\u00e1 sobre la base de la gu\u00eda de carrera.<\/p>\n<p>[\/et_pb_text][\/et_pb_column][\/et_pb_row][\/et_pb_section][et_pb_section bb_built=\u00bb1&#8243; admin_label=\u00bbServices Descriptions Section\u00bb _builder_version=\u00bb3.0.91&#8243; background_color=\u00bb#f7f7f7&#8243; custom_padding=\u00bb90px||90px|\u00bb prev_background_color=\u00bb#ffffff\u00bb next_background_color=\u00bb#ffffff\u00bb][et_pb_row use_custom_gutter=\u00bbon\u00bb gutter_width=\u00bb4&#8243; custom_padding=\u00bb64px|0px|64px|0px\u00bb _builder_version=\u00bb3.0.91&#8243; locked=\u00bboff\u00bb][et_pb_column type=\u00bb1_2&#8243;][et_pb_text admin_label=\u00bbTitle\u00bb _builder_version=\u00bb3.21.4&#8243; header_2_font=\u00bbMontserrat|600||on|||||\u00bb header_2_font_size=\u00bb30px\u00bb header_2_line_height=\u00bb1.5em\u00bb custom_margin=\u00bb||5px|\u00bb animation_style=\u00bbslide\u00bb animation_direction=\u00bbtop\u00bb animation_intensity_slide=\u00bb20%\u00bb animation_starting_opacity=\u00bb100%\u00bb z_index_tablet=\u00bb500&#8243; locked=\u00bboff\u00bb]<\/p>\n<h2>AN\u00c1LISIS<\/h2>\n<p>[\/et_pb_text][et_pb_divider show_divider=\u00bboff\u00bb _builder_version=\u00bb3.2&#8243; max_width=\u00bb23px\u00bb module_alignment=\u00bbleft\u00bb custom_margin=\u00bb||0px|\u00bb animation_style=\u00bbslide\u00bb animation_direction=\u00bbtop\u00bb animation_intensity_slide=\u00bb20%\u00bb animation_starting_opacity=\u00bb100%\u00bb]<\/p>\n<p>[\/et_pb_divider][et_pb_text _builder_version=\u00bb3.21.4&#8243; text_font_size=\u00bb16px\u00bb text_line_height=\u00bb1.8em\u00bb custom_margin=\u00bb|||\u00bb animation_style=\u00bbflip\u00bb animation_intensity_flip=\u00bb30%\u00bb animation_starting_opacity=\u00bb100%\u00bb z_index_tablet=\u00bb500&#8243;]<\/p>\n<p><a href=\"http:\/\/career-academy.eu\/wp-content\/uploads\/2020\/01\/Spain-Need-Analysis-Report.pdf\">Need Analysis Report<\/a><\/p>\n<p><a href=\"http:\/\/career-academy.eu\/wp-content\/uploads\/2019\/12\/Resumen-de-hallazgos-de-la-investigaci\u00f3n-observaciones-finales.pdf\">Resumen de hallazgos de la investigaci\u00f3n \u2013 observaciones finales<\/a><\/p>\n<p><a href=\"http:\/\/career-academy.eu\/wp-content\/uploads\/2020\/01\/e-Book-Career-Management-in-the-Age-of-Industry-4.0.pdf\">e-Book Career Management in the Age of Industry 4.0<\/a><\/p>\n<p><a href=\"http:\/\/career-academy.eu\/wp-content\/uploads\/2020\/01\/IO1_Presentation-of-research-findings.pdf\">IO1_Presentation<\/a><\/p>\n<p><a href=\"http:\/\/career-academy.eu\/wp-content\/uploads\/2020\/01\/Statistical-analysis-of-need-analysis.pdf\">Statistical analysis<\/a><\/p>\n<p>[\/et_pb_text][\/et_pb_column][et_pb_column type=\u00bb1_2&#8243;][et_pb_image src=\u00bbhttp:\/\/career-academy.eu\/wp-content\/uploads\/2018\/07\/writer-illustration_06.png\u00bb _builder_version=\u00bb3.0.91&#8243;]<\/p>\n<p>[\/et_pb_image][\/et_pb_column][\/et_pb_row][et_pb_row use_custom_gutter=\u00bbon\u00bb gutter_width=\u00bb4&#8243; custom_padding=\u00bb64px|0px|64px|0px\u00bb _builder_version=\u00bb3.0.91&#8243;][et_pb_column type=\u00bb1_2&#8243;][et_pb_text admin_label=\u00bbTitle\u00bb _builder_version=\u00bb3.21.4&#8243; header_2_font=\u00bbMontserrat|600||on|||||\u00bb header_2_font_size=\u00bb30px\u00bb header_2_line_height=\u00bb1.5em\u00bb custom_margin=\u00bb||5px|\u00bb animation_style=\u00bbslide\u00bb animation_direction=\u00bbtop\u00bb animation_intensity_slide=\u00bb20%\u00bb animation_starting_opacity=\u00bb100%\u00bb z_index_tablet=\u00bb500&#8243;]<\/p>\n<h2><span lang=\"EN-GB\">GU\u00cdA DE LA CARRERA<\/span><\/h2>\n<p>[\/et_pb_text][et_pb_divider show_divider=\u00bboff\u00bb _builder_version=\u00bb3.21.4&#8243; max_width=\u00bb23px\u00bb module_alignment=\u00bbleft\u00bb custom_margin=\u00bb||0px|\u00bb animation_style=\u00bbslide\u00bb animation_direction=\u00bbtop\u00bb animation_intensity_slide=\u00bb20%\u00bb animation_starting_opacity=\u00bb100%\u00bb]<\/p>\n<p>[\/et_pb_divider][et_pb_text _builder_version=\u00bb3.21.4&#8243; text_font_size=\u00bb16px\u00bb text_line_height=\u00bb1.8em\u00bb custom_margin=\u00bb|||\u00bb animation_style=\u00bbflip\u00bb animation_intensity_flip=\u00bb30%\u00bb animation_starting_opacity=\u00bb100%\u00bb z_index_tablet=\u00bb500&#8243;]<\/p>\n<p>La gu\u00eda del proyecto y la aplicaci\u00f3n m\u00f3vil que se preparar\u00e1n dentro del alcance del proyecto ser\u00e1n para el uso de todos los empleados y las personas que van a entrar en la vida laboral. La gu\u00eda de carrera se preparar\u00e1 de forma que comprenda los siguientes niveles: la planificaci\u00f3n de carrera inicial, intermedia y avanzada. La aplicaci\u00f3n m\u00f3vil se preparar\u00e1 en funci\u00f3n de la gu\u00eda desarrollada.<\/p>\n<p><a href=\"http:\/\/career-academy.eu\/wp-content\/uploads\/2020\/01\/Spanish-version-of-pocket-guide.pdf\">Pocket Guide<\/a><\/p>\n<p>&nbsp;<\/p>\n<p>[\/et_pb_text][\/et_pb_column][et_pb_column type=\u00bb1_2&#8243;][et_pb_text admin_label=\u00bbTitle\u00bb _builder_version=\u00bb3.21.4&#8243; header_2_font=\u00bbMontserrat|600||on|||||\u00bb header_2_font_size=\u00bb30px\u00bb header_2_line_height=\u00bb1.5em\u00bb custom_margin=\u00bb||5px|\u00bb animation_style=\u00bbslide\u00bb animation_direction=\u00bbtop\u00bb animation_intensity_slide=\u00bb20%\u00bb animation_starting_opacity=\u00bb100%\u00bb z_index_tablet=\u00bb500&#8243; locked=\u00bboff\u00bb]<\/p>\n<h2><span lang=\"EN-GB\">APLICACI\u00d3N M\u00d3VIL<\/span><\/h2>\n<p>[\/et_pb_text][et_pb_divider show_divider=\u00bboff\u00bb _builder_version=\u00bb3.21.4&#8243; max_width=\u00bb23px\u00bb module_alignment=\u00bbleft\u00bb custom_margin=\u00bb||0px|\u00bb animation_style=\u00bbslide\u00bb animation_direction=\u00bbtop\u00bb animation_intensity_slide=\u00bb20%\u00bb animation_starting_opacity=\u00bb100%\u00bb]<\/p>\n<p>[\/et_pb_divider][et_pb_text _builder_version=\u00bb3.21.4&#8243; text_font_size=\u00bb16px\u00bb text_line_height=\u00bb1.8em\u00bb custom_margin=\u00bb|||\u00bb animation_style=\u00bbflip\u00bb animation_intensity_flip=\u00bb30%\u00bb animation_starting_opacity=\u00bb100%\u00bb z_index_tablet=\u00bb500&#8243;]<\/p>\n<p><span lang=\"ES\">La aplicaci\u00f3n m\u00f3vil comprender\u00e1 las opciones de niveles inicial, intermedio y avanzado tambi\u00e9n. Los usuarios seleccionar\u00e1n un nivel basado en su estado actual y luego llevar\u00e1n a cabo su planificaci\u00f3n profesional. Por ejemplo, un individuo reci\u00e9n empleado seleccionar\u00e1 el nivel inicial para desarrollar su plan de carrera. Del mismo modo, un empleado en el nivel de experiencia seleccionar\u00e1 el nivel intermedio, y un director llevar\u00e1 a cabo su planificaci\u00f3n de carrera seleccionando el nivel avanzado en la aplicaci\u00f3n m\u00f3vil.<\/span><\/p>\n<p><a href=\"https:\/\/play.google.com\/store\/apps\/details?id=xyz.appmaker.pouxbr\" target=\"_blank\" rel=\"noopener noreferrer\">Descargar app<\/a><\/p>\n<p><a href=\"http:\/\/career-academy.eu\/app\">Versi\u00f3n web<\/a><\/p>\n<p>[\/et_pb_text][\/et_pb_column][\/et_pb_row][\/et_pb_section][et_pb_section bb_built=\u00bb1&#8243; _builder_version=\u00bb3.21.4&#8243; custom_padding=\u00bb42px|0px|28px|0px|false|false\u00bb saved_tabs=\u00bball\u00bb prev_background_color=\u00bb#f7f7f7&#8243; global_module=\u00bb323&#8243;][et_pb_row global_parent=\u00bb323&#8243; _builder_version=\u00bb3.21.4&#8243; custom_padding=\u00bb0|0px|0|0px|false|false\u00bb][et_pb_column type=\u00bb4_4&#8243;][et_pb_image global_parent=\u00bb323&#8243; align=\u00bbcenter\u00bb max_width=\u00bb35%\u00bb src=\u00bbhttp:\/\/career-academy.eu\/wp-content\/uploads\/2019\/12\/logo_ab_baskanligi_yazisiz.png\u00bb _builder_version=\u00bb3.21.4&#8243; module_alignment=\u00bbcenter\u00bb \/][\/et_pb_column][\/et_pb_row][\/et_pb_section]<\/p>","protected":false},"excerpt":{"rendered":"<p>PRODUCTOS PRODUCTOS Dentro del alcance de nuestro proyecto, se desarrollar\u00e1 un an\u00e1lisis de necesidades, una gu\u00eda de planificaci\u00f3n de la carrera profesional y una aplicaci\u00f3n m\u00f3vil para los empleados. En primer lugar, se realizar\u00e1 una revisi\u00f3n de la literatura y una encuesta sobre el tema de la planificaci\u00f3n de la carrera. Luego, con base en [&hellip;]<\/p>\n","protected":false},"author":1,"featured_media":0,"parent":0,"menu_order":0,"comment_status":"closed","ping_status":"closed","template":"","meta":{"_et_pb_use_builder":"on","_et_pb_old_content":"<p>This is an example of a WordPress page, you could edit this to put information about yourself or your site so readers know where you are coming from. You can create as many pages like this one or sub-pages as you like and manage all of your content inside of WordPress.<\/p>","_et_gb_content_width":""},"_links":{"self":[{"href":"http:\/\/career-academy.eu\/es\/wp-json\/wp\/v2\/pages\/2"}],"collection":[{"href":"http:\/\/career-academy.eu\/es\/wp-json\/wp\/v2\/pages"}],"about":[{"href":"http:\/\/career-academy.eu\/es\/wp-json\/wp\/v2\/types\/page"}],"author":[{"embeddable":true,"href":"http:\/\/career-academy.eu\/es\/wp-json\/wp\/v2\/users\/1"}],"replies":[{"embeddable":true,"href":"http:\/\/career-academy.eu\/es\/wp-json\/wp\/v2\/comments?post=2"}],"version-history":[{"count":112,"href":"http:\/\/career-academy.eu\/es\/wp-json\/wp\/v2\/pages\/2\/revisions"}],"predecessor-version":[{"id":481,"href":"http:\/\/career-academy.eu\/es\/wp-json\/wp\/v2\/pages\/2\/revisions\/481"}],"wp:attachment":[{"href":"http:\/\/career-academy.eu\/es\/wp-json\/wp\/v2\/media?parent=2"}],"curies":[{"name":"wp","href":"https:\/\/api.w.org\/{rel}","templated":true}]}}